{"id":36575,"date":"2025-09-01T20:41:58","date_gmt":"2025-09-01T18:41:58","guid":{"rendered":"https:\/\/pomello.ee\/toode\/italwax-vahapatruuna-rullalla-azulene-100-mlainesosat\/"},"modified":"2026-01-17T15:55:43","modified_gmt":"2026-01-17T13:55:43","slug":"italwax-vahapatruuna-rullalla-azulene-100-mlainesosat","status":"publish","type":"product","link":"https:\/\/pomello.ee\/fi\/toode\/italwax-vahapatruuna-rullalla-azulene-100-mlainesosat\/","title":{"rendered":"ITALWAX-vahapatruuna rullalla Azulene 100 mlAinesosat"},"content":{"rendered":"<p><strong>Ominaisuudet<\/strong><\/p>\n<p>Tilavuus: 100 ml<\/p>\n<p>Tyyppi: vahapatruuna rullalla<\/p>\n<p>L\u00e4mmitysl\u00e4mp\u00f6tila: 39\u201340 \u00b0C<\/p>\n<p>P\u00e4\u00e4ainesosa: mehil\u00e4isvaha<\/p>\n<p>Sopii: herk\u00e4lle iholle, herkkien ja vaaleiden karvojen poistoon<\/p>\n<p>Vaha n\u00e4kyy selv\u00e4sti iholla<\/p>\n<p><strong>K\u00e4ytt\u00f6<\/strong><\/p>\n<p>L\u00e4mmit\u00e4 patruuna vahal\u00e4mmittimess\u00e4 40 \u00b0C:een.<\/p>\n<p>Puhdista iho karvanpoistovoiteella.<\/p>\n<p>Levit\u00e4 vahaa ohuena kerroksena karvankasvun suuntaan.<\/p>\n<p>Aseta karvanpoistoliuska iholle, paina sit\u00e4 tiukasti ihoa vasten ja poista se nopealla liikkeell\u00e4 karvankasvun vastakkaiseen suuntaan.<\/p>\n<p>Samaa aluetta ei suositella vahattavaksi useammin kuin kahdesti.<\/p>\n<p>Poista toimenpiteen j\u00e4lkeen vahaj\u00e4\u00e4m\u00e4t erityisell\u00e4 voiteella.<\/p>\n","protected":false},"excerpt":{"rendered":"<p><strong>ITALWAX-vahakasetti rullalla Azulene 100 ml<\/strong><\/p>\n<p><strong>Kuvaus<\/strong><br \/>\nItalwax Azulene on l\u00e4pin\u00e4kyv\u00e4, rasvaliukoinen karvanpoistovaha hienojen ja vaaleiden karvojen poistoon. Vaha sis\u00e4lt\u00e4\u00e4 kamomillauutetta, jolla on antiseptinen vaikutus, samalla se auttaa rauhoittamaan ihoa ja v\u00e4hent\u00e4m\u00e4\u00e4n \u00e4rsytyst\u00e4.<\/p>\n<p>Korkean tarttuvuutensa ansiosta vaha tarttuu tiukasti jopa hienompiin karvoihin, mik\u00e4 tekee toimenpiteest\u00e4 tehokkaamman ja v\u00e4hemm\u00e4n kivuliaan.<\/p>\n<p><strong>Azulene<\/strong> \ud83c\udf3c<br \/>\nSis\u00e4lt\u00e4\u00e4 kamomillauutetta, jolla on antiseptinen vaikutus. Vaha n\u00e4kyy selv\u00e4sti iholla.<\/p>\n","protected":false},"featured_media":36312,"comment_status":"open","ping_status":"closed","template":"","meta":{"_monsterinsights_skip_tracking":false,"_monsterinsights_sitenote_active":false,"_monsterinsights_sitenote_note":"","_monsterinsights_sitenote_category":0},"product_brand":[],"product_cat":[507,555],"product_tag":[],"class_list":{"0":"post-36575","1":"product","2":"type-product","3":"status-publish","4":"has-post-thumbnail","6":"product_cat-karvanpoisto","7":"product_cat-vahat","8":"pa_brand-italwax-fi","9":"pa_suurus-100-ml-fi","11":"first","12":"instock","13":"taxable","14":"shipping-taxable","15":"purchasable","16":"product-type-simple"},"_links":{"self":[{"href":"https:\/\/pomello.ee\/fi\/wp-json\/wp\/v2\/product\/36575","targetHints":{"allow":["GET"]}}],"collection":[{"href":"https:\/\/pomello.ee\/fi\/wp-json\/wp\/v2\/product"}],"about":[{"href":"https:\/\/pomello.ee\/fi\/wp-json\/wp\/v2\/types\/product"}],"replies":[{"embeddable":true,"href":"https:\/\/pomello.ee\/fi\/wp-json\/wp\/v2\/comments?post=36575"}],"wp:featuredmedia":[{"embeddable":true,"href":"https:\/\/pomello.ee\/fi\/wp-json\/wp\/v2\/media\/36312"}],"wp:attachment":[{"href":"https:\/\/pomello.ee\/fi\/wp-json\/wp\/v2\/media?parent=36575"}],"wp:term":[{"taxonomy":"product_brand","embeddable":true,"href":"https:\/\/pomello.ee\/fi\/wp-json\/wp\/v2\/product_brand?post=36575"},{"taxonomy":"product_cat","embeddable":true,"href":"https:\/\/pomello.ee\/fi\/wp-json\/wp\/v2\/product_cat?post=36575"},{"taxonomy":"product_tag","embeddable":true,"href":"https:\/\/pomello.ee\/fi\/wp-json\/wp\/v2\/product_tag?post=36575"}],"curies":[{"name":"wp","href":"https:\/\/api.w.org\/{rel}","templated":true}]}}