{"id":36578,"date":"2025-09-07T11:56:18","date_gmt":"2025-09-07T09:56:18","guid":{"rendered":"https:\/\/pomello.ee\/toode\/my-lamination-lash-lift-ripsien-laminointisilikonityynyt-pink-mix\/"},"modified":"2025-09-07T11:56:18","modified_gmt":"2025-09-07T09:56:18","slug":"my-lamination-lash-lift-ripsien-laminointisilikonityynyt-pink-mix","status":"publish","type":"product","link":"https:\/\/pomello.ee\/fi\/toode\/my-lamination-lash-lift-ripsien-laminointisilikonityynyt-pink-mix\/","title":{"rendered":"My Lamination Lash Lift -ripsien laminointisilikonityynyt PINK MIX"},"content":{"rendered":"<div id=\"attachment_31816\" style=\"width: 1930px\" class=\"wp-caption alignnone\"><img decoding=\"async\" aria-describedby=\"caption-attachment-31816\" class=\"wp-image-31816 size-full\" src=\"https:\/\/pomello.ee\/wp-content\/uploads\/2025\/03\/Milline-silikoonpadi-valida-1.png\" alt=\"Milline silikoonpadi valida\" width=\"1920\" height=\"1080\" srcset=\"https:\/\/pomello.ee\/wp-content\/uploads\/2025\/03\/Milline-silikoonpadi-valida-1.png 1920w, https:\/\/pomello.ee\/wp-content\/uploads\/2025\/03\/Milline-silikoonpadi-valida-1-300x169.png 300w, https:\/\/pomello.ee\/wp-content\/uploads\/2025\/03\/Milline-silikoonpadi-valida-1-1024x576.png 1024w, https:\/\/pomello.ee\/wp-content\/uploads\/2025\/03\/Milline-silikoonpadi-valida-1-768x432.png 768w, https:\/\/pomello.ee\/wp-content\/uploads\/2025\/03\/Milline-silikoonpadi-valida-1-1536x864.png 1536w, https:\/\/pomello.ee\/wp-content\/uploads\/2025\/03\/Milline-silikoonpadi-valida-1-1200x675.png 1200w, https:\/\/pomello.ee\/wp-content\/uploads\/2025\/03\/Milline-silikoonpadi-valida-1-100x56.png 100w\" sizes=\"(max-width: 1920px) 100vw, 1920px\" \/><p id=\"caption-attachment-31816\" class=\"wp-caption-text\">Milline silikoonpadi valida<\/p><\/div>\n","protected":false},"excerpt":{"rendered":"<p><strong>My Lamination Lash Lift Silicone -ripsienpidennystyynyt PINK MIX<\/strong><\/p>\n<p>Luo dramaattinen nukkemainen efekti platina-silikonipinkkien silikonityynyjen avulla &#8211; t\u00e4ydellinen ratkaisu asiakkaille, joilla on pitk\u00e4t, alasp\u00e4in kasvavat ripset tai erityiset silm\u00e4muodot.<\/p>\n<p>\u2728 T\u00e4rkeimm\u00e4t ominaisuudet:<\/p>\n<p>Valmistettu platina-silikonista, joka s\u00e4ilytt\u00e4\u00e4 muotonsa my\u00f6s toistuvan k\u00e4yt\u00f6n j\u00e4lkeen.<\/p>\n<p>Progressiivinen muoto, jonka avulla voit saavuttaa luonnollisen ja samalla intensiivisen kaaren.<\/p>\n<p>Helppo levitt\u00e4\u00e4.<\/p>\n<p>Ei levi\u00e4, helppo puhdistaa.<\/p>\n<p>Sopii t\u00e4ydellisesti silm\u00e4n sis\u00e4- ja ulkonurkkiin varmistaen tasaisen tuloksen koko ripsirajassa.<\/p>\n<p>Setti sis\u00e4lt\u00e4\u00e4 5 eri kokoa (S, M, XM, L, XL), joiden avulla voit mukautua jokaisen asiakkaan silm\u00e4n muotoon.<\/p>\n<p>Ainutlaatuinen XL-koko miehille &#8211; ainutlaatuinen My Lamination -kehitys maailmassa.<\/p>\n<p>Suunniteltu antamaan ripsille kaaren, ei vain kohotusta. Pehme\u00e4n koostumuksen ja keskihuokoisuuden ansiosta tyynyt istuvat mukavasti silm\u00e4luomilla eiv\u00e4tk\u00e4 vahingoita luonnollisia ripsi\u00e4 edes toistuvilla k\u00e4sittelyill\u00e4.<\/p>\n<p>\ud83d\udc8e Sopii erityisesti:<\/p>\n<p>alasp\u00e4in kasvaville ripsille<\/p>\n<p>syv\u00e4lle silm\u00e4kuopille<\/p>\n<p>roikkuvalle ja kapenevalle silm\u00e4luomelle<\/p>\n<p>monikerroksiselle ripselle<\/p>\n","protected":false},"featured_media":36380,"comment_status":"open","ping_status":"closed","template":"","meta":{"_monsterinsights_skip_tracking":false,"_monsterinsights_sitenote_active":false,"_monsterinsights_sitenote_note":"","_monsterinsights_sitenote_category":0},"product_brand":[],"product_cat":[475,516,521],"product_tag":[],"class_list":{"0":"post-36578","1":"product","2":"type-product","3":"status-publish","4":"has-post-thumbnail","6":"product_cat-ripset","7":"product_cat-lash-lift-fi","8":"product_cat-silikonityynyt","9":"pa_brand-my-lamination-fi","11":"first","12":"instock","13":"taxable","14":"shipping-taxable","15":"purchasable","16":"product-type-simple"},"_links":{"self":[{"href":"https:\/\/pomello.ee\/fi\/wp-json\/wp\/v2\/product\/36578","targetHints":{"allow":["GET"]}}],"collection":[{"href":"https:\/\/pomello.ee\/fi\/wp-json\/wp\/v2\/product"}],"about":[{"href":"https:\/\/pomello.ee\/fi\/wp-json\/wp\/v2\/types\/product"}],"replies":[{"embeddable":true,"href":"https:\/\/pomello.ee\/fi\/wp-json\/wp\/v2\/comments?post=36578"}],"wp:featuredmedia":[{"embeddable":true,"href":"https:\/\/pomello.ee\/fi\/wp-json\/wp\/v2\/media\/36380"}],"wp:attachment":[{"href":"https:\/\/pomello.ee\/fi\/wp-json\/wp\/v2\/media?parent=36578"}],"wp:term":[{"taxonomy":"product_brand","embeddable":true,"href":"https:\/\/pomello.ee\/fi\/wp-json\/wp\/v2\/product_brand?post=36578"},{"taxonomy":"product_cat","embeddable":true,"href":"https:\/\/pomello.ee\/fi\/wp-json\/wp\/v2\/product_cat?post=36578"},{"taxonomy":"product_tag","embeddable":true,"href":"https:\/\/pomello.ee\/fi\/wp-json\/wp\/v2\/product_tag?post=36578"}],"curies":[{"name":"wp","href":"https:\/\/api.w.org\/{rel}","templated":true}]}}