{"id":36581,"date":"2025-09-07T12:12:16","date_gmt":"2025-09-07T10:12:16","guid":{"rendered":"https:\/\/pomello.ee\/toode\/my-lamination-lash-lift-silikonityynyt-blue-mix\/"},"modified":"2025-09-07T12:12:16","modified_gmt":"2025-09-07T10:12:16","slug":"my-lamination-lash-lift-silikonityynyt-blue-mix","status":"publish","type":"product","link":"https:\/\/pomello.ee\/fi\/toode\/my-lamination-lash-lift-silikonityynyt-blue-mix\/","title":{"rendered":"My Lamination Lash Lift silikonityynyt BLUE MIX"},"content":{"rendered":"<div id=\"attachment_31816\" style=\"width: 1930px\" class=\"wp-caption alignnone\"><img decoding=\"async\" aria-describedby=\"caption-attachment-31816\" class=\"wp-image-31816 size-full\" src=\"https:\/\/pomello.ee\/wp-content\/uploads\/2025\/03\/Milline-silikoonpadi-valida-1.png\" alt=\"Milline silikoonpadi valida\" width=\"1920\" height=\"1080\" srcset=\"https:\/\/pomello.ee\/wp-content\/uploads\/2025\/03\/Milline-silikoonpadi-valida-1.png 1920w, https:\/\/pomello.ee\/wp-content\/uploads\/2025\/03\/Milline-silikoonpadi-valida-1-300x169.png 300w, https:\/\/pomello.ee\/wp-content\/uploads\/2025\/03\/Milline-silikoonpadi-valida-1-1024x576.png 1024w, https:\/\/pomello.ee\/wp-content\/uploads\/2025\/03\/Milline-silikoonpadi-valida-1-768x432.png 768w, https:\/\/pomello.ee\/wp-content\/uploads\/2025\/03\/Milline-silikoonpadi-valida-1-1536x864.png 1536w, https:\/\/pomello.ee\/wp-content\/uploads\/2025\/03\/Milline-silikoonpadi-valida-1-1200x675.png 1200w, https:\/\/pomello.ee\/wp-content\/uploads\/2025\/03\/Milline-silikoonpadi-valida-1-100x56.png 100w\" sizes=\"(max-width: 1920px) 100vw, 1920px\" \/><p id=\"caption-attachment-31816\" class=\"wp-caption-text\">Milline silikoonpadi valida<\/p><\/div>\n","protected":false},"excerpt":{"rendered":"<p>My Lamination Lash Lift Silicone Pads BLUE MIX<\/p>\n<p>Luo pehme\u00e4 ja luonnollinen soft glam -ripsienkohotustulos platina-silikonityynyill\u00e4 \u2013 t\u00e4ydellinen valinta asiakkaille, jotka haluavat luonnollisen ja elegantin ilmeen.<\/p>\n<p>\u2728 T\u00e4rkeimm\u00e4t ominaisuudet:<\/p>\n<p>Valmistettu platina-silikonista, joka s\u00e4ilytt\u00e4\u00e4 alkuper\u00e4isen muotonsa my\u00f6s toistuvan k\u00e4yt\u00f6n j\u00e4lkeen.<\/p>\n<p>Progressiivinen muoto, joka tukee ripsien luonnollista kaarevuutta ilman dramaattista kohotusta.<\/p>\n<p>Saatavana 5 eri koossa (S, M, XM, L, XL) sopimaan jokaiseen silm\u00e4nmuotoon.<\/p>\n<p>Helppo asentaa.<\/p>\n<p>Suunniteltu erityisesti k\u00e4ytett\u00e4v\u00e4ksi sek\u00e4 silm\u00e4n sis\u00e4- ett\u00e4 ulkonurkissa.<\/p>\n<p>Ainutlaatuinen XL-koko miehille \u2013 My Lamination on ainoa tuotemerkki maailmassa, joka on kehitt\u00e4nyt sen.<\/p>\n<p>Suunniteltu kohottamaan, ei kihartamaan. Keskivahva, eritt\u00e4in huokoinen materiaali varmistaa, ett\u00e4 tyynyt istuvat mukavasti silm\u00e4luomilla eiv\u00e4tk\u00e4 vahingoita luonnollisia ripsi\u00e4 edes toistuvien k\u00e4sittelyjen aikana.<\/p>\n<p>\ud83d\udc8e Sopii erityisesti:<\/p>\n<p>liikakihartuneille ripsille<\/p>\n<p>asiakkaille, joilla on eteenp\u00e4in katsovat silm\u00e4nmuodot<\/p>\n<p>lyhyille ripsille<\/p>\n","protected":false},"featured_media":36390,"comment_status":"open","ping_status":"closed","template":"","meta":{"_monsterinsights_skip_tracking":false,"_monsterinsights_sitenote_active":false,"_monsterinsights_sitenote_note":"","_monsterinsights_sitenote_category":0},"product_brand":[],"product_cat":[475,516,521],"product_tag":[],"class_list":{"0":"post-36581","1":"product","2":"type-product","3":"status-publish","4":"has-post-thumbnail","6":"product_cat-ripset","7":"product_cat-lash-lift-fi","8":"product_cat-silikonityynyt","9":"pa_brand-my-lamination-fi","11":"first","12":"instock","13":"taxable","14":"shipping-taxable","15":"purchasable","16":"product-type-simple"},"_links":{"self":[{"href":"https:\/\/pomello.ee\/fi\/wp-json\/wp\/v2\/product\/36581","targetHints":{"allow":["GET"]}}],"collection":[{"href":"https:\/\/pomello.ee\/fi\/wp-json\/wp\/v2\/product"}],"about":[{"href":"https:\/\/pomello.ee\/fi\/wp-json\/wp\/v2\/types\/product"}],"replies":[{"embeddable":true,"href":"https:\/\/pomello.ee\/fi\/wp-json\/wp\/v2\/comments?post=36581"}],"wp:featuredmedia":[{"embeddable":true,"href":"https:\/\/pomello.ee\/fi\/wp-json\/wp\/v2\/media\/36390"}],"wp:attachment":[{"href":"https:\/\/pomello.ee\/fi\/wp-json\/wp\/v2\/media?parent=36581"}],"wp:term":[{"taxonomy":"product_brand","embeddable":true,"href":"https:\/\/pomello.ee\/fi\/wp-json\/wp\/v2\/product_brand?post=36581"},{"taxonomy":"product_cat","embeddable":true,"href":"https:\/\/pomello.ee\/fi\/wp-json\/wp\/v2\/product_cat?post=36581"},{"taxonomy":"product_tag","embeddable":true,"href":"https:\/\/pomello.ee\/fi\/wp-json\/wp\/v2\/product_tag?post=36581"}],"curies":[{"name":"wp","href":"https:\/\/api.w.org\/{rel}","templated":true}]}}