{"id":36587,"date":"2025-09-07T13:54:03","date_gmt":"2025-09-07T11:54:03","guid":{"rendered":"https:\/\/pomello.ee\/toode\/ekko-beauty-repair-cocktail-10ml\/"},"modified":"2025-09-07T13:54:03","modified_gmt":"2025-09-07T11:54:03","slug":"ekko-beauty-repair-cocktail-10ml","status":"publish","type":"product","link":"https:\/\/pomello.ee\/fi\/toode\/ekko-beauty-repair-cocktail-10ml\/","title":{"rendered":"Ekko Beauty Repair Cocktail 10ml"},"content":{"rendered":"<p>K\u00e4ytt\u00f6ohjeet<br \/>\nLevit\u00e4 pieni m\u00e4\u00e4r\u00e4 tuotetta ripsiin tai kulmakarvoihin ja anna vaikuttaa 3\u20135 minuuttia. Poista ylim\u00e4\u00e4r\u00e4inen kostealla vanulapulla.<\/p>\n<p>Varotoimet<\/p>\n<p>Yksil\u00f6llist\u00e4 yliherkkyytt\u00e4 ainesosille voi esiinty\u00e4.<\/p>\n<p>V\u00e4lt\u00e4 kosketusta silmiin. Jos ainetta joutuu silmiin, huuhtele v\u00e4litt\u00f6m\u00e4sti runsaalla vedell\u00e4.<\/p>\n<p>\u00c4l\u00e4 k\u00e4yt\u00e4 tulehtuneella iholla tai allergisten reaktioiden yhteydess\u00e4.<\/p>\n<p>Jos ilmenee allerginen reaktio, lopeta k\u00e4ytt\u00f6 v\u00e4litt\u00f6m\u00e4sti ja ota yhteys l\u00e4\u00e4k\u00e4riin.<\/p>\n<p>K\u00e4yt\u00e4 ennen pakkauksessa ilmoitettua viimeist\u00e4 k\u00e4ytt\u00f6p\u00e4iv\u00e4m\u00e4\u00e4r\u00e4\u00e4.<\/p>\n<p>S\u00e4ilytys<br \/>\nS\u00e4ilyt\u00e4 kuivassa paikassa, lasten ja el\u00e4inten ulottumattomissa. V\u00e4lt\u00e4 suoraa auringonvaloa.<\/p>\n","protected":false},"excerpt":{"rendered":"<p>Ekko Beauty Repair Cocktail ripsille ja kulmakarvoille<\/p>\n<p>Ensiluokkainen hoitoaine ripsien ja kulmakarvojen vahvistamiseen. Liposomaalinen cocktail palauttaa hiusten rakenteen jopa 29 %, kosteuttaa, suojaa ja antaa pitk\u00e4kestoisen hoitavan vaikutuksen. Mikrokapseliteknologian avulla aktiiviset ainesosat tunkeutuvat syv\u00e4lle hiusten kerroksiin tehden niist\u00e4 silkkisen pehme\u00e4t. Pident\u00e4\u00e4 salonkihoitojen (v\u00e4rj\u00e4ys, laminointi) tuloksia ja sopii my\u00f6s itsen\u00e4iseen p\u00e4ivitt\u00e4iseen hoitoon.<\/p>\n<p>Sopii sek\u00e4 koti- ett\u00e4 ammattik\u00e4ytt\u00f6\u00f6n.<\/p>\n<p>Vaikuttavat ainesosat:<\/p>\n<p>Keramidi III<\/p>\n<p>F-vitamiini<\/p>\n<p>P-vitamiini (noitap\u00e4hkin\u00e4uute)<\/p>\n<p>Tilavuus: 10 ml<\/p>\n<p>V\u00e4ri: Vaaleanpunainen<\/p>\n","protected":false},"featured_media":36409,"comment_status":"open","ping_status":"closed","template":"","meta":{"_monsterinsights_skip_tracking":false,"_monsterinsights_sitenote_active":false,"_monsterinsights_sitenote_note":"","_monsterinsights_sitenote_category":0},"product_brand":[],"product_cat":[476,915,518,917,923,516,475,514],"product_tag":[],"class_list":{"0":"post-36587","1":"product","2":"type-product","3":"status-publish","4":"has-post-thumbnail","6":"product_cat-kulmakarvat","7":"product_cat-esi-ja-jalkihoito","8":"product_cat-jalkihoito","9":"product_cat-jalkihoito-fi","10":"product_cat-jalkihoito-ja-kosteuttaminen","11":"product_cat-lash-lift-fi","12":"product_cat-ripset","13":"product_cat-ripsi-ja-kulmakarvojen-seerumit","14":"pa_brand-ekko-beauty-fi","15":"pa_suurus-10-ml-fi","17":"first","18":"instock","19":"taxable","20":"shipping-taxable","21":"purchasable","22":"product-type-simple"},"_links":{"self":[{"href":"https:\/\/pomello.ee\/fi\/wp-json\/wp\/v2\/product\/36587","targetHints":{"allow":["GET"]}}],"collection":[{"href":"https:\/\/pomello.ee\/fi\/wp-json\/wp\/v2\/product"}],"about":[{"href":"https:\/\/pomello.ee\/fi\/wp-json\/wp\/v2\/types\/product"}],"replies":[{"embeddable":true,"href":"https:\/\/pomello.ee\/fi\/wp-json\/wp\/v2\/comments?post=36587"}],"wp:featuredmedia":[{"embeddable":true,"href":"https:\/\/pomello.ee\/fi\/wp-json\/wp\/v2\/media\/36409"}],"wp:attachment":[{"href":"https:\/\/pomello.ee\/fi\/wp-json\/wp\/v2\/media?parent=36587"}],"wp:term":[{"taxonomy":"product_brand","embeddable":true,"href":"https:\/\/pomello.ee\/fi\/wp-json\/wp\/v2\/product_brand?post=36587"},{"taxonomy":"product_cat","embeddable":true,"href":"https:\/\/pomello.ee\/fi\/wp-json\/wp\/v2\/product_cat?post=36587"},{"taxonomy":"product_tag","embeddable":true,"href":"https:\/\/pomello.ee\/fi\/wp-json\/wp\/v2\/product_tag?post=36587"}],"curies":[{"name":"wp","href":"https:\/\/api.w.org\/{rel}","templated":true}]}}