{"id":36593,"date":"2025-09-07T14:17:38","date_gmt":"2025-09-07T12:17:38","guid":{"rendered":"https:\/\/pomello.ee\/toode\/ekko-beauty-color-corrector-50ml\/"},"modified":"2025-09-07T14:17:38","modified_gmt":"2025-09-07T12:17:38","slug":"ekko-beauty-color-corrector-50ml","status":"publish","type":"product","link":"https:\/\/pomello.ee\/fi\/toode\/ekko-beauty-color-corrector-50ml\/","title":{"rendered":"Ekko Beauty Color Corrector 50ml"},"content":{"rendered":"<p>Tuotekuvaus<br \/>\nEkko Beauty Color Corrector on geelipohjainen v\u00e4rinpoistoaine, joka on suunniteltu poistamaan hell\u00e4varaisesti ja tehokkaasti v\u00e4ri\u00e4 tai hennaa iholta ja hiuksista v\u00e4rj\u00e4yksen j\u00e4lkeen. Sen avulla voit korjata ep\u00e4tarkkuuksia, vaalentaa liian tummaa lopputulosta 1\u20133 s\u00e4vyll\u00e4 tai luoda pehme\u00e4n ombre-efektin. Geelim\u00e4isen koostumuksensa ansiosta tuotetta on helppo k\u00e4ytt\u00e4\u00e4, se ei valu ja varmistaa miellytt\u00e4v\u00e4n k\u00e4sittelyn.<\/p>\n<p>K\u00e4ytt\u00f6ohjeet<\/p>\n<p>V\u00e4rin tai hennan poistamiseksi hiuksista: levit\u00e4 tarvittava m\u00e4\u00e4r\u00e4 tuotetta hiuksiin vanupuikolla tai siveltimell\u00e4. Anna vaikuttaa 2\u20135 minuuttia. Poista sitten j\u00e4\u00e4m\u00e4t vedell\u00e4 tai kasvovedell\u00e4 kostutetulla vanulapilla. Toista tarvittaessa.<\/p>\n<p>V\u00e4rin tai hennan poistamiseksi iholta: levit\u00e4 pieni m\u00e4\u00e4r\u00e4 tuotetta halutulle ihoalueelle vanupuikolla (tai vanupuikolla muotoilua varten). Toista tarvittaessa.<\/p>\n<p>Varotoimet<\/p>\n<p>V\u00e4lt\u00e4 kosketusta silmiin. Jos ainetta joutuu silmiin, huuhtele v\u00e4litt\u00f6m\u00e4sti runsaalla vedell\u00e4 ja hakeudu tarvittaessa l\u00e4\u00e4k\u00e4rin hoitoon.<\/p>\n<p>Yksil\u00f6llist\u00e4 herkkyytt\u00e4 ainesosille voi esiinty\u00e4.<\/p>\n<p>S\u00e4ilytys<br \/>\nS\u00e4ilyt\u00e4 lasten ja el\u00e4inten ulottumattomissa +5 \u00b0C \u2013 +25 \u00b0C:n l\u00e4mp\u00f6tilassa.<br \/>\nV\u00e4lt\u00e4 suoraa auringonvaloa.<br \/>\nVarmistaaksesi tuotteen ulkon\u00e4\u00f6n ja tehon, sulje korkki aina tiiviisti k\u00e4yt\u00f6n j\u00e4lkeen.<\/p>\n","protected":false},"excerpt":{"rendered":"<p>Ekko Beauty Color Corrector on geelipohjainen v\u00e4rinpoistoaine, joka on suunniteltu poistamaan hell\u00e4varaisesti ja tehokkaasti ylim\u00e4\u00e4r\u00e4ist\u00e4 v\u00e4ri\u00e4 tai hennaj\u00e4\u00e4mi\u00e4 iholta ja hiuksista v\u00e4rj\u00e4yksen j\u00e4lkeen. Tuotteen avulla voit korjata nopeasti ja k\u00e4tev\u00e4sti pieni\u00e4 ep\u00e4tarkkuuksia, joita voi esiinty\u00e4 v\u00e4rj\u00e4yksen aikana.<\/p>\n<p>Poistoaine sopii my\u00f6s erinomaisesti liian tumman lopputuloksen vaalentamiseen 1\u20133 s\u00e4vy\u00e4 tai pehme\u00e4n ombre-efektin luomiseen. Geelim\u00e4isen koostumuksensa ansiosta sit\u00e4 on helppo levitt\u00e4\u00e4, se ei valu ja varmistaa miellytt\u00e4v\u00e4n levityskokemuksen.<\/p>\n<p>P\u00e4\u00e4ominaisuudet:<\/p>\n<p>Poistaa hell\u00e4varaisesti ylim\u00e4\u00e4r\u00e4ist\u00e4 v\u00e4ri\u00e4 tai hennaa<\/p>\n<p>Antaa sinun korjata v\u00e4rin intensiteetin<\/p>\n<p>Sopii 1\u20133 s\u00e4vyn vaalentamiseen<\/p>\n<p>Antaa sinun luoda pehme\u00e4n ombre-efektin<\/p>\n<p>Geelim\u00e4inen koostumus: ei valu, helppok\u00e4ytt\u00f6inen<\/p>\n","protected":false},"featured_media":36427,"comment_status":"open","ping_status":"closed","template":"","meta":{"_monsterinsights_skip_tracking":false,"_monsterinsights_sitenote_active":false,"_monsterinsights_sitenote_note":"","_monsterinsights_sitenote_category":0},"product_brand":[],"product_cat":[476,903],"product_tag":[],"class_list":{"0":"post-36593","1":"product","2":"type-product","3":"status-publish","4":"has-post-thumbnail","6":"product_cat-kulmakarvat","7":"product_cat-varinpoisto","8":"pa_brand-ekko-beauty-fi","9":"pa_suurus-50-ml-fi","11":"first","12":"instock","13":"taxable","14":"shipping-taxable","15":"purchasable","16":"product-type-simple"},"_links":{"self":[{"href":"https:\/\/pomello.ee\/fi\/wp-json\/wp\/v2\/product\/36593","targetHints":{"allow":["GET"]}}],"collection":[{"href":"https:\/\/pomello.ee\/fi\/wp-json\/wp\/v2\/product"}],"about":[{"href":"https:\/\/pomello.ee\/fi\/wp-json\/wp\/v2\/types\/product"}],"replies":[{"embeddable":true,"href":"https:\/\/pomello.ee\/fi\/wp-json\/wp\/v2\/comments?post=36593"}],"wp:featuredmedia":[{"embeddable":true,"href":"https:\/\/pomello.ee\/fi\/wp-json\/wp\/v2\/media\/36427"}],"wp:attachment":[{"href":"https:\/\/pomello.ee\/fi\/wp-json\/wp\/v2\/media?parent=36593"}],"wp:term":[{"taxonomy":"product_brand","embeddable":true,"href":"https:\/\/pomello.ee\/fi\/wp-json\/wp\/v2\/product_brand?post=36593"},{"taxonomy":"product_cat","embeddable":true,"href":"https:\/\/pomello.ee\/fi\/wp-json\/wp\/v2\/product_cat?post=36593"},{"taxonomy":"product_tag","embeddable":true,"href":"https:\/\/pomello.ee\/fi\/wp-json\/wp\/v2\/product_tag?post=36593"}],"curies":[{"name":"wp","href":"https:\/\/api.w.org\/{rel}","templated":true}]}}