{"id":36596,"date":"2025-09-07T14:35:11","date_gmt":"2025-09-07T12:35:11","guid":{"rendered":"https:\/\/pomello.ee\/toode\/ekko-beauty-color-remover-50ml\/"},"modified":"2025-09-07T14:35:11","modified_gmt":"2025-09-07T12:35:11","slug":"ekko-beauty-color-remover-50ml","status":"publish","type":"product","link":"https:\/\/pomello.ee\/fi\/toode\/ekko-beauty-color-remover-50ml\/","title":{"rendered":"Ekko Beauty Color Remover 50ml"},"content":{"rendered":"<p>Tuotekuvaus<br \/>\nEkko Beauty Color Remover on ihanteellinen ratkaisu hennaj\u00e4\u00e4mien tai v\u00e4ritahrojen hell\u00e4varaiseen ja tehokkaaseen poistamiseen v\u00e4rj\u00e4yksen j\u00e4lkeen. Sen hell\u00e4varainen koostumus puhdistaa ihon \u00e4rsytt\u00e4m\u00e4tt\u00e4 ja auttaa poistamaan nopeasti ylim\u00e4\u00e4r\u00e4isen v\u00e4rin tai korjaamaan pieni\u00e4 ep\u00e4tasaisuuksia. Se on luotettava apu t\u00e4ydellisten tulosten saavuttamiseen jokaisessa v\u00e4rj\u00e4ysprosessissa.<\/p>\n<p>K\u00e4ytt\u00f6ohjeet<br \/>\nLevit\u00e4 pieni m\u00e4\u00e4r\u00e4 tuotetta vanupuikolle ja k\u00e4sittele haluttua aluetta hell\u00e4varaisesti. Poista j\u00e4\u00e4m\u00e4t kostealla vanupuikolla.<\/p>\n<p>Varotoimet<br \/>\nV\u00e4lt\u00e4 kosketusta silmiin. Jos ainetta joutuu silmiin, huuhtele v\u00e4litt\u00f6m\u00e4sti runsaalla vedell\u00e4 ja ota tarvittaessa yhteys l\u00e4\u00e4k\u00e4riin.<\/p>\n<p>Yksil\u00f6llist\u00e4 herkkyytt\u00e4 ainesosille voi esiinty\u00e4.<\/p>\n<p>S\u00e4ilytys<br \/>\nS\u00e4ilyt\u00e4 lasten ja el\u00e4inten ulottumattomissa +5 \u00b0C &#8211; +25 \u00b0C:n l\u00e4mp\u00f6tilassa.<br \/>\nV\u00e4lt\u00e4 suoraa auringonvaloa.<\/p>\n<p>S\u00e4ilytt\u00e4\u00e4ksesi tuotteen ulkon\u00e4\u00f6n ja tehon, sulje korkki aina tiiviisti k\u00e4yt\u00f6n j\u00e4lkeen.<\/p>\n","protected":false},"excerpt":{"rendered":"<p>Ekko Beauty Color Remover on t\u00e4ydellinen ratkaisu hennaj\u00e4\u00e4mien tai v\u00e4ritahrojen hell\u00e4varaiseen ja tehokkaaseen poistamiseen v\u00e4rj\u00e4yksen j\u00e4lkeen. Sen hell\u00e4varainen koostumus puhdistaa ihon \u00e4rsytt\u00e4m\u00e4tt\u00e4 ja auttaa poistamaan nopeasti ylim\u00e4\u00e4r\u00e4isen v\u00e4rin tai korjaamaan v\u00e4rj\u00e4yksen aiheuttamat ep\u00e4tasaisuudet.<\/p>\n<p>Ekko Beauty Removerista tulee luotettava ty\u00f6kalusi t\u00e4ydellisten tulosten saavuttamiseen jokaisessa v\u00e4rj\u00e4ysprosessissa.<\/p>\n","protected":false},"featured_media":36432,"comment_status":"open","ping_status":"closed","template":"","meta":{"_monsterinsights_skip_tracking":false,"_monsterinsights_sitenote_active":false,"_monsterinsights_sitenote_note":"","_monsterinsights_sitenote_category":0},"product_brand":[],"product_cat":[476,903],"product_tag":[],"class_list":{"0":"post-36596","1":"product","2":"type-product","3":"status-publish","4":"has-post-thumbnail","6":"product_cat-kulmakarvat","7":"product_cat-varinpoisto","8":"pa_brand-ekko-beauty-fi","9":"pa_suurus-50-ml-fi","11":"first","12":"instock","13":"taxable","14":"shipping-taxable","15":"purchasable","16":"product-type-simple"},"_links":{"self":[{"href":"https:\/\/pomello.ee\/fi\/wp-json\/wp\/v2\/product\/36596","targetHints":{"allow":["GET"]}}],"collection":[{"href":"https:\/\/pomello.ee\/fi\/wp-json\/wp\/v2\/product"}],"about":[{"href":"https:\/\/pomello.ee\/fi\/wp-json\/wp\/v2\/types\/product"}],"replies":[{"embeddable":true,"href":"https:\/\/pomello.ee\/fi\/wp-json\/wp\/v2\/comments?post=36596"}],"wp:featuredmedia":[{"embeddable":true,"href":"https:\/\/pomello.ee\/fi\/wp-json\/wp\/v2\/media\/36432"}],"wp:attachment":[{"href":"https:\/\/pomello.ee\/fi\/wp-json\/wp\/v2\/media?parent=36596"}],"wp:term":[{"taxonomy":"product_brand","embeddable":true,"href":"https:\/\/pomello.ee\/fi\/wp-json\/wp\/v2\/product_brand?post=36596"},{"taxonomy":"product_cat","embeddable":true,"href":"https:\/\/pomello.ee\/fi\/wp-json\/wp\/v2\/product_cat?post=36596"},{"taxonomy":"product_tag","embeddable":true,"href":"https:\/\/pomello.ee\/fi\/wp-json\/wp\/v2\/product_tag?post=36596"}],"curies":[{"name":"wp","href":"https:\/\/api.w.org\/{rel}","templated":true}]}}