{"id":36612,"date":"2025-09-14T18:45:55","date_gmt":"2025-09-14T16:45:55","guid":{"rendered":"https:\/\/pomello.ee\/toode\/elan-color-brow-mask-2-0-amethyst\/"},"modified":"2025-09-14T18:45:55","modified_gmt":"2025-09-14T16:45:55","slug":"elan-color-brow-mask-2-0-amethyst","status":"publish","type":"product","link":"https:\/\/pomello.ee\/fi\/toode\/elan-color-brow-mask-2-0-amethyst\/","title":{"rendered":"ELAN Color BROW MASK 2.0 AMETHYST"},"content":{"rendered":"<p>COLOR BROW MASK 2.0 \u2013 hy\u00f6dyt<\/p>\n<p>palauttaa kulmakarvojen v\u00e4rin intensiteetin ja kiillon salonkiv\u00e4rj\u00e4ysten v\u00e4lill\u00e4;<\/p>\n<p>neutraloi ei-toivotut pohjas\u00e4vyt kulmakarvojen valkaisun tai laminoinnin j\u00e4lkeen (11 AMETHYST);<\/p>\n<p>eri s\u00e4vyj\u00e4 voidaan sekoittaa kesken\u00e4\u00e4n, jotta saavutetaan sinulle parhaiten sopiva v\u00e4ri.<\/p>\n<p>S\u00e4ilyvyysaika: 24 kuukautta<br \/>\nAvattuna (PAO): 3 kuukautta<\/p>\n<p>K\u00e4ytt\u00f6<\/p>\n<p>Levit\u00e4 pieni m\u00e4\u00e4r\u00e4 tuotetta kulmakarvoille ja levit\u00e4 tasaisesti siveltimell\u00e4.<\/p>\n<p>Vaikutusaika: 5\u201315 minuuttia (halutusta v\u00e4rin intensiteetist\u00e4 riippuen).<\/p>\n<p>Ajan kuluttua poista ylim\u00e4\u00e4r\u00e4inen tuote vanulapulla ja vedell\u00e4.<\/p>\n<p>\u26a0\ufe0f Huom: s\u00e4vyt 12 COCOA ja 13 CHESTNUT voivat my\u00f6s v\u00e4rj\u00e4t\u00e4 kulmakarvojen alla olevaa pintaa (ihoa) v\u00e4rj\u00e4yksen aikana.<\/p>\n<p>\u26a0\ufe0f Jos kulmakarvojen v\u00e4ri tuntuu liian intensiiviselt\u00e4 v\u00e4rj\u00e4yksen j\u00e4lkeen, on suositeltavaa levitt\u00e4\u00e4 kulmakarvoille ELAN DETOX-MOUSSE -vaahtoa.<\/p>\n<p>Parhaan tuloksen saavuttamiseksi suosittelemme my\u00f6s ELAN COLOUR FIX -v\u00e4rin k\u00e4ytt\u00f6\u00e4.<\/p>\n<p>\u2139\ufe0f V\u00e4ri voi pysy\u00e4 kulmakarvoissa jopa 4 p\u00e4iv\u00e4\u00e4 v\u00e4rj\u00e4yksen j\u00e4lkeen.<\/p>\n","protected":false},"excerpt":{"rendered":"<p>ELAN COLOR BROW MASK 2.0 \u2013 2-in-1 v\u00e4rj\u00e4\u00e4v\u00e4 kulmakarvamaski, s\u00e4vy 11 AMETHYST on ravitseva kulmakarvojen hoitonaamio, jolla on v\u00e4rj\u00e4ysvaikutus. Auttaa palauttamaan v\u00e4rin intensiteetin ja kiillon salonkihoitojen v\u00e4lill\u00e4.<\/p>\n<p>COLOR BROW MASK 2.0 on innovatiivinen 2-in-1 kulmakarvamaski, joka yhdist\u00e4\u00e4 hoidon ja v\u00e4rj\u00e4yksen. Erityisesti kehitetty koostumus virkist\u00e4\u00e4 kulmakarvojen v\u00e4ri\u00e4 ja antaa karvoille kauniin kiillon, jotta kulmakarvat pysyv\u00e4t aina t\u00e4ydellisesti hoidettuina.<\/p>\n<p>Tuote sis\u00e4lt\u00e4\u00e4 ainutlaatuisen patentoidun FiberHance\u2122-yhdisteen, joka ravitsee ja vahvistaa kulmakarvoja sis\u00e4lt\u00e4p\u00e4in tehden niist\u00e4 joustavammat ja kest\u00e4v\u00e4mm\u00e4t. S\u00e4\u00e4nn\u00f6llinen k\u00e4ytt\u00f6 pident\u00e4\u00e4 v\u00e4rivaikutuksen kestoa ja pit\u00e4\u00e4 kulmakarvat tervein\u00e4 ja hyvin hoidettuina.<\/p>\n<p>Alkuper\u00e4maa: Turkki<br \/>\nTilavuus: 10 ml<\/p>\n","protected":false},"featured_media":36605,"comment_status":"open","ping_status":"closed","template":"","meta":{"_monsterinsights_skip_tracking":false,"_monsterinsights_sitenote_active":false,"_monsterinsights_sitenote_note":"","_monsterinsights_sitenote_category":0},"product_brand":[],"product_cat":[476,909,479],"product_tag":[],"class_list":{"0":"post-36612","1":"product","2":"type-product","3":"status-publish","4":"has-post-thumbnail","6":"product_cat-kulmakarvat","7":"product_cat-kestovari","8":"product_cat-ripsien-ja-kulmakarvojen-varit-fi","9":"pa_brand-elan-fi","10":"pa_suurus-10-ml-fi","12":"first","13":"instock","14":"taxable","15":"shipping-taxable","16":"purchasable","17":"product-type-simple"},"_links":{"self":[{"href":"https:\/\/pomello.ee\/fi\/wp-json\/wp\/v2\/product\/36612","targetHints":{"allow":["GET"]}}],"collection":[{"href":"https:\/\/pomello.ee\/fi\/wp-json\/wp\/v2\/product"}],"about":[{"href":"https:\/\/pomello.ee\/fi\/wp-json\/wp\/v2\/types\/product"}],"replies":[{"embeddable":true,"href":"https:\/\/pomello.ee\/fi\/wp-json\/wp\/v2\/comments?post=36612"}],"wp:featuredmedia":[{"embeddable":true,"href":"https:\/\/pomello.ee\/fi\/wp-json\/wp\/v2\/media\/36605"}],"wp:attachment":[{"href":"https:\/\/pomello.ee\/fi\/wp-json\/wp\/v2\/media?parent=36612"}],"wp:term":[{"taxonomy":"product_brand","embeddable":true,"href":"https:\/\/pomello.ee\/fi\/wp-json\/wp\/v2\/product_brand?post=36612"},{"taxonomy":"product_cat","embeddable":true,"href":"https:\/\/pomello.ee\/fi\/wp-json\/wp\/v2\/product_cat?post=36612"},{"taxonomy":"product_tag","embeddable":true,"href":"https:\/\/pomello.ee\/fi\/wp-json\/wp\/v2\/product_tag?post=36612"}],"curies":[{"name":"wp","href":"https:\/\/api.w.org\/{rel}","templated":true}]}}