{"id":36826,"date":"2025-10-02T07:47:25","date_gmt":"2025-10-02T05:47:25","guid":{"rendered":"https:\/\/pomello.ee\/toode\/lamitta-chroma-key-ripsienkohotus-silikonityynyt\/"},"modified":"2025-10-02T07:47:25","modified_gmt":"2025-10-02T05:47:25","slug":"lamitta-chroma-key-ripsienkohotus-silikonityynyt","status":"publish","type":"product","link":"https:\/\/pomello.ee\/fi\/toode\/lamitta-chroma-key-ripsienkohotus-silikonityynyt\/","title":{"rendered":"LAMITTA Chroma Key Ripsienkohotus-silikonityynyt"},"content":{"rendered":"","protected":false},"excerpt":{"rendered":"<h2 data-start=\"83\" data-end=\"140\"><strong data-start=\"86\" data-end=\"138\">LAMITTA Chroma Key Ripsienkohotus-silikonityynyt<\/strong><\/h2>\n<p data-start=\"142\" data-end=\"414\">LAMITTA Chroma Key -silikonityynyt ovat <strong data-start=\"182\" data-end=\"243\">joustavat, monik\u00e4ytt\u00f6iset ja ammattilaisille suunnitellut<\/strong>. Niiden erityinen muoto yhdist\u00e4\u00e4 sek\u00e4 py\u00f6reiden ett\u00e4 pisaranmuotoisten kilpien parhaat puolet, ja ne sopivat erinomaisesti my\u00f6s <strong data-start=\"372\" data-end=\"411\">korealaiseen lash lift -tekniikkaan<\/strong>.<\/p>\n<p data-start=\"416\" data-end=\"789\">\ud83d\udc9a <strong data-start=\"419\" data-end=\"446\">Miksi juuri Chroma Key?<\/strong><br data-start=\"446\" data-end=\"449\" \/>N\u00e4m\u00e4 tyynyt eiv\u00e4t ole vain vihre\u00e4t \u2013 v\u00e4ri on saanut inspiraationsa tunnetusta <em data-start=\"527\" data-end=\"539\">chroma key<\/em> (greenscreen) -tekniikasta, jota k\u00e4ytet\u00e4\u00e4n videomaailmassa. Samoin kuin vihre\u00e4 tausta vaihdetaan editoinnissa luovaan sis\u00e4lt\u00f6\u00f6n, n\u00e4m\u00e4 kirkkaan vihre\u00e4t tyynyt auttavat sinua luomaan <strong data-start=\"721\" data-end=\"765\">uniikkia ja huomiota her\u00e4tt\u00e4v\u00e4\u00e4 sis\u00e4lt\u00f6\u00e4<\/strong> sosiaaliseen mediaan.<\/p>\n<p data-start=\"791\" data-end=\"830\">\u2728 <strong data-start=\"793\" data-end=\"828\">T\u00e4ydelliset sis\u00e4ll\u00f6ntuotantoon:<\/strong><\/p>\n<ul data-start=\"831\" data-end=\"931\">\n<li data-start=\"831\" data-end=\"861\">\n<p data-start=\"833\" data-end=\"861\">Ripsienkohotusopetusvideot<\/p>\n<\/li>\n<li data-start=\"862\" data-end=\"888\">\n<p data-start=\"864\" data-end=\"888\">Ennen &amp; j\u00e4lkeen -kuvat<\/p>\n<\/li>\n<li data-start=\"889\" data-end=\"931\">\n<p data-start=\"891\" data-end=\"931\">Kulissien takainen sis\u00e4lt\u00f6 asiakkaille<\/p>\n<\/li>\n<\/ul>\n<p data-start=\"933\" data-end=\"957\">\ud83c\udf1f <strong data-start=\"936\" data-end=\"955\">Keskeiset edut:<\/strong><\/p>\n<ul data-start=\"958\" data-end=\"1175\">\n<li data-start=\"958\" data-end=\"1003\">\n<p data-start=\"960\" data-end=\"1003\"><strong data-start=\"960\" data-end=\"993\">Eritt\u00e4in joustavat ja mukavat<\/strong> k\u00e4ytt\u00e4\u00e4<\/p>\n<\/li>\n<li data-start=\"1004\" data-end=\"1074\">\n<p data-start=\"1006\" data-end=\"1074\"><strong data-start=\"1006\" data-end=\"1027\">Universaali muoto<\/strong> \u2013 yhdistelm\u00e4 py\u00f6re\u00e4st\u00e4 ja pisaranmuotoisesta<\/p>\n<\/li>\n<li data-start=\"1075\" data-end=\"1175\">\n<p data-start=\"1077\" data-end=\"1175\"><strong data-start=\"1077\" data-end=\"1104\">Visuaalisesti n\u00e4ytt\u00e4v\u00e4t<\/strong> \u2013 suunniteltu korostamaan ty\u00f6si kauneutta kamerassa entist\u00e4 paremmin<\/p>\n<\/li>\n<\/ul>\n","protected":false},"featured_media":36819,"comment_status":"open","ping_status":"closed","template":"","meta":{"_monsterinsights_skip_tracking":false,"_monsterinsights_sitenote_active":false,"_monsterinsights_sitenote_note":"","_monsterinsights_sitenote_category":0},"product_brand":[],"product_cat":[475,1249,516,521],"product_tag":[],"class_list":{"0":"post-36826","1":"product","2":"type-product","3":"status-publish","4":"has-post-thumbnail","6":"product_cat-ripset","7":"product_cat-korean-lash-lift-fi","8":"product_cat-lash-lift-fi","9":"product_cat-silikonityynyt","10":"pa_brand-lamitta-fi","11":"pa_suurus-s-fi","13":"first","14":"instock","15":"taxable","16":"shipping-taxable","17":"purchasable","18":"product-type-simple"},"_links":{"self":[{"href":"https:\/\/pomello.ee\/fi\/wp-json\/wp\/v2\/product\/36826","targetHints":{"allow":["GET"]}}],"collection":[{"href":"https:\/\/pomello.ee\/fi\/wp-json\/wp\/v2\/product"}],"about":[{"href":"https:\/\/pomello.ee\/fi\/wp-json\/wp\/v2\/types\/product"}],"replies":[{"embeddable":true,"href":"https:\/\/pomello.ee\/fi\/wp-json\/wp\/v2\/comments?post=36826"}],"wp:featuredmedia":[{"embeddable":true,"href":"https:\/\/pomello.ee\/fi\/wp-json\/wp\/v2\/media\/36819"}],"wp:attachment":[{"href":"https:\/\/pomello.ee\/fi\/wp-json\/wp\/v2\/media?parent=36826"}],"wp:term":[{"taxonomy":"product_brand","embeddable":true,"href":"https:\/\/pomello.ee\/fi\/wp-json\/wp\/v2\/product_brand?post=36826"},{"taxonomy":"product_cat","embeddable":true,"href":"https:\/\/pomello.ee\/fi\/wp-json\/wp\/v2\/product_cat?post=36826"},{"taxonomy":"product_tag","embeddable":true,"href":"https:\/\/pomello.ee\/fi\/wp-json\/wp\/v2\/product_tag?post=36826"}],"curies":[{"name":"wp","href":"https:\/\/api.w.org\/{rel}","templated":true}]}}