{"id":37288,"date":"2025-10-06T20:56:14","date_gmt":"2025-10-06T18:56:14","guid":{"rendered":"https:\/\/pomello.ee\/toode\/pink-flash-organic-korean-lash-lift-step-2\/"},"modified":"2026-03-03T19:40:02","modified_gmt":"2026-03-03T17:40:02","slug":"pink-flash-organic-korean-lash-lift-step-2","status":"publish","type":"product","link":"https:\/\/pomello.ee\/fi\/toode\/pink-flash-organic-korean-lash-lift-step-2\/","title":{"rendered":"PINK FLASH Organic Korean Lash Lift Step 2"},"content":{"rendered":"","protected":false},"excerpt":{"rendered":"<p>Pink Flash Organic Korean Lash Lift Vaihe 2 \u2013 kiinnitt\u00e4v\u00e4 emulsio ripsien ja kulmakarvojen laminointiin<\/p>\n<p>Pink Flash Korean Lash Lift Vaihe 2 on t\u00e4rke\u00e4 toinen vaihe Pink Flash Korean Lash Lift -sarjassa.<\/p>\n<p>T\u00e4m\u00e4 kiinnitt\u00e4v\u00e4 emulsio kiinnitt\u00e4\u00e4 tuloksen, lukitsee muodon ja samalla kosteuttaa ja suojaa ripsi\u00e4 ja kulmakarvoja.<\/p>\n<p>Ihanteellinen k\u00e4ytett\u00e4v\u00e4ksi korealaisen ripsien liftauksen, klassisen ripsien liftauksen ja liimattoman ripsien liftauksen kanssa varmistaen t\u00e4ydellisen ja pitk\u00e4kestoisen tuloksen.<\/p>\n<p>\ud83d\udc97 T\u00e4ydellinen yhdistelm\u00e4 Korean Lash Lift -j\u00e4rjestelm\u00e4ss\u00e4<\/p>\n<p>Vaihe 1 \u2013 Pink Flash Korean Lash Lift Vaihe 1: kysteamiinipohjainen emulsio, joka muotoilee ja valmistelee karvat.<\/p>\n<p>Vaihe 2 \u2013 Pink Flash Korean Lash Lift Vaihe 2: kiinnitt\u00e4v\u00e4 ja hoitava emulsio, joka palauttaa ja ravitsee karvan rakennetta.<\/p>\n<p>Yhdess\u00e4 n\u00e4m\u00e4 kaksi vaihetta muodostavat t\u00e4ydellisen Pink Flash Korean Lash Lift -sarjan, joka tarjoaa ammattilaisille luotettavan, liimattoman toimenpiteen, joka s\u00e4ilytt\u00e4\u00e4 ripsien ja kulmakarvojen kauneuden ja eheyden.<\/p>\n<p>\u26a1\ufe0f Kaksoisvaikutteinen koostumus \u2013 sopii k\u00e4ytett\u00e4v\u00e4ksi my\u00f6s v\u00e4rj\u00e4yksen kanssa<\/p>\n<p>Vaihe 2 ei ole vain neutraloija \u2013 se on kiinnitt\u00e4v\u00e4 ja v\u00e4ri\u00e4 sekoittava liuos, jonka avulla voit v\u00e4rj\u00e4t\u00e4 ja kiinnitt\u00e4\u00e4 samanaikaisesti.<\/p>\n<p>Tuloksena: nopeampi ty\u00f6prosessi, intensiivisempi v\u00e4ri ja t\u00e4ydellinen lopputulos laadusta tinkim\u00e4tt\u00e4.<\/p>\n<p>\u2705 Yhteensopiva kaikkien suosittujen v\u00e4rimerkkien kanssa<br \/>\n\u2705 Vahvistaa v\u00e4rin syvyytt\u00e4 ja kest\u00e4vyytt\u00e4<br \/>\n\u2705 S\u00e4\u00e4st\u00e4\u00e4 aikaa ja s\u00e4ilytt\u00e4\u00e4 samalla ammattimaisen tuloksen<\/p>\n<p>\ud83c\udf3f Ravitseva ja suojaava koostumus<\/p>\n<p>Sis\u00e4lt\u00e4\u00e4 glyseriini\u00e4 ja viiniryp\u00e4leen siemen\u00f6ljy\u00e4, jotka kosteuttavat, pehment\u00e4v\u00e4t ja suojaavat karvoja kuivumiselta ja vaurioilta.<\/p>\n<p>Tuloksena on vahvat, kiilt\u00e4v\u00e4t ja terveet ripset ja kulmakarvat, jotka pysyv\u00e4t kauniina entist\u00e4 pidemp\u00e4\u00e4n.<\/p>\n<p>Pink Flash Korean Lash Lift Vaihe 2 \u2013 \u00e4lyk\u00e4s ja ravitseva tapa kiinnitt\u00e4\u00e4 ja v\u00e4rj\u00e4t\u00e4 yhdess\u00e4 vaiheessa.<\/p>\n<p>Tulokset, joista asiakkaat pit\u00e4v\u00e4t!<\/p>\n","protected":false},"featured_media":36897,"comment_status":"open","ping_status":"closed","template":"","meta":{"_monsterinsights_skip_tracking":false,"_monsterinsights_sitenote_active":false,"_monsterinsights_sitenote_note":"","_monsterinsights_sitenote_category":0},"product_brand":[],"product_cat":[476,899,517,1249,477,516,475],"product_tag":[],"class_list":{"0":"post-37288","1":"product","2":"type-product","3":"status-publish","4":"has-post-thumbnail","6":"product_cat-kulmakarvat","7":"product_cat-emulsiot-fi","8":"product_cat-emulsiot","9":"product_cat-korean-lash-lift-fi","10":"product_cat-kulmien-laminointi","11":"product_cat-lash-lift-fi","12":"product_cat-ripset","13":"pa_brand-pink-flash-switzerland-fi","14":"pa_suurus-15-ml-fi","16":"first","17":"instock","18":"taxable","19":"shipping-taxable","20":"purchasable","21":"product-type-simple"},"_links":{"self":[{"href":"https:\/\/pomello.ee\/fi\/wp-json\/wp\/v2\/product\/37288","targetHints":{"allow":["GET"]}}],"collection":[{"href":"https:\/\/pomello.ee\/fi\/wp-json\/wp\/v2\/product"}],"about":[{"href":"https:\/\/pomello.ee\/fi\/wp-json\/wp\/v2\/types\/product"}],"replies":[{"embeddable":true,"href":"https:\/\/pomello.ee\/fi\/wp-json\/wp\/v2\/comments?post=37288"}],"wp:featuredmedia":[{"embeddable":true,"href":"https:\/\/pomello.ee\/fi\/wp-json\/wp\/v2\/media\/36897"}],"wp:attachment":[{"href":"https:\/\/pomello.ee\/fi\/wp-json\/wp\/v2\/media?parent=37288"}],"wp:term":[{"taxonomy":"product_brand","embeddable":true,"href":"https:\/\/pomello.ee\/fi\/wp-json\/wp\/v2\/product_brand?post=37288"},{"taxonomy":"product_cat","embeddable":true,"href":"https:\/\/pomello.ee\/fi\/wp-json\/wp\/v2\/product_cat?post=37288"},{"taxonomy":"product_tag","embeddable":true,"href":"https:\/\/pomello.ee\/fi\/wp-json\/wp\/v2\/product_tag?post=37288"}],"curies":[{"name":"wp","href":"https:\/\/api.w.org\/{rel}","templated":true}]}}