{"id":37291,"date":"2025-10-06T21:12:42","date_gmt":"2025-10-06T19:12:42","guid":{"rendered":"https:\/\/pomello.ee\/toode\/pink-flash-organic-korean-lash-lift-step-1\/"},"modified":"2026-03-03T19:40:02","modified_gmt":"2026-03-03T17:40:02","slug":"pink-flash-organic-korean-lash-lift-step-1","status":"publish","type":"product","link":"https:\/\/pomello.ee\/fi\/toode\/pink-flash-organic-korean-lash-lift-step-1\/","title":{"rendered":"PINK FLASH Organic Korean Lash Lift Step 1"},"content":{"rendered":"<p>Vaikutusaika: 4\u20139 minuuttia (seuraa hiusten kuntoa prosessin aikana)<br \/>\nRavista ennen k\u00e4ytt\u00f6\u00e4<br \/>\nSuositus: tee allergiatesti 24\u201348 tuntia ennen toimenpidett\u00e4<\/p>\n","protected":false},"excerpt":{"rendered":"<p>Pink Flash Organic Korean Lash Lift Step 1 \u2013 emulsio ripsien ja kulmakarvojen laminointiin<\/p>\n<p>Pink Flash Korean Lash Lift Step 1 on ensimm\u00e4inen vaihe \u2013 kermainen, proteiinipitoinen koostumus valmistelee ripset ja kulmakarvat t\u00e4ydelliseen muotoiluun ja pitk\u00e4kestoiseen tulokseen.<\/p>\n<p>Sopii korealaistyyliseen ripsien kohotukseen, klassiseen ripsien kohotukseen ja kulmakarvojen laminointiin.<\/p>\n<p>\ud83d\udc97 T\u00e4ydellinen yhdistelm\u00e4 korealaiseen ripsien kohotukseen<\/p>\n<p>Vaihe 1 \u2013 Pink Flash Korean Lash Lift Step 1: hell\u00e4varainen emulsio, joka avaa hiusten rakenteen ja valmistelee ne muotoiluun.<\/p>\n<p>Vaihe 2 \u2013 Pink Flash Korean Lash Lift Step 2: kiinnitt\u00e4v\u00e4 emulsio, joka kiinnitt\u00e4\u00e4 muodon.<\/p>\n<p>Yhdess\u00e4 n\u00e4m\u00e4 vaiheet takaavat pitk\u00e4kestoisen tuloksen s\u00e4ilytt\u00e4en karvojen eheyden ja luonnollisen kauneuden.<\/p>\n<p>\ud83c\udf3f Miksi valita Pink Flash Step 1?<\/p>\n<p>Sis\u00e4lt\u00e4\u00e4 kysteamiinihydrokloridia ja kysteiinihydrokloridia, jotka tarjoavat tehokkaan mutta hell\u00e4varaisen kohotuksen samalla suojaten hiusten vahvuutta ja elinvoimaa.<\/p>\n<p>Toisin kuin perinteiset aggressiiviset koostumukset, t\u00e4m\u00e4 sekoitus ravitsee ja hoitaa hiuksia koko prosessin ajan.<\/p>\n<p>\u2728 T\u00e4rkeimm\u00e4t ainesosat<\/p>\n<p>Pantenoli \u2013 kosteuttaa ja pehment\u00e4\u00e4 hiuksia<\/p>\n<p>Hydrolysoitu kollageeni \u2013 parantaa kimmoisuutta ja vahvistaa hiuskuitua<\/p>\n<p>Hydrolysoitu keratiini \u2013 palauttaa ja suojaa hiusrakennetta<\/p>\n<p>\ud83d\udca7 Hell\u00e4varainen, kermainen ja tehokas<\/p>\n<p>Kermainen vaaleanpunainen koostumus mahdollistaa tarkan ja helpon levityksen, ei levit\u00e4.<br \/>\nLiimaton koostumus v\u00e4hent\u00e4\u00e4 ripsien j\u00e4nnityst\u00e4 ja j\u00e4\u00e4mi\u00e4, mik\u00e4 tekee prosessista mukavan ja tuloksesta luonnollisen kauniin.<\/p>\n<p>\ud83c\udde8\ud83c\udded Ammattilaistasoa<\/p>\n<p>Valmistettu sveitsil\u00e4isten laatustandardien mukaisesti \u2013 vegaaninen, ei testattu el\u00e4imill\u00e4 ja suunniteltu erityisesti ammattik\u00e4ytt\u00f6\u00f6n.<\/p>\n<p>Takaa luotettavat ja pitk\u00e4kestoiset tulokset, joista asiakkaat pit\u00e4v\u00e4t.<\/p>\n<p>Pink Flash Korean Lash Lift Vaihe 1 \u2013 hell\u00e4varainen ja tehokas pohja t\u00e4ydelliselle, liimattomalle ripsien ja kulmakarvojen laminoinnille, tarjoten hoitoa jokaisessa pisarassa.<\/p>\n","protected":false},"featured_media":36922,"comment_status":"open","ping_status":"closed","template":"","meta":{"_monsterinsights_skip_tracking":false,"_monsterinsights_sitenote_active":false,"_monsterinsights_sitenote_note":"","_monsterinsights_sitenote_category":0},"product_brand":[],"product_cat":[476,899,517,1249,477,516,475],"product_tag":[],"class_list":{"0":"post-37291","1":"product","2":"type-product","3":"status-publish","4":"has-post-thumbnail","6":"product_cat-kulmakarvat","7":"product_cat-emulsiot-fi","8":"product_cat-emulsiot","9":"product_cat-korean-lash-lift-fi","10":"product_cat-kulmien-laminointi","11":"product_cat-lash-lift-fi","12":"product_cat-ripset","13":"pa_brand-pink-flash-switzerland-fi","14":"pa_suurus-15-ml-fi","16":"first","17":"instock","18":"taxable","19":"shipping-taxable","20":"purchasable","21":"product-type-simple"},"_links":{"self":[{"href":"https:\/\/pomello.ee\/fi\/wp-json\/wp\/v2\/product\/37291","targetHints":{"allow":["GET"]}}],"collection":[{"href":"https:\/\/pomello.ee\/fi\/wp-json\/wp\/v2\/product"}],"about":[{"href":"https:\/\/pomello.ee\/fi\/wp-json\/wp\/v2\/types\/product"}],"replies":[{"embeddable":true,"href":"https:\/\/pomello.ee\/fi\/wp-json\/wp\/v2\/comments?post=37291"}],"wp:featuredmedia":[{"embeddable":true,"href":"https:\/\/pomello.ee\/fi\/wp-json\/wp\/v2\/media\/36922"}],"wp:attachment":[{"href":"https:\/\/pomello.ee\/fi\/wp-json\/wp\/v2\/media?parent=37291"}],"wp:term":[{"taxonomy":"product_brand","embeddable":true,"href":"https:\/\/pomello.ee\/fi\/wp-json\/wp\/v2\/product_brand?post=37291"},{"taxonomy":"product_cat","embeddable":true,"href":"https:\/\/pomello.ee\/fi\/wp-json\/wp\/v2\/product_cat?post=37291"},{"taxonomy":"product_tag","embeddable":true,"href":"https:\/\/pomello.ee\/fi\/wp-json\/wp\/v2\/product_tag?post=37291"}],"curies":[{"name":"wp","href":"https:\/\/api.w.org\/{rel}","templated":true}]}}