{"id":37294,"date":"2025-10-23T08:53:59","date_gmt":"2025-10-23T06:53:59","guid":{"rendered":"https:\/\/pomello.ee\/toode\/maxymova-mochi-silikonityynyt-lift\/"},"modified":"2025-10-23T08:53:59","modified_gmt":"2025-10-23T06:53:59","slug":"maxymova-mochi-silikonityynyt-lift","status":"publish","type":"product","link":"https:\/\/pomello.ee\/fi\/toode\/maxymova-mochi-silikonityynyt-lift\/","title":{"rendered":"MAXYMOVA MOCHI silikonityynyt LIFT"},"content":{"rendered":"<p>\ud83d\udccf N\u00e4in valitset oikean koon:<\/p>\n<p>Aseta lappu kuivalle silm\u00e4luomelle ilman liimaa.<\/p>\n<p>Nosta ripsesi lapun p\u00e4\u00e4lle ja katso, kuinka paljon ne peitt\u00e4v\u00e4t.<\/p>\n<p>Oikea koko on, kun ripsesi ulottuvat noin \u00be lapun pituudesta.<\/p>\n<p>Kun alat levitt\u00e4\u00e4 liimaa ripsien suoristamiseksi ja s\u00e4\u00e4nn\u00f6lliseksi tekemiseksi, ne ulottuvat yleens\u00e4 80\u201390 % lapun pituudesta.<\/p>\n","protected":false},"excerpt":{"rendered":"<p>MAXYMOVA MOCHI Silikoniset tyynyt LIFT \u2013 3 kokoa glittertyynyj\u00e4 suorille ja yl\u00f6sp\u00e4in kasvaville ripsille<\/p>\n<p>Saavuta t\u00e4ydellinen ripsien kohotus vaivattomasti!<\/p>\n<p>N\u00e4m\u00e4 superpehme\u00e4t, eritt\u00e4in tahmeat ja kimaltelevat silikoniset tyynyt on suunniteltu muotoilemaan ja kohottamaan ripsi\u00e4 t\u00e4ydellisesti \u2013 olivatpa ne sitten t\u00e4ysin suorat tai luonnollisen kaarevat.<\/p>\n<p>Tyynyt kuuluvat &#8221;LIFT&#8221;-sarjaan, joka antaa ripsille kauniin, tasaisen ja luonnollisen kohotuksen.<\/p>\n<p>Miksi valita MOCHI LIFT silikoniset tyynyt:<\/p>\n<p>Eritt\u00e4in pehme\u00e4 ja supertahmea silikoni \u2013 korkealaatuinen materiaali, joka on hell\u00e4varainen ripsille, mutta varmistaa vahvan tarttuvuuden ja tarkat tulokset.<\/p>\n<p>Kimalteleva muotoilu \u2013 v\u00e4rikk\u00e4\u00e4t ja kiilt\u00e4v\u00e4t tyynyt tuovat iloa ty\u00f6skentelyyn ja lis\u00e4\u00e4v\u00e4t persoonallisuutta ty\u00f6kaluihisi.<\/p>\n<p>Sopii t\u00e4ydellisesti suorille ja yl\u00f6sp\u00e4in kasvaville ripsille, auttaen saavuttamaan luonnollisen mutta ilmeikk\u00e4\u00e4n kohotuksen.<\/p>\n<p>Nopea ja tarkka ty\u00f6skentely \u2013 tahmean pinnan ansiosta ripset pysyv\u00e4t paikoillaan ja tulos on aina tasainen.<\/p>\n","protected":false},"featured_media":37205,"comment_status":"open","ping_status":"closed","template":"","meta":{"_monsterinsights_skip_tracking":false,"_monsterinsights_sitenote_active":false,"_monsterinsights_sitenote_note":"","_monsterinsights_sitenote_category":0},"product_brand":[],"product_cat":[475,1249,516,521],"product_tag":[],"class_list":{"0":"post-37294","1":"product","2":"type-product","3":"status-publish","4":"has-post-thumbnail","6":"product_cat-ripset","7":"product_cat-korean-lash-lift-fi","8":"product_cat-lash-lift-fi","9":"product_cat-silikonityynyt","10":"pa_brand-maxymova-fi","12":"first","13":"instock","14":"taxable","15":"shipping-taxable","16":"purchasable","17":"product-type-simple"},"_links":{"self":[{"href":"https:\/\/pomello.ee\/fi\/wp-json\/wp\/v2\/product\/37294","targetHints":{"allow":["GET"]}}],"collection":[{"href":"https:\/\/pomello.ee\/fi\/wp-json\/wp\/v2\/product"}],"about":[{"href":"https:\/\/pomello.ee\/fi\/wp-json\/wp\/v2\/types\/product"}],"replies":[{"embeddable":true,"href":"https:\/\/pomello.ee\/fi\/wp-json\/wp\/v2\/comments?post=37294"}],"wp:featuredmedia":[{"embeddable":true,"href":"https:\/\/pomello.ee\/fi\/wp-json\/wp\/v2\/media\/37205"}],"wp:attachment":[{"href":"https:\/\/pomello.ee\/fi\/wp-json\/wp\/v2\/media?parent=37294"}],"wp:term":[{"taxonomy":"product_brand","embeddable":true,"href":"https:\/\/pomello.ee\/fi\/wp-json\/wp\/v2\/product_brand?post=37294"},{"taxonomy":"product_cat","embeddable":true,"href":"https:\/\/pomello.ee\/fi\/wp-json\/wp\/v2\/product_cat?post=37294"},{"taxonomy":"product_tag","embeddable":true,"href":"https:\/\/pomello.ee\/fi\/wp-json\/wp\/v2\/product_tag?post=37294"}],"curies":[{"name":"wp","href":"https:\/\/api.w.org\/{rel}","templated":true}]}}