{"id":37297,"date":"2025-10-24T07:32:03","date_gmt":"2025-10-24T05:32:03","guid":{"rendered":"https:\/\/pomello.ee\/toode\/elan-supersonic-2-0-set\/"},"modified":"2025-10-24T07:32:03","modified_gmt":"2025-10-24T05:32:03","slug":"elan-supersonic-2-0-set","status":"publish","type":"product","link":"https:\/\/pomello.ee\/fi\/toode\/elan-supersonic-2-0-set\/","title":{"rendered":"ELAN Supersonic 2.0 SET"},"content":{"rendered":"<p>ELAN SUPERSONIC 2.0 -pakkauksen edut<\/p>\n<p>Kolmivaiheinen ammattimainen j\u00e4rjestelm\u00e4 kulmakarvojen ja ripsien laminointiin<\/p>\n<p>Nopea vaikutusaika<\/p>\n<p>Patentoidut komponentit: MULTIVIT SHUTTLE ja CERAMIDE A2<\/p>\n<p>Luja ja pysyv\u00e4 kiinnitys<\/p>\n<p>Suojaa ja vahvistaa hiusrakennetta<\/p>\n<p>Kunkin seerumin tilavuus: 3 ml (pussi)<\/p>\n<p>K\u00e4ytt\u00f6ohjeet<\/p>\n<p>Puhdista ty\u00f6alue ELAN Detox-Mousse 2.0:lla. Jos iho on herkk\u00e4, k\u00e4yt\u00e4 argan\u00f6ljy\u00e4 sis\u00e4lt\u00e4v\u00e4\u00e4 suojavoidetta.<\/p>\n<p>Levit\u00e4 Serum 1 CLEAR hiusten kasvusuuntaan:<\/p>\n<p>j\u00e4yk\u00e4t ja v\u00e4rj\u00e4\u00e4m\u00e4tt\u00f6m\u00e4t hiukset \u2013 5\u20138 min<\/p>\n<p>normaalit tai aiemmin v\u00e4rj\u00e4tyt hiukset \u2013 3\u20135 min<\/p>\n<p>Levit\u00e4 Serum 2 haluttuun muotoon ja suuntaan. Anna vaikuttaa yht\u00e4 kauan kuin ensimm\u00e4inen seerumi (v\u00e4hint\u00e4\u00e4n 6 min, enint\u00e4\u00e4n 15 min yhteens\u00e4).<\/p>\n<p>Jos aiot v\u00e4rj\u00e4t\u00e4 hiuksesi \u2013 poista tuote kostealla vanulapulla. Jos ei, puhdista Detox-Mousse-vaahdolla ja huuhtele vedell\u00e4.<\/p>\n<p>Anna Multivitorin vaikuttaa 5 minuuttia. Poista j\u00e4\u00e4m\u00e4t kostealla vanulapulla tai huuhtele vedell\u00e4.<\/p>\n","protected":false},"excerpt":{"rendered":"<p>ELAN SUPERSONIC 2.0 \u2013 Kulmakarvojen ja ripsien laminointisarja<\/p>\n<p>ELAN SUPERSONIC 2.0 on ammattimainen kolmivaiheinen j\u00e4rjestelm\u00e4 kulmakarvojen ja ripsien laminointiin. Sarjan avulla voit muuttaa karvojen muotoa, korjata tuloksen ja halutessasi my\u00f6s v\u00e4rj\u00e4t\u00e4 ne \u2013 kaikki yhdell\u00e4 toimenpiteell\u00e4. P\u00e4ivitetyn koostumuksen ansiosta toimenpide suoritetaan nopeasti ja turvallisesti vahingoittamatta hiusten rakennetta.<\/p>\n<p>Sarja sis\u00e4lt\u00e4\u00e4 3 ml:n pusseja.<\/p>\n","protected":false},"featured_media":37229,"comment_status":"open","ping_status":"closed","template":"","meta":{"_monsterinsights_skip_tracking":false,"_monsterinsights_sitenote_active":false,"_monsterinsights_sitenote_note":"","_monsterinsights_sitenote_category":0},"product_brand":[],"product_cat":[476,899,477,1206],"product_tag":[],"class_list":{"0":"post-37297","1":"product","2":"type-product","3":"status-publish","4":"has-post-thumbnail","6":"product_cat-kulmakarvat","7":"product_cat-emulsiot-fi","8":"product_cat-kulmien-laminointi","9":"product_cat-lash-lift-laminointisetit","10":"pa_brand-elan-fi","12":"first","13":"outofstock","14":"taxable","15":"shipping-taxable","16":"purchasable","17":"product-type-simple"},"_links":{"self":[{"href":"https:\/\/pomello.ee\/fi\/wp-json\/wp\/v2\/product\/37297","targetHints":{"allow":["GET"]}}],"collection":[{"href":"https:\/\/pomello.ee\/fi\/wp-json\/wp\/v2\/product"}],"about":[{"href":"https:\/\/pomello.ee\/fi\/wp-json\/wp\/v2\/types\/product"}],"replies":[{"embeddable":true,"href":"https:\/\/pomello.ee\/fi\/wp-json\/wp\/v2\/comments?post=37297"}],"wp:featuredmedia":[{"embeddable":true,"href":"https:\/\/pomello.ee\/fi\/wp-json\/wp\/v2\/media\/37229"}],"wp:attachment":[{"href":"https:\/\/pomello.ee\/fi\/wp-json\/wp\/v2\/media?parent=37297"}],"wp:term":[{"taxonomy":"product_brand","embeddable":true,"href":"https:\/\/pomello.ee\/fi\/wp-json\/wp\/v2\/product_brand?post=37297"},{"taxonomy":"product_cat","embeddable":true,"href":"https:\/\/pomello.ee\/fi\/wp-json\/wp\/v2\/product_cat?post=37297"},{"taxonomy":"product_tag","embeddable":true,"href":"https:\/\/pomello.ee\/fi\/wp-json\/wp\/v2\/product_tag?post=37297"}],"curies":[{"name":"wp","href":"https:\/\/api.w.org\/{rel}","templated":true}]}}