{"id":37300,"date":"2025-10-26T07:41:47","date_gmt":"2025-10-26T05:41:47","guid":{"rendered":"https:\/\/pomello.ee\/toode\/my-lamination-timeless-skin-care-lahjasetti\/"},"modified":"2025-10-26T07:41:47","modified_gmt":"2025-10-26T05:41:47","slug":"my-lamination-timeless-skin-care-lahjasetti","status":"publish","type":"product","link":"https:\/\/pomello.ee\/fi\/toode\/my-lamination-timeless-skin-care-lahjasetti\/","title":{"rendered":"My Lamination Timeless Skin Care -lahjasetti"},"content":{"rendered":"<p>Setti sis\u00e4lt\u00e4\u00e4:<\/p>\n<p>Timeless Face Serum \u2013 nuorentava kasvoseerumi<\/p>\n<p>Pueraria lobata -uute \u2013 silottaa ilmejuonteita ja v\u00e4hent\u00e4\u00e4 ryppyj\u00e4<\/p>\n<p>Hyaluronihappo \u2013 kosteuttaa syv\u00e4lt\u00e4 ja t\u00e4ytel\u00e4ist\u00e4\u00e4 ihoa<\/p>\n<p>Yrttiantioksidanttikompleksi \u2013 parantaa ihon kimmoisuutta ja suojaa vapailta radikaaleilta<\/p>\n<p>Timeless Face Cream \u2013 kiinteytt\u00e4v\u00e4 kasvovoide<\/p>\n<p>Mikrolev\u00e4uute \u2013 kiinteytt\u00e4\u00e4 ja torjuu ik\u00e4\u00e4ntymisen merkkej\u00e4<\/p>\n<p>Hyaluronihapposekoitus \u2013 vahvistaa ja kosteuttaa ihoa syv\u00e4lt\u00e4<\/p>\n<p>Kaurauute \u2013 rauhoittaa ja ravitsee<\/p>\n<p>Damaskoksen ruusuvesi \u2013 virkist\u00e4\u00e4 ja antaa iholle luonnollisen hehkun<\/p>\n<p>Kliinisesti todistetut tulokset 4 viikossa:<\/p>\n<p>93 %:n v\u00e4hennys ryppyjen kokonaispituudessa<\/p>\n<p>85 % k\u00e4ytt\u00e4jist\u00e4 huomasi ryppyjen n\u00e4kyv\u00e4n v\u00e4henemisen<\/p>\n<p>44 %:n v\u00e4hennys ryppyjen syvyydess\u00e4<\/p>\n<p>70 % k\u00e4ytt\u00e4jist\u00e4 vahvisti ihon tasaisemman ja sile\u00e4mm\u00e4n ulkon\u00e4\u00f6n<\/p>\n<p>Testit tehtiin 40 naiselle, joiden keski-ik\u00e4 oli 54 vuotta.<\/p>\n","protected":false},"excerpt":{"rendered":"<p>My Lamination Timeless Skin Care Set on t\u00e4ydellinen ik\u00e4\u00e4ntymisen vastainen hoitosetti.<\/p>\n<p>Setti sis\u00e4lt\u00e4\u00e4 Timeless Face Serum -seerumin ja Timeless Face Cream -kasvovoiteen \u2013 kaksi ylellist\u00e4 hoitotuotetta, jotka palauttavat ihon elinvoiman, kiinteytt\u00e4v\u00e4t ja kosteuttavat syv\u00e4lt\u00e4. Korkealaatuiset aktiiviset ainesosat auttavat v\u00e4hent\u00e4m\u00e4\u00e4n n\u00e4kyvi\u00e4 ik\u00e4\u00e4ntymisen merkkej\u00e4, parantamaan ihon s\u00e4vy\u00e4 ja palauttamaan sen luonnollisen hehkun.<\/p>\n<p>Settiin kuuluva Timeless Face Cream on tehokas ik\u00e4\u00e4ntymisen vastainen kasvovoide, jonka mikrolev\u00e4kompleksi, hyaluronihappo ja Damaskoksen ruusuuute kiinteytt\u00e4v\u00e4t, kosteuttavat ja auttavat ehk\u00e4isem\u00e4\u00e4n uusien ryppyjen muodostumista. Voide tekee ihosta kiinte\u00e4mm\u00e4n ja sile\u00e4mm\u00e4n, antaen sille nuorekkaan hehkun. Timeless Face Serum on kevyt mutta tehokkaasti uudistava seerumi, joka stimuloi solujen uusiutumista, v\u00e4hent\u00e4\u00e4 ilmejuonteita ja parantaa ihon kimmoisuutta.<\/p>\n<p>Tuloksena on syv\u00e4kosteutettu, t\u00e4ytel\u00e4isempi ja kiinte\u00e4mpi iho, jossa on n\u00e4kyv\u00e4sti v\u00e4hemm\u00e4n ryppyj\u00e4 ja kirkkaampi, tasaisempi ihonv\u00e4ri. Timeless-sarjan tuotteet on rikastettu korkealaatuisemmilla aktiivisilla ainesosilla, jotka auttavat palauttamaan ihon rakenteen ja yll\u00e4pit\u00e4m\u00e4\u00e4n sen nuorekasta ulkon\u00e4k\u00f6\u00e4. Nauti p\u00e4ivitt\u00e4isest\u00e4 hoidosta, joka tekee ihostasi raikkaan, joustavan ja s\u00e4teilev\u00e4n ajattoman nuorekkaan.<\/p>\n<p>Ihanteellinen tilaisuus tilata lahjasettej\u00e4 joululahjoiksi, salonkimyynniksi tai vain hemmotteluun. T\u00e4ydellinen valinta, joka tuo kiiltoa jokaiseen kauneusrituaaliin!<\/p>\n<p>Suosittelemme &#8211; l\u00f6yd\u00e4 nuorekkaan ja s\u00e4teilev\u00e4n ihon salaisuus!<\/p>\n","protected":false},"featured_media":37267,"comment_status":"open","ping_status":"closed","template":"","meta":{"_monsterinsights_skip_tracking":false,"_monsterinsights_sitenote_active":false,"_monsterinsights_sitenote_note":"","_monsterinsights_sitenote_category":0},"product_brand":[],"product_cat":[1542,976],"product_tag":[],"class_list":{"0":"post-37300","1":"product","2":"type-product","3":"status-publish","4":"has-post-thumbnail","6":"product_cat-lahjapakkaukset","7":"product_cat-kasvot","8":"pa_brand-my-lamination-fi","10":"first","11":"outofstock","12":"taxable","13":"shipping-taxable","14":"purchasable","15":"product-type-simple"},"_links":{"self":[{"href":"https:\/\/pomello.ee\/fi\/wp-json\/wp\/v2\/product\/37300","targetHints":{"allow":["GET"]}}],"collection":[{"href":"https:\/\/pomello.ee\/fi\/wp-json\/wp\/v2\/product"}],"about":[{"href":"https:\/\/pomello.ee\/fi\/wp-json\/wp\/v2\/types\/product"}],"replies":[{"embeddable":true,"href":"https:\/\/pomello.ee\/fi\/wp-json\/wp\/v2\/comments?post=37300"}],"wp:featuredmedia":[{"embeddable":true,"href":"https:\/\/pomello.ee\/fi\/wp-json\/wp\/v2\/media\/37267"}],"wp:attachment":[{"href":"https:\/\/pomello.ee\/fi\/wp-json\/wp\/v2\/media?parent=37300"}],"wp:term":[{"taxonomy":"product_brand","embeddable":true,"href":"https:\/\/pomello.ee\/fi\/wp-json\/wp\/v2\/product_brand?post=37300"},{"taxonomy":"product_cat","embeddable":true,"href":"https:\/\/pomello.ee\/fi\/wp-json\/wp\/v2\/product_cat?post=37300"},{"taxonomy":"product_tag","embeddable":true,"href":"https:\/\/pomello.ee\/fi\/wp-json\/wp\/v2\/product_tag?post=37300"}],"curies":[{"name":"wp","href":"https:\/\/api.w.org\/{rel}","templated":true}]}}