{"id":37303,"date":"2025-10-26T08:17:40","date_gmt":"2025-10-26T06:17:40","guid":{"rendered":"https:\/\/pomello.ee\/toode\/lamination-hyaluronic-skin-care-lahjasetti\/"},"modified":"2025-10-26T08:17:40","modified_gmt":"2025-10-26T06:17:40","slug":"lamination-hyaluronic-skin-care-lahjasetti","status":"publish","type":"product","link":"https:\/\/pomello.ee\/fi\/toode\/lamination-hyaluronic-skin-care-lahjasetti\/","title":{"rendered":"Lamination Hyaluronic Skin Care -lahjasetti"},"content":{"rendered":"<p>Setti sis\u00e4lt\u00e4\u00e4:<\/p>\n<p>Hyaluronic Face Serum \u2013 hyaluronihappoon perustuva seerumi, joka imeytyy syv\u00e4lle ihoon ja tarjoaa v\u00e4lit\u00f6nt\u00e4 ja pitk\u00e4kestoista kosteutusta.<\/p>\n<p>V\u00e4hent\u00e4\u00e4 hienojen juonteiden ja ryppyjen n\u00e4kymist\u00e4 j\u00e4tt\u00e4en ihon kiinte\u00e4ksi, joustavaksi ja s\u00e4teilev\u00e4ksi.<\/p>\n<p>Mineraalikasvovoide \u2013 kevyt, mineraalirikas kasvovoide, joka ravitsee ja suojaa ihoa.<\/p>\n<p>Suunniteltu yll\u00e4pit\u00e4m\u00e4\u00e4n kosteustasapainoa, rauhoittamaan ja silottamaan ihoa, sopii my\u00f6s herk\u00e4lle iholle.<\/p>\n<p>Kliinisesti todistetut tulokset:<br \/>\n7 p\u00e4iv\u00e4n k\u00e4yt\u00f6n j\u00e4lkeen:<\/p>\n<p>92 % testaajista huomasi ryppyjen v\u00e4hentyneen jopa 34 %<\/p>\n<p>99 % koki ihon kosteustason keskim\u00e4\u00e4rin 4,4 % nousun<\/p>\n<p>4 viikon k\u00e4yt\u00f6n j\u00e4lkeen:<\/p>\n<p>97 % huomasi ryppyjen v\u00e4hentyneen jopa 47 %<\/p>\n<p>100 % vahvisti ihon syv\u00e4n ja pitk\u00e4kestoisen kosteutuksen<\/p>\n<p>K\u00e4ytt\u00f6ohjeet:<br \/>\nLevit\u00e4 tarvittava m\u00e4\u00e4r\u00e4 puhdistetulle kasvoille ja kaulalle. Hiero hell\u00e4varaisesti py\u00f6rivin liikkein, kunnes voide on t\u00e4ysin imeytynyt.<\/p>\n<p>Parhaan tuloksen saavuttamiseksi k\u00e4yt\u00e4 yhdess\u00e4 Hyaluronic Face Serum -kasvoseerumin kanssa.<\/p>\n<p>Ei sis\u00e4ll\u00e4:<br \/>\nParabeeneja, v\u00e4riaineita, mineraali\u00f6ljyj\u00e4, silikoneja eik\u00e4 formaldehydi\u00e4.<\/p>\n<p>Valmistettu Italiassa &#8211; dermatologisesti testattu koostumus, joka yhdist\u00e4\u00e4 tieteen ja kauneuden.<\/p>\n","protected":false},"excerpt":{"rendered":"<p>My Lamination Hyaluronic Skin Care Set \u2013 L\u00f6yd\u00e4 nuorekkaan hehkun ja syv\u00e4kosteutetun ihon salaisuus!<\/p>\n<p>My Lamination Hyaluronic Skin Care Gift Set on ylellinen kasvojenhoitosetti, joka yhdist\u00e4\u00e4 hyaluronihapposeerumin ja mineraalikasvovoiteen \u2013 kaksi tuotetta, jotka toimivat t\u00e4ydellisesti yhdess\u00e4 palauttaen ihon kosteustasapainon, kimmoisuuden ja luonnollisen hehkun.<\/p>\n<p>Hyaluronic Face Serum on tehokkaasti kosteuttava seerumi, joka sis\u00e4lt\u00e4\u00e4 runsaasti hyaluronihappoa. Se tunkeutuu syv\u00e4lle ihoon v\u00e4hent\u00e4en hienojen juonteiden ja ryppyjen n\u00e4kymist\u00e4 tehden ihosta kiinte\u00e4mm\u00e4n, sile\u00e4mm\u00e4n ja eloisamman.<\/p>\n<p>Mineraalikasvovoide on kasvovoide, jolla on remineralisoivia, kosteuttavia ja ravitsevia ominaisuuksia. Se sis\u00e4lt\u00e4\u00e4 Kuolleenmeren suoloja, hyaluronihappoa, malvauutetta (lehmus), E-vitamiinia (tokoferoli) ja luonnollisia hoitavia \u00f6ljyj\u00e4. Voide palauttaa ihon mineraalitasapainon, ravitsee ja suojaa sit\u00e4 kuivumiselta j\u00e4tt\u00e4en ihon silkkisen pehme\u00e4ksi ja s\u00e4teilev\u00e4ksi. Kevyt koostumus imeytyy nopeasti ja sopii p\u00e4ivitt\u00e4iseen k\u00e4ytt\u00f6\u00f6n my\u00f6s herk\u00e4lle iholle.<\/p>\n<p>Ihanteellinen tilaisuus tilata lahjasettej\u00e4 joululahjoiksi, salonkilahjojen j\u00e4lleenmyyntiin tai vain hemmotteluun.<\/p>\n","protected":false},"featured_media":37280,"comment_status":"open","ping_status":"closed","template":"","meta":{"_monsterinsights_skip_tracking":false,"_monsterinsights_sitenote_active":false,"_monsterinsights_sitenote_note":"","_monsterinsights_sitenote_category":0},"product_brand":[],"product_cat":[1542,976],"product_tag":[],"class_list":{"0":"post-37303","1":"product","2":"type-product","3":"status-publish","4":"has-post-thumbnail","6":"product_cat-lahjapakkaukset","7":"product_cat-kasvot","8":"pa_brand-my-lamination-fi","10":"first","11":"instock","12":"taxable","13":"shipping-taxable","14":"purchasable","15":"product-type-simple"},"_links":{"self":[{"href":"https:\/\/pomello.ee\/fi\/wp-json\/wp\/v2\/product\/37303","targetHints":{"allow":["GET"]}}],"collection":[{"href":"https:\/\/pomello.ee\/fi\/wp-json\/wp\/v2\/product"}],"about":[{"href":"https:\/\/pomello.ee\/fi\/wp-json\/wp\/v2\/types\/product"}],"replies":[{"embeddable":true,"href":"https:\/\/pomello.ee\/fi\/wp-json\/wp\/v2\/comments?post=37303"}],"wp:featuredmedia":[{"embeddable":true,"href":"https:\/\/pomello.ee\/fi\/wp-json\/wp\/v2\/media\/37280"}],"wp:attachment":[{"href":"https:\/\/pomello.ee\/fi\/wp-json\/wp\/v2\/media?parent=37303"}],"wp:term":[{"taxonomy":"product_brand","embeddable":true,"href":"https:\/\/pomello.ee\/fi\/wp-json\/wp\/v2\/product_brand?post=37303"},{"taxonomy":"product_cat","embeddable":true,"href":"https:\/\/pomello.ee\/fi\/wp-json\/wp\/v2\/product_cat?post=37303"},{"taxonomy":"product_tag","embeddable":true,"href":"https:\/\/pomello.ee\/fi\/wp-json\/wp\/v2\/product_tag?post=37303"}],"curies":[{"name":"wp","href":"https:\/\/api.w.org\/{rel}","templated":true}]}}