{"id":37489,"date":"2025-10-31T09:32:45","date_gmt":"2025-10-31T07:32:45","guid":{"rendered":"https:\/\/pomello.ee\/toode\/oko-large-angled-brush-1-black-edition\/"},"modified":"2025-10-31T09:32:45","modified_gmt":"2025-10-31T07:32:45","slug":"oko-large-angled-brush-1-black-edition","status":"publish","type":"product","link":"https:\/\/pomello.ee\/fi\/toode\/oko-large-angled-brush-1-black-edition\/","title":{"rendered":"OKO Large Angled Brush #1 BLACK EDITION"},"content":{"rendered":"","protected":false},"excerpt":{"rendered":"<p>OkO Lash &amp; Brow Large Angled Brush #1 \u2013 MUSTA PAINOS<\/p>\n<p>Ammattimainen monitoimiharja, joka on suunniteltu kauneudenhoidon ammattilaisille.<\/p>\n<p>Harja on valmistettu korkealaatuisista materiaaleista \u2013 se on joustava, tiivis ja kest\u00e4v\u00e4, mik\u00e4 takaa tarkat ja puhtaat tulokset joka kerta.<\/p>\n<p>OkO Brush No. 1:n avulla voit luoda eritt\u00e4in tarkkoja, selkeit\u00e4 ja ter\u00e4vi\u00e4 viivoja vain muutamalla vedolla. Ihanteellinen ty\u00f6kalu kulmakarvav\u00e4rin levitt\u00e4miseen ja muotoiluviivojen merkitsemiseen. Sopii k\u00e4ytett\u00e4v\u00e4ksi kulmakarvav\u00e4rien, hennan, koristekosmetiikan sek\u00e4 voide- ja geelirakenteiden kanssa.<\/p>\n<p>Siveltimen muotoilu ottaa huomioon ammattilaisen k\u00e4den anatomian \u2013 mukava kahva varmistaa vakauden ja tukevan otteen jopa pitk\u00e4n ty\u00f6p\u00e4iv\u00e4n aikana.<\/p>\n<p>Tekniset tiedot:<br \/>\n\u2022 Harjasten korkeus: 4\u20136 mm<br \/>\n\u2022 Harjasten leveys: 10 mm<br \/>\n\u2022 Harjan pituus: 17,6 cm<br \/>\n\u2022 Materiaali: synteettinen, nailon<\/p>\n","protected":false},"featured_media":37358,"comment_status":"open","ping_status":"closed","template":"","meta":{"_monsterinsights_skip_tracking":false,"_monsterinsights_sitenote_active":false,"_monsterinsights_sitenote_note":"","_monsterinsights_sitenote_category":0},"product_brand":[],"product_cat":[540,563],"product_tag":[],"class_list":{"0":"post-37489","1":"product","2":"type-product","3":"status-publish","4":"has-post-thumbnail","6":"product_cat-tarvikkeet","7":"product_cat-siveltimet","8":"pa_brand-oko-fi","10":"first","11":"instock","12":"taxable","13":"shipping-taxable","14":"purchasable","15":"product-type-simple"},"_links":{"self":[{"href":"https:\/\/pomello.ee\/fi\/wp-json\/wp\/v2\/product\/37489","targetHints":{"allow":["GET"]}}],"collection":[{"href":"https:\/\/pomello.ee\/fi\/wp-json\/wp\/v2\/product"}],"about":[{"href":"https:\/\/pomello.ee\/fi\/wp-json\/wp\/v2\/types\/product"}],"replies":[{"embeddable":true,"href":"https:\/\/pomello.ee\/fi\/wp-json\/wp\/v2\/comments?post=37489"}],"wp:featuredmedia":[{"embeddable":true,"href":"https:\/\/pomello.ee\/fi\/wp-json\/wp\/v2\/media\/37358"}],"wp:attachment":[{"href":"https:\/\/pomello.ee\/fi\/wp-json\/wp\/v2\/media?parent=37489"}],"wp:term":[{"taxonomy":"product_brand","embeddable":true,"href":"https:\/\/pomello.ee\/fi\/wp-json\/wp\/v2\/product_brand?post=37489"},{"taxonomy":"product_cat","embeddable":true,"href":"https:\/\/pomello.ee\/fi\/wp-json\/wp\/v2\/product_cat?post=37489"},{"taxonomy":"product_tag","embeddable":true,"href":"https:\/\/pomello.ee\/fi\/wp-json\/wp\/v2\/product_tag?post=37489"}],"curies":[{"name":"wp","href":"https:\/\/api.w.org\/{rel}","templated":true}]}}