{"id":37492,"date":"2025-10-31T09:36:13","date_gmt":"2025-10-31T07:36:13","guid":{"rendered":"https:\/\/pomello.ee\/toode\/oko-mini-angled-brush-2-black-edition\/"},"modified":"2025-10-31T09:36:13","modified_gmt":"2025-10-31T07:36:13","slug":"oko-mini-angled-brush-2-black-edition","status":"publish","type":"product","link":"https:\/\/pomello.ee\/fi\/toode\/oko-mini-angled-brush-2-black-edition\/","title":{"rendered":"OKO Mini Angled Brush #2 BLACK EDITION"},"content":{"rendered":"","protected":false},"excerpt":{"rendered":"<p>OkO Lash &amp; Brow Mini Angled Brush #2 \u2013 MUSTA PAINOS<\/p>\n<p>Harja kauneusperfektionistien k\u00e4ytt\u00f6\u00f6n!<\/p>\n<p>OkO Brush No. 2 on suunniteltu luomaan eritt\u00e4in tarkkoja ja hienoja viivoja ja saavuttamaan kerrostettu v\u00e4ritulos. Sen kompakti koko ja kulmikas muoto mahdollistavat jopa kulmakarvojen vaikeimpienkin kohtien saavuttamisen koskematta karvoihin.<\/p>\n<p>Ihanteellinen ty\u00f6kalu sek\u00e4 kulmakarvojen v\u00e4rj\u00e4\u00e4miseen ett\u00e4 muotoiluun ja ripsien laminointikoostumusten tarkkaan levitt\u00e4miseen.<\/p>\n<p>Harja on valmistettu korkealaatuisesta synteettisest\u00e4 materiaalista \u2013 joustava, tihe\u00e4 ja kulutusta kest\u00e4v\u00e4, mik\u00e4 varmistaa tarkan hallinnan jokaisella vedolla.<\/p>\n<p>Sopii k\u00e4ytett\u00e4v\u00e4ksi kulmakarvav\u00e4rien, hennan, koristekosmetiikan sek\u00e4 voide- ja geelikoostumusten kanssa.<\/p>\n<p>Kahva on suunniteltu ottaen huomioon asiantuntijan k\u00e4den anatomian, mik\u00e4 tarjoaa mukavuutta ja vakautta my\u00f6s pitk\u00e4aikaisessa ty\u00f6ss\u00e4.<\/p>\n<p>Tekniset tiedot:<br \/>\n\u2022 Harjasten korkeus: 4-6 mm<br \/>\n\u2022 Harjasten leveys: 4 mm<br \/>\n\u2022 Harjan pituus: 16,5 cm<br \/>\n\u2022 Materiaali: synteettinen, nailon<\/p>\n","protected":false},"featured_media":37371,"comment_status":"open","ping_status":"closed","template":"","meta":{"_monsterinsights_skip_tracking":false,"_monsterinsights_sitenote_active":false,"_monsterinsights_sitenote_note":"","_monsterinsights_sitenote_category":0},"product_brand":[],"product_cat":[540,563],"product_tag":[],"class_list":{"0":"post-37492","1":"product","2":"type-product","3":"status-publish","4":"has-post-thumbnail","6":"product_cat-tarvikkeet","7":"product_cat-siveltimet","8":"pa_brand-oko-fi","10":"first","11":"instock","12":"taxable","13":"shipping-taxable","14":"purchasable","15":"product-type-simple"},"_links":{"self":[{"href":"https:\/\/pomello.ee\/fi\/wp-json\/wp\/v2\/product\/37492","targetHints":{"allow":["GET"]}}],"collection":[{"href":"https:\/\/pomello.ee\/fi\/wp-json\/wp\/v2\/product"}],"about":[{"href":"https:\/\/pomello.ee\/fi\/wp-json\/wp\/v2\/types\/product"}],"replies":[{"embeddable":true,"href":"https:\/\/pomello.ee\/fi\/wp-json\/wp\/v2\/comments?post=37492"}],"wp:featuredmedia":[{"embeddable":true,"href":"https:\/\/pomello.ee\/fi\/wp-json\/wp\/v2\/media\/37371"}],"wp:attachment":[{"href":"https:\/\/pomello.ee\/fi\/wp-json\/wp\/v2\/media?parent=37492"}],"wp:term":[{"taxonomy":"product_brand","embeddable":true,"href":"https:\/\/pomello.ee\/fi\/wp-json\/wp\/v2\/product_brand?post=37492"},{"taxonomy":"product_cat","embeddable":true,"href":"https:\/\/pomello.ee\/fi\/wp-json\/wp\/v2\/product_cat?post=37492"},{"taxonomy":"product_tag","embeddable":true,"href":"https:\/\/pomello.ee\/fi\/wp-json\/wp\/v2\/product_tag?post=37492"}],"curies":[{"name":"wp","href":"https:\/\/api.w.org\/{rel}","templated":true}]}}