{"id":37495,"date":"2025-10-31T09:39:05","date_gmt":"2025-10-31T07:39:05","guid":{"rendered":"https:\/\/pomello.ee\/toode\/oko-angled-brush-3-black-edition\/"},"modified":"2025-10-31T09:39:05","modified_gmt":"2025-10-31T07:39:05","slug":"oko-angled-brush-3-black-edition","status":"publish","type":"product","link":"https:\/\/pomello.ee\/fi\/toode\/oko-angled-brush-3-black-edition\/","title":{"rendered":"OKO Angled Brush #3 BLACK EDITION"},"content":{"rendered":"","protected":false},"excerpt":{"rendered":"<p>OkO Lash &amp; Brow Angled Brush #3 \u2013 MUSTA VERSIO<\/p>\n<p>Monik\u00e4ytt\u00f6inen ammattimainen harja kauneudenhoidon ammattilaisille.<\/p>\n<p>OkO Brush No.3 on valmistettu korkealaatuisista materiaaleista \u2013 elastisista, tiiviist\u00e4 ja kulutusta kest\u00e4vist\u00e4, mik\u00e4 tarjoaa tarkan hallinnan ja sujuvan ty\u00f6nkulun.<\/p>\n<p>Harjalla voit luoda eritt\u00e4in tarkkoja viivoja, pehmeit\u00e4 vetoja ja kerroksia luonnollisella karvaj\u00e4ljitelm\u00e4ll\u00e4. T\u00e4ydellinen kulmakarvojen muotoiluun, v\u00e4rj\u00e4ykseen ja hienojen yksityiskohtien viimeistelyyn.<\/p>\n<p>Sopii k\u00e4ytett\u00e4v\u00e4ksi kulmakarvav\u00e4rin, hennan, koristekosmetiikan sek\u00e4 voide- ja geelirakenteiden kanssa.<\/p>\n<p>Kahva on suunniteltu ammattilaisen mukavuutta ajatellen \u2013 ergonominen muoto takaa vakaan ja miellytt\u00e4v\u00e4n ty\u00f6asennon.<\/p>\n<p>Tekniset tiedot:<br \/>\n\u2022 Harjasten korkeus: 4\u20136 mm<br \/>\n\u2022 Harjasten leveys: 8 mm<br \/>\n\u2022 Harjan pituus: 16,5 cm<br \/>\n\u2022 Materiaali: synteettinen, nailon<\/p>\n","protected":false},"featured_media":37384,"comment_status":"open","ping_status":"closed","template":"","meta":{"_monsterinsights_skip_tracking":false,"_monsterinsights_sitenote_active":false,"_monsterinsights_sitenote_note":"","_monsterinsights_sitenote_category":0},"product_brand":[],"product_cat":[540,563],"product_tag":[],"class_list":{"0":"post-37495","1":"product","2":"type-product","3":"status-publish","4":"has-post-thumbnail","6":"product_cat-tarvikkeet","7":"product_cat-siveltimet","8":"pa_brand-oko-fi","10":"first","11":"instock","12":"taxable","13":"shipping-taxable","14":"purchasable","15":"product-type-simple"},"_links":{"self":[{"href":"https:\/\/pomello.ee\/fi\/wp-json\/wp\/v2\/product\/37495","targetHints":{"allow":["GET"]}}],"collection":[{"href":"https:\/\/pomello.ee\/fi\/wp-json\/wp\/v2\/product"}],"about":[{"href":"https:\/\/pomello.ee\/fi\/wp-json\/wp\/v2\/types\/product"}],"replies":[{"embeddable":true,"href":"https:\/\/pomello.ee\/fi\/wp-json\/wp\/v2\/comments?post=37495"}],"wp:featuredmedia":[{"embeddable":true,"href":"https:\/\/pomello.ee\/fi\/wp-json\/wp\/v2\/media\/37384"}],"wp:attachment":[{"href":"https:\/\/pomello.ee\/fi\/wp-json\/wp\/v2\/media?parent=37495"}],"wp:term":[{"taxonomy":"product_brand","embeddable":true,"href":"https:\/\/pomello.ee\/fi\/wp-json\/wp\/v2\/product_brand?post=37495"},{"taxonomy":"product_cat","embeddable":true,"href":"https:\/\/pomello.ee\/fi\/wp-json\/wp\/v2\/product_cat?post=37495"},{"taxonomy":"product_tag","embeddable":true,"href":"https:\/\/pomello.ee\/fi\/wp-json\/wp\/v2\/product_tag?post=37495"}],"curies":[{"name":"wp","href":"https:\/\/api.w.org\/{rel}","templated":true}]}}