{"id":37498,"date":"2025-10-31T09:42:03","date_gmt":"2025-10-31T07:42:03","guid":{"rendered":"https:\/\/pomello.ee\/toode\/oko-flat-brush-4-black-edition\/"},"modified":"2025-10-31T09:42:03","modified_gmt":"2025-10-31T07:42:03","slug":"oko-flat-brush-4-black-edition","status":"publish","type":"product","link":"https:\/\/pomello.ee\/fi\/toode\/oko-flat-brush-4-black-edition\/","title":{"rendered":"OKO Flat Brush #4 BLACK EDITION"},"content":{"rendered":"","protected":false},"excerpt":{"rendered":"<p>OkO Ripsi- ja Kulmakarvasivellin #4 \u2013 MUSTA PAINOS<\/p>\n<p>Ammattimainen monitoimisivellin, joka on luotu kauneudenhoidon ammattilaisille, jotka arvostavat tarkkuutta ja mukavuutta.<\/p>\n<p>OkO Sivellin nro 4 on valmistettu korkealaatuisesta synteettisest\u00e4 materiaalista \u2013 joustava, tihe\u00e4 ja kulutusta kest\u00e4v\u00e4, mik\u00e4 varmistaa tukevan hallinnan jokaisessa vaiheessa.<\/p>\n<p>Ihanteellinen ty\u00f6kalu kermaisten ja geelim\u00e4isten koostumusten kanssa ty\u00f6skentelyyn. T\u00e4ydellinen kulmakarvojen merkitsemiseen tahnalla tai kyn\u00e4ll\u00e4 sek\u00e4 viivojen puhdistamiseen maalin tai hennan k\u00e4yt\u00f6n j\u00e4lkeen.<\/p>\n<p>Lis\u00e4ksi sivellin on hy\u00f6dyllinen ripsien laminoinnissa \u2013 ripsien asettamisessa silikonialustoille ja kiinnitt\u00e4misess\u00e4 liimalla.<\/p>\n<p>Ergomoninen kahva on suunniteltu ottaen huomioon ammattilaisen k\u00e4den luonnollisen asennon, mik\u00e4 tarjoaa maksimaalisen mukavuuden ja vakauden my\u00f6s tarkkaa ty\u00f6t\u00e4 teht\u00e4ess\u00e4.<\/p>\n<p>Tekniset tiedot:<br \/>\n\u2022 Harjasten korkeus: 6 mm<br \/>\n\u2022 Harjasten leveys: 10 mm<br \/>\n\u2022 Harjan pituus: 17,5 cm<br \/>\n\u2022 Materiaali: synteettinen, nailon<\/p>\n","protected":false},"featured_media":37397,"comment_status":"open","ping_status":"closed","template":"","meta":{"_monsterinsights_skip_tracking":false,"_monsterinsights_sitenote_active":false,"_monsterinsights_sitenote_note":"","_monsterinsights_sitenote_category":0},"product_brand":[],"product_cat":[540,563],"product_tag":[],"class_list":{"0":"post-37498","1":"product","2":"type-product","3":"status-publish","4":"has-post-thumbnail","6":"product_cat-tarvikkeet","7":"product_cat-siveltimet","8":"pa_brand-oko-fi","10":"first","11":"instock","12":"taxable","13":"shipping-taxable","14":"purchasable","15":"product-type-simple"},"_links":{"self":[{"href":"https:\/\/pomello.ee\/fi\/wp-json\/wp\/v2\/product\/37498","targetHints":{"allow":["GET"]}}],"collection":[{"href":"https:\/\/pomello.ee\/fi\/wp-json\/wp\/v2\/product"}],"about":[{"href":"https:\/\/pomello.ee\/fi\/wp-json\/wp\/v2\/types\/product"}],"replies":[{"embeddable":true,"href":"https:\/\/pomello.ee\/fi\/wp-json\/wp\/v2\/comments?post=37498"}],"wp:featuredmedia":[{"embeddable":true,"href":"https:\/\/pomello.ee\/fi\/wp-json\/wp\/v2\/media\/37397"}],"wp:attachment":[{"href":"https:\/\/pomello.ee\/fi\/wp-json\/wp\/v2\/media?parent=37498"}],"wp:term":[{"taxonomy":"product_brand","embeddable":true,"href":"https:\/\/pomello.ee\/fi\/wp-json\/wp\/v2\/product_brand?post=37498"},{"taxonomy":"product_cat","embeddable":true,"href":"https:\/\/pomello.ee\/fi\/wp-json\/wp\/v2\/product_cat?post=37498"},{"taxonomy":"product_tag","embeddable":true,"href":"https:\/\/pomello.ee\/fi\/wp-json\/wp\/v2\/product_tag?post=37498"}],"curies":[{"name":"wp","href":"https:\/\/api.w.org\/{rel}","templated":true}]}}