{"id":37501,"date":"2025-10-31T09:44:45","date_gmt":"2025-10-31T07:44:45","guid":{"rendered":"https:\/\/pomello.ee\/toode\/oko-soft-angled-brush-5-black-edition\/"},"modified":"2025-10-31T09:44:45","modified_gmt":"2025-10-31T07:44:45","slug":"oko-soft-angled-brush-5-black-edition","status":"publish","type":"product","link":"https:\/\/pomello.ee\/fi\/toode\/oko-soft-angled-brush-5-black-edition\/","title":{"rendered":"OKO Soft Angled Brush #5 BLACK EDITION"},"content":{"rendered":"","protected":false},"excerpt":{"rendered":"<p>OkO Lash &amp; Brow Soft Angled Brush #5 \u2013 MUSTA PAINOS<\/p>\n<p>Ainutlaatuinen ammattimainen harja kauneudenhoidon ammattilaisille, jotka arvostavat tarkkuutta ja pehmeytt\u00e4 yhdess\u00e4 ty\u00f6kalussa.<\/p>\n<p>OkO Brush No. 5 on valmistettu korkealaatuisesta synteettisest\u00e4 materiaalista \u2013 pehme\u00e4st\u00e4, tihe\u00e4st\u00e4 ja kulutusta kest\u00e4v\u00e4st\u00e4.<\/p>\n<p>Harjan hell\u00e4varainen viistetty reuna mahdollistaa t\u00e4ydellisen ombre-efektin saavuttamisen samalla, kun alalinja pysyy selke\u00e4n\u00e4 ja puhtaana.<\/p>\n<p>Ihanteellinen ty\u00f6kalu kulmakarvojen v\u00e4rj\u00e4\u00e4miseen ja muotoiluun. Sopii k\u00e4ytett\u00e4v\u00e4ksi kulmakarvav\u00e4rin, hennan, koristekosmetiikan sek\u00e4 voide- ja geelim\u00e4isten koostumusten kanssa.<\/p>\n<p>Kahva on suunniteltu ammattilaisen mukavuutta ajatellen \u2013 ergonominen muoto varmistaa tarkan hallinnan ja tukevan otteen my\u00f6s yksityiskohtaisessa ty\u00f6ss\u00e4.<\/p>\n<p>Tekniset tiedot:<br \/>\n\u2022 Harjasten korkeus: 3\u20137 mm<br \/>\n\u2022 Harjasten leveys: 6 mm<br \/>\n\u2022 Harjan pituus: 17,2 cm<br \/>\n\u2022 Materiaali: synteettinen, nailon<\/p>\n","protected":false},"featured_media":37410,"comment_status":"open","ping_status":"closed","template":"","meta":{"_monsterinsights_skip_tracking":false,"_monsterinsights_sitenote_active":false,"_monsterinsights_sitenote_note":"","_monsterinsights_sitenote_category":0},"product_brand":[],"product_cat":[540,563],"product_tag":[],"class_list":{"0":"post-37501","1":"product","2":"type-product","3":"status-publish","4":"has-post-thumbnail","6":"product_cat-tarvikkeet","7":"product_cat-siveltimet","8":"pa_brand-oko-fi","10":"first","11":"instock","12":"taxable","13":"shipping-taxable","14":"purchasable","15":"product-type-simple"},"_links":{"self":[{"href":"https:\/\/pomello.ee\/fi\/wp-json\/wp\/v2\/product\/37501","targetHints":{"allow":["GET"]}}],"collection":[{"href":"https:\/\/pomello.ee\/fi\/wp-json\/wp\/v2\/product"}],"about":[{"href":"https:\/\/pomello.ee\/fi\/wp-json\/wp\/v2\/types\/product"}],"replies":[{"embeddable":true,"href":"https:\/\/pomello.ee\/fi\/wp-json\/wp\/v2\/comments?post=37501"}],"wp:featuredmedia":[{"embeddable":true,"href":"https:\/\/pomello.ee\/fi\/wp-json\/wp\/v2\/media\/37410"}],"wp:attachment":[{"href":"https:\/\/pomello.ee\/fi\/wp-json\/wp\/v2\/media?parent=37501"}],"wp:term":[{"taxonomy":"product_brand","embeddable":true,"href":"https:\/\/pomello.ee\/fi\/wp-json\/wp\/v2\/product_brand?post=37501"},{"taxonomy":"product_cat","embeddable":true,"href":"https:\/\/pomello.ee\/fi\/wp-json\/wp\/v2\/product_cat?post=37501"},{"taxonomy":"product_tag","embeddable":true,"href":"https:\/\/pomello.ee\/fi\/wp-json\/wp\/v2\/product_tag?post=37501"}],"curies":[{"name":"wp","href":"https:\/\/api.w.org\/{rel}","templated":true}]}}