{"id":37504,"date":"2025-10-31T09:47:29","date_gmt":"2025-10-31T07:47:29","guid":{"rendered":"https:\/\/pomello.ee\/toode\/oko-soft-large-angled-brush-6-black-edition\/"},"modified":"2025-10-31T09:47:29","modified_gmt":"2025-10-31T07:47:29","slug":"oko-soft-large-angled-brush-6-black-edition","status":"publish","type":"product","link":"https:\/\/pomello.ee\/fi\/toode\/oko-soft-large-angled-brush-6-black-edition\/","title":{"rendered":"OKO Soft Large Angled Brush #6 BLACK EDITION"},"content":{"rendered":"","protected":false},"excerpt":{"rendered":"<p>OkO Lash &amp; Brow Soft Large Angled Brush #6 \u2013 MUSTA VERSIO<\/p>\n<p>Monik\u00e4ytt\u00f6inen ammattimainen harja kauneudenhoidon ammattilaisille, jotka arvostavat mukavuutta, tarkkuutta ja tehokkuutta.<\/p>\n<p>OkO Brush No.6 on valmistettu korkealaatuisista materiaaleista \u2013 pehmeist\u00e4, tiheist\u00e4 ja kest\u00e4vist\u00e4, mik\u00e4 takaa sujuvan ja hallitun ty\u00f6skentelyn.<\/p>\n<p>Harjan hell\u00e4varainen viistetty reuna mahdollistaa t\u00e4ydellisen ombre-efektin saavuttamisen selke\u00e4ll\u00e4 ja puhtaalla alleviivauksella. Suuremman koon ansiosta tulos saadaan nopeasti ja laadukkaasti \u2013 ihanteellinen, jos haluat tasaisen ja pehme\u00e4n v\u00e4rin levityksen.<\/p>\n<p>Suunniteltu k\u00e4ytett\u00e4v\u00e4ksi kulmakarvav\u00e4rien, hennan, koristekosmetiikan sek\u00e4 voide- ja geelirakenteiden kanssa. Harja varmistaa tuotteen tasaisen ja hell\u00e4varaisen kerrostumisen s\u00e4ilytt\u00e4en samalla luonnollisen tuloksen.<\/p>\n<p>Ergonominen kahva on suunniteltu ottaen huomioon ammattilaisen k\u00e4den anatomian, mik\u00e4 tarjoaa mukavuutta ja varmuutta my\u00f6s yksityiskohtaisessa ty\u00f6ss\u00e4.<\/p>\n<p>Tekniset tiedot:<br \/>\n\u2022 Harjasten korkeus: 3\u20139 mm<br \/>\n\u2022 Harjasten leveys: 8 mm<br \/>\n\u2022 Harjan pituus: 17,8 cm<br \/>\n\u2022 Materiaali: synteettinen, nailon<\/p>\n","protected":false},"featured_media":37423,"comment_status":"open","ping_status":"closed","template":"","meta":{"_monsterinsights_skip_tracking":false,"_monsterinsights_sitenote_active":false,"_monsterinsights_sitenote_note":"","_monsterinsights_sitenote_category":0},"product_brand":[],"product_cat":[540,563],"product_tag":[],"class_list":{"0":"post-37504","1":"product","2":"type-product","3":"status-publish","4":"has-post-thumbnail","6":"product_cat-tarvikkeet","7":"product_cat-siveltimet","8":"pa_brand-oko-fi","10":"first","11":"instock","12":"taxable","13":"shipping-taxable","14":"purchasable","15":"product-type-simple"},"_links":{"self":[{"href":"https:\/\/pomello.ee\/fi\/wp-json\/wp\/v2\/product\/37504","targetHints":{"allow":["GET"]}}],"collection":[{"href":"https:\/\/pomello.ee\/fi\/wp-json\/wp\/v2\/product"}],"about":[{"href":"https:\/\/pomello.ee\/fi\/wp-json\/wp\/v2\/types\/product"}],"replies":[{"embeddable":true,"href":"https:\/\/pomello.ee\/fi\/wp-json\/wp\/v2\/comments?post=37504"}],"wp:featuredmedia":[{"embeddable":true,"href":"https:\/\/pomello.ee\/fi\/wp-json\/wp\/v2\/media\/37423"}],"wp:attachment":[{"href":"https:\/\/pomello.ee\/fi\/wp-json\/wp\/v2\/media?parent=37504"}],"wp:term":[{"taxonomy":"product_brand","embeddable":true,"href":"https:\/\/pomello.ee\/fi\/wp-json\/wp\/v2\/product_brand?post=37504"},{"taxonomy":"product_cat","embeddable":true,"href":"https:\/\/pomello.ee\/fi\/wp-json\/wp\/v2\/product_cat?post=37504"},{"taxonomy":"product_tag","embeddable":true,"href":"https:\/\/pomello.ee\/fi\/wp-json\/wp\/v2\/product_tag?post=37504"}],"curies":[{"name":"wp","href":"https:\/\/api.w.org\/{rel}","templated":true}]}}