{"id":37507,"date":"2025-10-31T09:50:17","date_gmt":"2025-10-31T07:50:17","guid":{"rendered":"https:\/\/pomello.ee\/toode\/oko-ultra-thin-brush-7-black-edition\/"},"modified":"2025-10-31T09:50:17","modified_gmt":"2025-10-31T07:50:17","slug":"oko-ultra-thin-brush-7-black-edition","status":"publish","type":"product","link":"https:\/\/pomello.ee\/fi\/toode\/oko-ultra-thin-brush-7-black-edition\/","title":{"rendered":"OKO Ultra-Thin Brush #7 BLACK EDITION"},"content":{"rendered":"","protected":false},"excerpt":{"rendered":"<p>OkO Lash &amp; Brow Thin Brush #7 \u2013 MUSTA PAINOS<\/p>\n<p>Yleisk\u00e4ytt\u00f6inen ja tarkka ty\u00f6kalu kauneudenhoidon ammattilaiselle.<\/p>\n<p>OkO Brush No.7 on ihanteellinen sivellin monipuoliseen k\u00e4ytt\u00f6\u00f6n \u2013 olipa kyseess\u00e4 sitten kulmakarvojen v\u00e4rj\u00e4ys, ripsien laminointi tai yksityiskohtainen meikki.<\/p>\n<p>Sivellin mahdollistaa v\u00e4rin eritt\u00e4in tarkan levitt\u00e4misen iholle koskematta kulmakarvoihin, ja se sopii t\u00e4ydellisesti kerrosv\u00e4rj\u00e4ystekniikoihin. Voit k\u00e4ytt\u00e4\u00e4 sit\u00e4 my\u00f6s kulmakarvav\u00e4rin tai hennan sekoittamiseen, ripsien laminointiformulaatioiden levitt\u00e4miseen ja ripsien v\u00e4rj\u00e4\u00e4miseen. Ohutk\u00e4rkinen sivellin on my\u00f6s hy\u00f6dyllinen tarkan rajausviivan piirt\u00e4misess\u00e4.<\/p>\n<p>Valmistettu korkealaatuisista materiaaleista \u2013 pehmeist\u00e4, tiiviist\u00e4 ja kulutusta kest\u00e4vist\u00e4, mik\u00e4 takaa mukavan ja tarkan ty\u00f6skentelyn joka kerta.<\/p>\n<p>Kahva on suunniteltu ottaen huomioon ammattilaisen k\u00e4den anatomian, mik\u00e4 tarjoaa maksimaalisen mukavuuden ja vakauden.<\/p>\n<p>Tekniset tiedot:<br \/>\n\u2022 Harjasten korkeus: 10 mm<br \/>\n\u2022 Harjan pituus: 16,5 cm<br \/>\n\u2022 Materiaali: synteettinen, nailon<\/p>\n","protected":false},"featured_media":37436,"comment_status":"open","ping_status":"closed","template":"","meta":{"_monsterinsights_skip_tracking":false,"_monsterinsights_sitenote_active":false,"_monsterinsights_sitenote_note":"","_monsterinsights_sitenote_category":0},"product_brand":[],"product_cat":[540,563],"product_tag":[],"class_list":{"0":"post-37507","1":"product","2":"type-product","3":"status-publish","4":"has-post-thumbnail","6":"product_cat-tarvikkeet","7":"product_cat-siveltimet","8":"pa_brand-oko-fi","10":"first","11":"instock","12":"taxable","13":"shipping-taxable","14":"purchasable","15":"product-type-simple"},"_links":{"self":[{"href":"https:\/\/pomello.ee\/fi\/wp-json\/wp\/v2\/product\/37507","targetHints":{"allow":["GET"]}}],"collection":[{"href":"https:\/\/pomello.ee\/fi\/wp-json\/wp\/v2\/product"}],"about":[{"href":"https:\/\/pomello.ee\/fi\/wp-json\/wp\/v2\/types\/product"}],"replies":[{"embeddable":true,"href":"https:\/\/pomello.ee\/fi\/wp-json\/wp\/v2\/comments?post=37507"}],"wp:featuredmedia":[{"embeddable":true,"href":"https:\/\/pomello.ee\/fi\/wp-json\/wp\/v2\/media\/37436"}],"wp:attachment":[{"href":"https:\/\/pomello.ee\/fi\/wp-json\/wp\/v2\/media?parent=37507"}],"wp:term":[{"taxonomy":"product_brand","embeddable":true,"href":"https:\/\/pomello.ee\/fi\/wp-json\/wp\/v2\/product_brand?post=37507"},{"taxonomy":"product_cat","embeddable":true,"href":"https:\/\/pomello.ee\/fi\/wp-json\/wp\/v2\/product_cat?post=37507"},{"taxonomy":"product_tag","embeddable":true,"href":"https:\/\/pomello.ee\/fi\/wp-json\/wp\/v2\/product_tag?post=37507"}],"curies":[{"name":"wp","href":"https:\/\/api.w.org\/{rel}","templated":true}]}}