{"id":37510,"date":"2025-10-31T09:53:11","date_gmt":"2025-10-31T07:53:11","guid":{"rendered":"https:\/\/pomello.ee\/toode\/oko-flat-brush-8-black-edition\/"},"modified":"2025-11-26T09:27:03","modified_gmt":"2025-11-26T07:27:03","slug":"oko-flat-brush-8-black-edition","status":"publish","type":"product","link":"https:\/\/pomello.ee\/fi\/toode\/oko-flat-brush-8-black-edition\/","title":{"rendered":"OKO Flat Brush #8 BLACK EDITION"},"content":{"rendered":"","protected":false},"excerpt":{"rendered":"<p>OkO Ripsi- ja Kulmakarvasivellin #8 \u2013 MUSTA PAINOS<\/p>\n<p>Ammattimainen monitoimisivellin, joka on luotu kauneudenhoidon ammattilaisille, jotka arvostavat tarkkuutta ja laatua jokaisessa yksityiskohdassa.<\/p>\n<p>OkO Sivellin nro 8 on valmistettu korkealaatuisista materiaaleista \u2013 joustavista, tiiviist\u00e4 ja kulutusta kest\u00e4vist\u00e4, mik\u00e4 varmistaa hallitun ja tasaisen ty\u00f6nkulun.<\/p>\n<p>Ihanteellinen ty\u00f6kalu kermaisten ja geelim\u00e4isten koostumusten kanssa ty\u00f6skentelyyn. Sivellin sopii t\u00e4ydellisesti kulmakarvojen merkitsemiseen tahnalla tai kyn\u00e4ll\u00e4 sek\u00e4 viivojen puhdistamiseen maalin tai hennan levitt\u00e4misen j\u00e4lkeen.<\/p>\n<p>Se auttaa my\u00f6s ripsien laminoinnissa \u2013 ripsien asettamisessa silikonialustoille ja kiinnitt\u00e4misess\u00e4 liimalla.<\/p>\n<p>Kahva on suunniteltu ottaen huomioon ammattilaisen k\u00e4den luonnolliset liikkeet, jotta varmistetaan maksimaalinen mukavuus ja tarkkuus jopa pitk\u00e4n ty\u00f6p\u00e4iv\u00e4n aikana.<\/p>\n<p>Tekniset tiedot:<br \/>\n\u2022 Harjasten korkeus: 3 mm<br \/>\n\u2022 Harjasten leveys: 8 mm<br \/>\n\u2022 Harjan pituus: 17,1 cm<br \/>\n\u2022 Materiaali: synteettinen, nailon<\/p>\n","protected":false},"featured_media":37449,"comment_status":"open","ping_status":"closed","template":"","meta":{"_monsterinsights_skip_tracking":false,"_monsterinsights_sitenote_active":false,"_monsterinsights_sitenote_note":"","_monsterinsights_sitenote_category":0},"product_brand":[],"product_cat":[540,563],"product_tag":[],"class_list":{"0":"post-37510","1":"product","2":"type-product","3":"status-publish","4":"has-post-thumbnail","6":"product_cat-tarvikkeet","7":"product_cat-siveltimet","8":"pa_brand-oko-fi","10":"first","11":"outofstock","12":"taxable","13":"shipping-taxable","14":"purchasable","15":"product-type-simple"},"_links":{"self":[{"href":"https:\/\/pomello.ee\/fi\/wp-json\/wp\/v2\/product\/37510","targetHints":{"allow":["GET"]}}],"collection":[{"href":"https:\/\/pomello.ee\/fi\/wp-json\/wp\/v2\/product"}],"about":[{"href":"https:\/\/pomello.ee\/fi\/wp-json\/wp\/v2\/types\/product"}],"replies":[{"embeddable":true,"href":"https:\/\/pomello.ee\/fi\/wp-json\/wp\/v2\/comments?post=37510"}],"wp:featuredmedia":[{"embeddable":true,"href":"https:\/\/pomello.ee\/fi\/wp-json\/wp\/v2\/media\/37449"}],"wp:attachment":[{"href":"https:\/\/pomello.ee\/fi\/wp-json\/wp\/v2\/media?parent=37510"}],"wp:term":[{"taxonomy":"product_brand","embeddable":true,"href":"https:\/\/pomello.ee\/fi\/wp-json\/wp\/v2\/product_brand?post=37510"},{"taxonomy":"product_cat","embeddable":true,"href":"https:\/\/pomello.ee\/fi\/wp-json\/wp\/v2\/product_cat?post=37510"},{"taxonomy":"product_tag","embeddable":true,"href":"https:\/\/pomello.ee\/fi\/wp-json\/wp\/v2\/product_tag?post=37510"}],"curies":[{"name":"wp","href":"https:\/\/api.w.org\/{rel}","templated":true}]}}