{"id":37514,"date":"2025-10-31T09:55:56","date_gmt":"2025-10-31T07:55:56","guid":{"rendered":"https:\/\/pomello.ee\/toode\/oko-brush-9-black-edition\/"},"modified":"2025-10-31T09:55:56","modified_gmt":"2025-10-31T07:55:56","slug":"oko-brush-9-black-edition","status":"publish","type":"product","link":"https:\/\/pomello.ee\/fi\/toode\/oko-brush-9-black-edition\/","title":{"rendered":"OKO Brush #9 BLACK EDITION"},"content":{"rendered":"","protected":false},"excerpt":{"rendered":"<p>OkO Ripsi- ja Kulmakarvasivellin #9 \u2013 MUSTA PAINOS<\/p>\n<p>Ammattimainen harja, joka yhdist\u00e4\u00e4 tarkkuuden, mukavuuden ja kest\u00e4vyyden.<\/p>\n<p>OkO Harja nro 9 on valmistettu korkealaatuisesta synteettisest\u00e4 nailonista \u2013 joustavasta, tihe\u00e4st\u00e4 ja kulutusta kest\u00e4v\u00e4st\u00e4, mik\u00e4 takaa vakaan ja sujuvan ty\u00f6skentelyn joka kerta.<\/p>\n<p>Ihanteellinen ty\u00f6kalu kulmakarvojen ja ripsien viimeistelyyn, sopii hyvin ty\u00f6skentelyyn maalien, hennan, voide- ja geelipintojen kanssa.<\/p>\n<p>Harjan muoto mahdollistaa puhtaiden viivojen, pehmeiden siirtymien ja tarkkojen yksityiskohtien luomisen, jotka antavat ty\u00f6lle ammattimaisen viimeistelyn.<\/p>\n<p>Kahva on suunniteltu ottaen huomioon asiantuntijan k\u00e4den anatomian, mik\u00e4 tarjoaa mukavuutta ja tukevan otteen my\u00f6s pidempien toimenpiteiden aikana.<\/p>\n<p>Tekniset tiedot:<br \/>\n\u2022 Hiusten pituus: 3\u20136 mm<br \/>\n\u2022 Hiusten leveys: 6 mm<br \/>\n\u2022 Harjan pituus: 16,3 cm<br \/>\n\u2022 Materiaali: synteettinen, nailon<\/p>\n","protected":false},"featured_media":37462,"comment_status":"open","ping_status":"closed","template":"","meta":{"_monsterinsights_skip_tracking":false,"_monsterinsights_sitenote_active":false,"_monsterinsights_sitenote_note":"","_monsterinsights_sitenote_category":0},"product_brand":[],"product_cat":[540,563],"product_tag":[],"class_list":{"0":"post-37514","1":"product","2":"type-product","3":"status-publish","4":"has-post-thumbnail","6":"product_cat-tarvikkeet","7":"product_cat-siveltimet","8":"pa_brand-oko-fi","10":"first","11":"instock","12":"taxable","13":"shipping-taxable","14":"purchasable","15":"product-type-simple"},"_links":{"self":[{"href":"https:\/\/pomello.ee\/fi\/wp-json\/wp\/v2\/product\/37514","targetHints":{"allow":["GET"]}}],"collection":[{"href":"https:\/\/pomello.ee\/fi\/wp-json\/wp\/v2\/product"}],"about":[{"href":"https:\/\/pomello.ee\/fi\/wp-json\/wp\/v2\/types\/product"}],"replies":[{"embeddable":true,"href":"https:\/\/pomello.ee\/fi\/wp-json\/wp\/v2\/comments?post=37514"}],"wp:featuredmedia":[{"embeddable":true,"href":"https:\/\/pomello.ee\/fi\/wp-json\/wp\/v2\/media\/37462"}],"wp:attachment":[{"href":"https:\/\/pomello.ee\/fi\/wp-json\/wp\/v2\/media?parent=37514"}],"wp:term":[{"taxonomy":"product_brand","embeddable":true,"href":"https:\/\/pomello.ee\/fi\/wp-json\/wp\/v2\/product_brand?post=37514"},{"taxonomy":"product_cat","embeddable":true,"href":"https:\/\/pomello.ee\/fi\/wp-json\/wp\/v2\/product_cat?post=37514"},{"taxonomy":"product_tag","embeddable":true,"href":"https:\/\/pomello.ee\/fi\/wp-json\/wp\/v2\/product_tag?post=37514"}],"curies":[{"name":"wp","href":"https:\/\/api.w.org\/{rel}","templated":true}]}}