{"id":37517,"date":"2025-10-31T09:59:55","date_gmt":"2025-10-31T07:59:55","guid":{"rendered":"https:\/\/pomello.ee\/toode\/oko-brush-double-sided-10-black-edition\/"},"modified":"2025-10-31T09:59:55","modified_gmt":"2025-10-31T07:59:55","slug":"oko-brush-double-sided-10-black-edition","status":"publish","type":"product","link":"https:\/\/pomello.ee\/fi\/toode\/oko-brush-double-sided-10-black-edition\/","title":{"rendered":"OKO Brush double-sided #10 BLACK EDITION"},"content":{"rendered":"","protected":false},"excerpt":{"rendered":"<p>OkO Lash &amp; Brow kaksipuolinen harja #10 \u2013 MUSTA PAINOS<\/p>\n<p>Kaksipuolinen ammattilaisty\u00f6kalu, joka on suunniteltu kauneudenhoidon ammattilaisille, jotka arvostavat k\u00e4tevyytt\u00e4 ja monipuolisuutta yhdess\u00e4.<\/p>\n<p>Valmistettu korkealaatuisesta synteettisest\u00e4 nailonista &#8211; kest\u00e4v\u00e4, joustava ja helppo puhdistaa. Ihanteellinen jokap\u00e4iv\u00e4iseen k\u00e4ytt\u00f6\u00f6n kulmakarvojen v\u00e4rj\u00e4\u00e4miseen, s\u00e4vytt\u00e4miseen ja viimeistelyyn.<\/p>\n<p>Kahva on suunniteltu ammattilaisen k\u00e4den mukavuutta ajatellen, mik\u00e4 varmistaa vakaan ja turvallisen ty\u00f6skentelyn jokaisella askeleella.<\/p>\n<p>Tekniset tiedot:<br \/>\n\u2022 Harjasten korkeus: 20 mm<br \/>\n\u2022 Harjan pituus: 18,8 cm<br \/>\n\u2022 Materiaali: synteettinen, nailon<\/p>\n","protected":false},"featured_media":37483,"comment_status":"open","ping_status":"closed","template":"","meta":{"_monsterinsights_skip_tracking":false,"_monsterinsights_sitenote_active":false,"_monsterinsights_sitenote_note":"","_monsterinsights_sitenote_category":0},"product_brand":[],"product_cat":[540,563],"product_tag":[],"class_list":{"0":"post-37517","1":"product","2":"type-product","3":"status-publish","4":"has-post-thumbnail","6":"product_cat-tarvikkeet","7":"product_cat-siveltimet","8":"pa_brand-oko-fi","10":"first","11":"instock","12":"taxable","13":"shipping-taxable","14":"purchasable","15":"product-type-simple"},"_links":{"self":[{"href":"https:\/\/pomello.ee\/fi\/wp-json\/wp\/v2\/product\/37517","targetHints":{"allow":["GET"]}}],"collection":[{"href":"https:\/\/pomello.ee\/fi\/wp-json\/wp\/v2\/product"}],"about":[{"href":"https:\/\/pomello.ee\/fi\/wp-json\/wp\/v2\/types\/product"}],"replies":[{"embeddable":true,"href":"https:\/\/pomello.ee\/fi\/wp-json\/wp\/v2\/comments?post=37517"}],"wp:featuredmedia":[{"embeddable":true,"href":"https:\/\/pomello.ee\/fi\/wp-json\/wp\/v2\/media\/37483"}],"wp:attachment":[{"href":"https:\/\/pomello.ee\/fi\/wp-json\/wp\/v2\/media?parent=37517"}],"wp:term":[{"taxonomy":"product_brand","embeddable":true,"href":"https:\/\/pomello.ee\/fi\/wp-json\/wp\/v2\/product_brand?post=37517"},{"taxonomy":"product_cat","embeddable":true,"href":"https:\/\/pomello.ee\/fi\/wp-json\/wp\/v2\/product_cat?post=37517"},{"taxonomy":"product_tag","embeddable":true,"href":"https:\/\/pomello.ee\/fi\/wp-json\/wp\/v2\/product_tag?post=37517"}],"curies":[{"name":"wp","href":"https:\/\/api.w.org\/{rel}","templated":true}]}}