{"id":37811,"date":"2025-11-13T07:34:51","date_gmt":"2025-11-13T05:34:51","guid":{"rendered":"https:\/\/pomello.ee\/toode\/bronsun-oxidant-cream-18\/"},"modified":"2025-11-13T07:34:51","modified_gmt":"2025-11-13T05:34:51","slug":"bronsun-oxidant-cream-18","status":"publish","type":"product","link":"https:\/\/pomello.ee\/fi\/toode\/bronsun-oxidant-cream-18\/","title":{"rendered":"BRONSUN Oxidant Cream 1,8%"},"content":{"rendered":"<p><strong>K\u00e4ytt\u00f6ohjeet<\/strong>:<br \/>\nSekoita BRONSUN-hapettava voide ja BRONSUN-geeliv\u00e4ri suhteessa 1:1 ei-metallisessa astiassa ja sekoita huolellisesti tasaiseksi.<\/p>\n<p>Suosittelemme k\u00e4ytt\u00e4m\u00e4\u00e4n 0,5 cm v\u00e4ri\u00e4 ja samaa m\u00e4\u00e4r\u00e4\u00e4 hapetinta.<\/p>\n<p>Levit\u00e4 saatu seos siveltimell\u00e4 haluttuun kulmakarvojen muotoon. Levit\u00e4 v\u00e4ri\u00e4 nopein liikkein ohuena kerroksena v\u00e4ltt\u00e4en rakoja. V\u00e4rj\u00e4\u00e4 iho varovasti nostaen karvoja. Varmista, ett\u00e4 rajat ovat selke\u00e4t.<\/p>\n<p>Levit\u00e4 v\u00e4ri tasaisesti ripsiin. Pid\u00e4 silm\u00e4t suljettuina v\u00e4rj\u00e4yksen aikana. Huomaa, ett\u00e4 valmis seos on k\u00e4ytett\u00e4v\u00e4 v\u00e4litt\u00f6m\u00e4sti. Laimennettua v\u00e4ri\u00e4 voi s\u00e4ilytt\u00e4\u00e4 enint\u00e4\u00e4n 20 minuuttia.<\/p>\n<p>Kulmakarvojen v\u00e4rj\u00e4ysaika on 7\u201320 minuuttia ja riippuu halutun tuloksen intensiteetist\u00e4. S\u00e4vyn ja ihonv\u00e4rin kyll\u00e4isyys riippuvat v\u00e4rj\u00e4ysajasta.<\/p>\n<p>Ripsien v\u00e4rj\u00e4ysaika on 10\u201315 minuuttia.<\/p>\n<p>Kun vaikutusaika on kulunut, poista v\u00e4ri varovasti kulmakarvoista ja ripsist\u00e4 kostealla, veteen kastetulla vanulapulla. Huuhtele j\u00e4ljelle j\u00e4\u00e4nyt v\u00e4ri huolellisesti vedell\u00e4. \u00c4l\u00e4 avaa silmi\u00e4si ennen kuin v\u00e4ri on poistettu kokonaan.<\/p>\n<p>Huomaa, ett\u00e4 v\u00e4rj\u00e4ystulos riippuu ihotyypist\u00e4si, v\u00e4rityypist\u00e4si ja yksil\u00f6llisist\u00e4 ominaisuuksistasi.<\/p>\n","protected":false},"excerpt":{"rendered":"<p><strong>BRONSUN Oxidant Cream 1,8% &#8211; pehme\u00e4mpi tulos.<\/strong><\/p>\n<p>Sekoita Bronsun 1,8 % vetyvoidetta ja Bronsun geeliv\u00e4ri\u00e4, jolloin saat pehme\u00e4mm\u00e4n tuloksen. V\u00e4ripigmentti ei j\u00e4\u00e4 niin intensiivisesti iholle ja kulmakarvoille. Sopii my\u00f6s ripsien v\u00e4rj\u00e4\u00e4miseen kemiallisen ripsien taivutuksen tai ripsien kohotuksen j\u00e4lkeen.<\/p>\n<p>Vedyvoidekermainen koostumus sekoittuu t\u00e4ydellisesti v\u00e4riin, mik\u00e4 mahdollistaa mukavan levityksen ja tarkan ty\u00f6skentelyn. Tuloksena on ammattimainen s\u00e4vy, joka korostaa kulmakarvojen ja ripsien luonnollista kauneutta.<\/p>\n<p>\u2728 <strong>Edut<\/strong>:<\/p>\n<p>erityisesti Bronsun-v\u00e4reille luotu,<\/p>\n<p>kermainen koostumus &#8211; helppo ja k\u00e4tev\u00e4 k\u00e4ytt\u00e4\u00e4,<\/p>\n<p>takaa vakaan tuloksen jokaisella k\u00e4sittelykerralla,<\/p>\n<p>uusi, parannettu koostumus entist\u00e4 luotettavampaan toimintaan.<\/p>\n<p>K\u00e4ytt\u00f6:<\/p>\n<p>Sekoita suhteessa<strong> 1:1<\/strong> BRONSUN-V\u00c4RIN kanssa.<\/p>\n<p><strong>Tilavuus:<\/strong> 30 ml<br \/>\n<strong>Kulutus:<\/strong> jopa 80 k\u00e4sittelykertaan<br \/>\n<strong>Vain ammattik\u00e4ytt\u00f6\u00f6n.<\/strong><\/p>\n","protected":false},"featured_media":37726,"comment_status":"open","ping_status":"closed","template":"","meta":{"_monsterinsights_skip_tracking":false,"_monsterinsights_sitenote_active":false,"_monsterinsights_sitenote_note":"","_monsterinsights_sitenote_category":0},"product_brand":[],"product_cat":[479,901],"product_tag":[],"class_list":{"0":"post-37811","1":"product","2":"type-product","3":"status-publish","4":"has-post-thumbnail","6":"product_cat-ripsien-ja-kulmakarvojen-varit-fi","7":"product_cat-developers","8":"pa_brand-bronsun-fi","9":"pa_suurus-30-ml-fi","11":"first","12":"instock","13":"taxable","14":"shipping-taxable","15":"purchasable","16":"product-type-simple"},"_links":{"self":[{"href":"https:\/\/pomello.ee\/fi\/wp-json\/wp\/v2\/product\/37811","targetHints":{"allow":["GET"]}}],"collection":[{"href":"https:\/\/pomello.ee\/fi\/wp-json\/wp\/v2\/product"}],"about":[{"href":"https:\/\/pomello.ee\/fi\/wp-json\/wp\/v2\/types\/product"}],"replies":[{"embeddable":true,"href":"https:\/\/pomello.ee\/fi\/wp-json\/wp\/v2\/comments?post=37811"}],"wp:featuredmedia":[{"embeddable":true,"href":"https:\/\/pomello.ee\/fi\/wp-json\/wp\/v2\/media\/37726"}],"wp:attachment":[{"href":"https:\/\/pomello.ee\/fi\/wp-json\/wp\/v2\/media?parent=37811"}],"wp:term":[{"taxonomy":"product_brand","embeddable":true,"href":"https:\/\/pomello.ee\/fi\/wp-json\/wp\/v2\/product_brand?post=37811"},{"taxonomy":"product_cat","embeddable":true,"href":"https:\/\/pomello.ee\/fi\/wp-json\/wp\/v2\/product_cat?post=37811"},{"taxonomy":"product_tag","embeddable":true,"href":"https:\/\/pomello.ee\/fi\/wp-json\/wp\/v2\/product_tag?post=37811"}],"curies":[{"name":"wp","href":"https:\/\/api.w.org\/{rel}","templated":true}]}}