{"id":37814,"date":"2025-11-17T08:09:19","date_gmt":"2025-11-17T06:09:19","guid":{"rendered":"https:\/\/pomello.ee\/toode\/okis-kulmakarvat-pinsetit-karki\/"},"modified":"2025-11-17T08:09:19","modified_gmt":"2025-11-17T06:09:19","slug":"okis-kulmakarvat-pinsetit-karki","status":"publish","type":"product","link":"https:\/\/pomello.ee\/fi\/toode\/okis-kulmakarvat-pinsetit-karki\/","title":{"rendered":"OKIS Kulmakarvat Pinsetit K\u00e4rki"},"content":{"rendered":"","protected":false},"excerpt":{"rendered":"<p>OKIS-kulmakarvatangot on valmistettu korkealaatuisesta ruostumattomasta ter\u00e4ksest\u00e4, ja niiss\u00e4 on t\u00e4ydellisesti kiillotettu pinta, ergonominen muoto ja eritt\u00e4in tarkka levykiinnitys.<\/p>\n<p>Auttaa saavuttamaan t\u00e4ydellisen kulmakarvojen korjauksen ja ohennuksen, tarttuen jopa sis\u00e4\u00e4nkasvaneisiin ja hienoihin karvoihin rikkomatta niit\u00e4.<br \/>\nLuotettava ty\u00f6kalu jokaiselle kulmakarvamestarille, joka arvostaa tarkkuutta ja mukavuutta.<\/p>\n","protected":false},"featured_media":37766,"comment_status":"open","ping_status":"closed","template":"","meta":{"_monsterinsights_skip_tracking":false,"_monsterinsights_sitenote_active":false,"_monsterinsights_sitenote_note":"","_monsterinsights_sitenote_category":0},"product_brand":[],"product_cat":[540,561],"product_tag":[],"class_list":{"0":"post-37814","1":"product","2":"type-product","3":"status-publish","4":"has-post-thumbnail","6":"product_cat-tarvikkeet","7":"product_cat-pinsetit","8":"pa_brand-okis-brow","10":"first","11":"instock","12":"taxable","13":"shipping-taxable","14":"purchasable","15":"product-type-simple"},"_links":{"self":[{"href":"https:\/\/pomello.ee\/fi\/wp-json\/wp\/v2\/product\/37814","targetHints":{"allow":["GET"]}}],"collection":[{"href":"https:\/\/pomello.ee\/fi\/wp-json\/wp\/v2\/product"}],"about":[{"href":"https:\/\/pomello.ee\/fi\/wp-json\/wp\/v2\/types\/product"}],"replies":[{"embeddable":true,"href":"https:\/\/pomello.ee\/fi\/wp-json\/wp\/v2\/comments?post=37814"}],"wp:featuredmedia":[{"embeddable":true,"href":"https:\/\/pomello.ee\/fi\/wp-json\/wp\/v2\/media\/37766"}],"wp:attachment":[{"href":"https:\/\/pomello.ee\/fi\/wp-json\/wp\/v2\/media?parent=37814"}],"wp:term":[{"taxonomy":"product_brand","embeddable":true,"href":"https:\/\/pomello.ee\/fi\/wp-json\/wp\/v2\/product_brand?post=37814"},{"taxonomy":"product_cat","embeddable":true,"href":"https:\/\/pomello.ee\/fi\/wp-json\/wp\/v2\/product_cat?post=37814"},{"taxonomy":"product_tag","embeddable":true,"href":"https:\/\/pomello.ee\/fi\/wp-json\/wp\/v2\/product_tag?post=37814"}],"curies":[{"name":"wp","href":"https:\/\/api.w.org\/{rel}","templated":true}]}}