{"id":37817,"date":"2025-11-17T08:17:52","date_gmt":"2025-11-17T06:17:52","guid":{"rendered":"https:\/\/pomello.ee\/toode\/okis-pinsetit-brow-easy-tweezy-x-samko\/"},"modified":"2025-11-17T08:17:52","modified_gmt":"2025-11-17T06:17:52","slug":"okis-pinsetit-brow-easy-tweezy-x-samko","status":"publish","type":"product","link":"https:\/\/pomello.ee\/fi\/toode\/okis-pinsetit-brow-easy-tweezy-x-samko\/","title":{"rendered":"OKIS Pinsetit Brow Easy Tweezy x Samko"},"content":{"rendered":"","protected":false},"excerpt":{"rendered":"<p>OKIS Pinsetit Easy Tweezy Okis x Samko, violetti<\/p>\n<p>T\u00e4ydellisten kulmakarvojen salaisuus piilee tarkassa korjauksessa \u2013 ja t\u00e4h\u00e4n tarvitset t\u00e4ydellisen ty\u00f6kalun.<\/p>\n<p>OKIS Easy Tweezy Okis x Samko -pinsetit eiv\u00e4t ole vain ty\u00f6kalu, vaan laadun, helppouden ja monipuolisuuden symboli.<\/p>\n<p>N\u00e4m\u00e4 pinsetit on suunniteltu ammattitaitoisen mestarin mukavaan ty\u00f6skentelyyn \u2013 ne poistavat selke\u00e4sti ja tarkasti kaikenlaiset karvat: hienot, sis\u00e4\u00e4nkasvaneet, kiharat, vahvat ja normaalit kulmakarvat. Jokainen yksityiskohta heijastaa laatua. Mukava ja kevyt ty\u00f6kalu, joka sopii t\u00e4ydellisesti k\u00e4teen.<\/p>\n<p>Pinsetit on valmistettu ruostumattomasta ter\u00e4ksest\u00e4, joka on helppo desinfioida ja steriloida. Timanttiteroituksen ansiosta ty\u00f6kalu s\u00e4ilytt\u00e4\u00e4 tarkkuutensa ja ter\u00e4vyytens\u00e4 my\u00f6s pitk\u00e4aikaisen k\u00e4yt\u00f6n j\u00e4lkeen.<\/p>\n<p>Pituus 9,3 cm<\/p>\n","protected":false},"featured_media":37779,"comment_status":"open","ping_status":"closed","template":"","meta":{"_monsterinsights_skip_tracking":false,"_monsterinsights_sitenote_active":false,"_monsterinsights_sitenote_note":"","_monsterinsights_sitenote_category":0},"product_brand":[],"product_cat":[540,563],"product_tag":[],"class_list":{"0":"post-37817","1":"product","2":"type-product","3":"status-publish","4":"has-post-thumbnail","6":"product_cat-tarvikkeet","7":"product_cat-siveltimet","8":"pa_brand-okis-brow","10":"first","11":"instock","12":"taxable","13":"shipping-taxable","14":"purchasable","15":"product-type-simple"},"_links":{"self":[{"href":"https:\/\/pomello.ee\/fi\/wp-json\/wp\/v2\/product\/37817","targetHints":{"allow":["GET"]}}],"collection":[{"href":"https:\/\/pomello.ee\/fi\/wp-json\/wp\/v2\/product"}],"about":[{"href":"https:\/\/pomello.ee\/fi\/wp-json\/wp\/v2\/types\/product"}],"replies":[{"embeddable":true,"href":"https:\/\/pomello.ee\/fi\/wp-json\/wp\/v2\/comments?post=37817"}],"wp:featuredmedia":[{"embeddable":true,"href":"https:\/\/pomello.ee\/fi\/wp-json\/wp\/v2\/media\/37779"}],"wp:attachment":[{"href":"https:\/\/pomello.ee\/fi\/wp-json\/wp\/v2\/media?parent=37817"}],"wp:term":[{"taxonomy":"product_brand","embeddable":true,"href":"https:\/\/pomello.ee\/fi\/wp-json\/wp\/v2\/product_brand?post=37817"},{"taxonomy":"product_cat","embeddable":true,"href":"https:\/\/pomello.ee\/fi\/wp-json\/wp\/v2\/product_cat?post=37817"},{"taxonomy":"product_tag","embeddable":true,"href":"https:\/\/pomello.ee\/fi\/wp-json\/wp\/v2\/product_tag?post=37817"}],"curies":[{"name":"wp","href":"https:\/\/api.w.org\/{rel}","templated":true}]}}