{"id":37820,"date":"2025-11-19T06:19:41","date_gmt":"2025-11-19T04:19:41","guid":{"rendered":"https:\/\/pomello.ee\/toode\/noemi-developer-6-14ml\/"},"modified":"2025-11-19T06:19:41","modified_gmt":"2025-11-19T04:19:41","slug":"noemi-developer-6-14ml","status":"publish","type":"product","link":"https:\/\/pomello.ee\/fi\/toode\/noemi-developer-6-14ml\/","title":{"rendered":"Noemi Developer 6% 14ml"},"content":{"rendered":"","protected":false},"excerpt":{"rendered":"<p><strong>NOEMI Developer 6%<\/strong> 14ml on suunniteltu k\u00e4ytett\u00e4v\u00e4ksi Noemi Hybrid Dye -v\u00e4rien kanssa. Vety varmistaa v\u00e4rin t\u00e4ydellisen ja tasaisen sekoittumisen \u2013 koostumus ei valu eik\u00e4 levi\u00e4, ja ty\u00f6skentelyprosessi on aina kontrolloitu ja ammattimainen.<\/p>\n<p>6 %:n vahvuinen vety sopii erityisesti karkeille, itsep\u00e4isille tai harmaille hiuksille, sill\u00e4 se auttaa pigmentti\u00e4 tarttumaan syvemm\u00e4lle ja varmistaa intensiivisen ja pitk\u00e4kestoisen v\u00e4rituloksen.<\/p>\n<p>Noemi 6 % vety\u00e4 voidaan tarvittaessa yhdist\u00e4\u00e4 Noemi 0 %:n voideveteen, jolloin saavutetaan miedompi vety.<\/p>\n<p><strong>5 % vety\u00e4<\/strong>: sekoita 6 % ja 0 % suhteessa 1:1<\/p>\n<p><strong>4 % vety\u00e4<\/strong>: sekoita 6 % ja 0 % suhteessa 2:1<\/p>\n<p>Noemi-vetyj\u00e4 voidaan k\u00e4ytt\u00e4\u00e4 t\u00e4ysin joustavasti, jolloin seosta voidaan s\u00e4\u00e4t\u00e4\u00e4 tarkasti asiakkaan hiustyypin ja halutun tuloksen mukaan.<\/p>\n","protected":false},"featured_media":37808,"comment_status":"open","ping_status":"closed","template":"","meta":{"_monsterinsights_skip_tracking":false,"_monsterinsights_sitenote_active":false,"_monsterinsights_sitenote_note":"","_monsterinsights_sitenote_category":0},"product_brand":[],"product_cat":[479,901],"product_tag":[],"class_list":{"0":"post-37820","1":"product","2":"type-product","3":"status-publish","4":"has-post-thumbnail","6":"product_cat-ripsien-ja-kulmakarvojen-varit-fi","7":"product_cat-developers","8":"pa_brand-noemi-fi","9":"pa_suurus-14-ml-fi","11":"first","12":"instock","13":"taxable","14":"shipping-taxable","15":"purchasable","16":"product-type-simple"},"_links":{"self":[{"href":"https:\/\/pomello.ee\/fi\/wp-json\/wp\/v2\/product\/37820","targetHints":{"allow":["GET"]}}],"collection":[{"href":"https:\/\/pomello.ee\/fi\/wp-json\/wp\/v2\/product"}],"about":[{"href":"https:\/\/pomello.ee\/fi\/wp-json\/wp\/v2\/types\/product"}],"replies":[{"embeddable":true,"href":"https:\/\/pomello.ee\/fi\/wp-json\/wp\/v2\/comments?post=37820"}],"wp:featuredmedia":[{"embeddable":true,"href":"https:\/\/pomello.ee\/fi\/wp-json\/wp\/v2\/media\/37808"}],"wp:attachment":[{"href":"https:\/\/pomello.ee\/fi\/wp-json\/wp\/v2\/media?parent=37820"}],"wp:term":[{"taxonomy":"product_brand","embeddable":true,"href":"https:\/\/pomello.ee\/fi\/wp-json\/wp\/v2\/product_brand?post=37820"},{"taxonomy":"product_cat","embeddable":true,"href":"https:\/\/pomello.ee\/fi\/wp-json\/wp\/v2\/product_cat?post=37820"},{"taxonomy":"product_tag","embeddable":true,"href":"https:\/\/pomello.ee\/fi\/wp-json\/wp\/v2\/product_tag?post=37820"}],"curies":[{"name":"wp","href":"https:\/\/api.w.org\/{rel}","templated":true}]}}