{"id":38128,"date":"2025-11-27T22:37:47","date_gmt":"2025-11-27T20:37:47","guid":{"rendered":"https:\/\/pomello.ee\/toode\/maxymova-esihoitoaine-amino-prep-200-ml\/"},"modified":"2025-11-27T22:37:47","modified_gmt":"2025-11-27T20:37:47","slug":"maxymova-esihoitoaine-amino-prep-200-ml","status":"publish","type":"product","link":"https:\/\/pomello.ee\/fi\/toode\/maxymova-esihoitoaine-amino-prep-200-ml\/","title":{"rendered":"MAXYMOVA Esihoitoaine AMINO PREP 200 ML"},"content":{"rendered":"<p><strong>K\u00e4ytt\u00f6<\/strong><\/p>\n<p>Levit\u00e4 vanulapulle tai mikroharjalle ja puhdista ripset tai kulmakarvat.<\/p>\n<p>Ei huuhtelua tarvita.<\/p>\n<p>Voi k\u00e4ytt\u00e4\u00e4 sellaisenaan tai puhdistusvaahdon j\u00e4lkeen \u2013 aivan kuin &#8221;vaihe 0&#8221; ennen laminointia tai v\u00e4rj\u00e4yst\u00e4.<\/p>\n<p><strong>T\u00e4rkeimm\u00e4t vaikuttavat ainesosat<\/strong><\/p>\n<ul>\n<li>Aminohapot ja kasviproteiinit \u2013 vahvistavat, korjaavat ja palauttavat hiuskuitua<\/li>\n<li>Aloe vera ja allantoiini \u2013 rauhoittavat ja kosteuttavat herkk\u00e4\u00e4 ihoa<\/li>\n<li>Noitapuu- ja bambuuute \u2013 kiinteytt\u00e4v\u00e4t ja lis\u00e4\u00e4v\u00e4t hiusten kest\u00e4vyytt\u00e4<\/li>\n<li>Postbiootit (Lactobacillus ferment) \u2013 tukevat ihon mikrobiomia<\/li>\n<li>Hyaluronihappo ja urea \u2013 syv\u00e4kosteuttavat ja tukevat kimmoisuutta<\/li>\n<li>B5- ja E-vitamiinit \u2013 suojaavat ja palauttavat<\/li>\n<li>Hell\u00e4varaiset puhdistusaineet (kookosglukosidi) \u2013 poistavat talia \u00e4rsytt\u00e4m\u00e4tt\u00e4<\/li>\n<\/ul>\n","protected":false},"excerpt":{"rendered":"<p><strong>MAXYMOVA Amino Prep \u2013 ammattimainen esipuhdistusaine ripsille ja kulmakarvoille<\/strong><\/p>\n<p>AminoPrep on hell\u00e4varainen mutta tehokas esik\u00e4sittelyliuos, joka valmistelee ripset ja kulmakarvat laminointia, v\u00e4rj\u00e4yst\u00e4 tai pidennyksi\u00e4 varten. Tuote poistaa hell\u00e4varaisesti lian ja rasvan samalla kosteuttaen ja vahvistaen hiuskuitua varmistaakseen paremmat ja pitk\u00e4kestoisemmat tulokset.<\/p>\n<p><strong>Mit\u00e4 AminoPrep tekee?<\/strong><\/p>\n<ul>\n<li>Puhdistaa ihon ja hiukset hell\u00e4varaisesti kuivattamatta niit\u00e4<\/li>\n<li>Tasapainottaa ja kosteuttaa hiuskuitua<\/li>\n<li>Vahvistaa ja suojaa ripsi\u00e4\/kulmakarvoja kemiallisen k\u00e4sittelyn aikana<\/li>\n<li>Varmistaa tuotteiden paremman imeytymisen seuraavissa hoitovaiheissa<\/li>\n<\/ul>\n<p>pH 5,5\u20136,5<br \/>\nTilavuus: 200 ml<\/p>\n","protected":false},"featured_media":37914,"comment_status":"open","ping_status":"closed","template":"","meta":{"_monsterinsights_skip_tracking":false,"_monsterinsights_sitenote_active":false,"_monsterinsights_sitenote_note":"","_monsterinsights_sitenote_category":0},"product_brand":[],"product_cat":[475,915,518,916,476,516,520,931],"product_tag":[],"class_list":{"0":"post-38128","1":"product","2":"type-product","3":"status-publish","4":"has-post-thumbnail","6":"product_cat-ripset","7":"product_cat-esi-ja-jalkihoito","8":"product_cat-jalkihoito","9":"product_cat-esihoito-fi","10":"product_cat-kulmakarvat","11":"product_cat-lash-lift-fi","12":"product_cat-puhdistustuotteet","13":"product_cat-valmistus-ja-suojavoiteet","14":"pa_brand-maxymova-fi","15":"pa_suurus-200-ml-fi","17":"first","18":"instock","19":"taxable","20":"shipping-taxable","21":"purchasable","22":"product-type-simple"},"_links":{"self":[{"href":"https:\/\/pomello.ee\/fi\/wp-json\/wp\/v2\/product\/38128","targetHints":{"allow":["GET"]}}],"collection":[{"href":"https:\/\/pomello.ee\/fi\/wp-json\/wp\/v2\/product"}],"about":[{"href":"https:\/\/pomello.ee\/fi\/wp-json\/wp\/v2\/types\/product"}],"replies":[{"embeddable":true,"href":"https:\/\/pomello.ee\/fi\/wp-json\/wp\/v2\/comments?post=38128"}],"wp:featuredmedia":[{"embeddable":true,"href":"https:\/\/pomello.ee\/fi\/wp-json\/wp\/v2\/media\/37914"}],"wp:attachment":[{"href":"https:\/\/pomello.ee\/fi\/wp-json\/wp\/v2\/media?parent=38128"}],"wp:term":[{"taxonomy":"product_brand","embeddable":true,"href":"https:\/\/pomello.ee\/fi\/wp-json\/wp\/v2\/product_brand?post=38128"},{"taxonomy":"product_cat","embeddable":true,"href":"https:\/\/pomello.ee\/fi\/wp-json\/wp\/v2\/product_cat?post=38128"},{"taxonomy":"product_tag","embeddable":true,"href":"https:\/\/pomello.ee\/fi\/wp-json\/wp\/v2\/product_tag?post=38128"}],"curies":[{"name":"wp","href":"https:\/\/api.w.org\/{rel}","templated":true}]}}