{"id":38131,"date":"2025-11-30T18:16:51","date_gmt":"2025-11-30T16:16:51","guid":{"rendered":"https:\/\/pomello.ee\/toode\/molea-monostep-one-touch\/"},"modified":"2025-11-30T18:16:51","modified_gmt":"2025-11-30T16:16:51","slug":"molea-monostep-one-touch","status":"publish","type":"product","link":"https:\/\/pomello.ee\/fi\/toode\/molea-monostep-one-touch\/","title":{"rendered":"Mol\u00e9a Monostep ONE TOUCH"},"content":{"rendered":"<p><strong>K\u00e4ytt\u00f6<\/strong><\/p>\n<p>Levit\u00e4 tuotetta aiemmin puhdistettuihin kulmakarvoihin tai ripsiin siveltimell\u00e4.<\/p>\n<p>Vaikutusaika: 3\u201312 minuuttia karvan tyypist\u00e4 ja kunnosta riippuen.<\/p>\n<p>Seuraa karvojen kuntoa koko vaikutusajan!<\/p>\n<p>Halutun ajan kuluttua poista j\u00e4\u00e4m\u00e4t varovasti vedell\u00e4 kostutetulla vanulapulla.<\/p>\n<p>Tarkemmat ohjeet l\u00f6ytyv\u00e4t k\u00e4ytt\u00f6oppaasta.<\/p>\n<p><strong>Varotoimet<\/strong><\/p>\n<p>Sis\u00e4lt\u00e4\u00e4 tioglykolaattia ja ammoniakkia! Noudata k\u00e4ytt\u00f6ohjeita tarkasti.<\/p>\n<p>\u00c4l\u00e4 k\u00e4yt\u00e4 metallisia ty\u00f6kaluja.<\/p>\n<p>V\u00e4lt\u00e4 kosketusta silmiin. Jos ainetta joutuu silmiin, huuhtele v\u00e4litt\u00f6m\u00e4sti runsaalla vedell\u00e4 ja ota tarvittaessa yhteys l\u00e4\u00e4k\u00e4riin.<\/p>\n<p>K\u00e4yt\u00e4 suojak\u00e4sineit\u00e4.<\/p>\n<p>Tee allergiatesti ennen k\u00e4ytt\u00f6\u00e4.<\/p>\n<p>\u00c4l\u00e4 k\u00e4yt\u00e4 tulehtuneelle iholle tai allergisen reaktion sattuessa.<\/p>\n<p>Jos ilmenee allerginen reaktio, lopeta k\u00e4ytt\u00f6 ja ota yhteys l\u00e4\u00e4k\u00e4riin.<\/p>\n<p>Hoidon j\u00e4lkeinen hoito ja toipuminen<\/p>\n<p>Levit\u00e4 REBOOT COMPLEX -hoitotuotetta kulmakarvoihin tai ripsiin siveltimell\u00e4 tai harjalla.<\/p>\n<p>\u00c4L\u00c4 HUUHTELE tuotetta pois.<\/p>\n<p>Suosittelemme ylim\u00e4\u00e4r\u00e4isen tuotteen poistamista varovasti vanulapulla.<\/p>\n<p><strong>S\u00e4ilytys<\/strong><\/p>\n<p>S\u00e4ilyt\u00e4 lasten ja el\u00e4inten ulottumattomissa +5 \u00b0C &#8211; +25 \u00b0C:n l\u00e4mp\u00f6tilassa.<br \/>\nV\u00e4lt\u00e4 suoraa auringonvaloa.<\/p>\n","protected":false},"excerpt":{"rendered":"<p><strong>Mol\u00e9a Monostep ONE TOUCH Lamination \u2013 kulmakarvojen ja ripsien yhden vaiheen laminointi<\/strong><\/p>\n<p>Mol\u00e9a Monostep One Touch Lamination on ammattimainen yhden vaiheen laminointituote kulmakarvoille ja ripsille. Tuote toimii vain yhdess\u00e4 vaiheessa \u2013 erillist\u00e4 fiksaattoria ei tarvita. Hell\u00e4varainen mutta tehokas koostumus pehment\u00e4\u00e4 karvan rakennetta, muotoilee halutun muodon ja kiinnitt\u00e4\u00e4 karvat tarkasti paikoilleen. Samalla ravitseva ainesosakompleksi hoitaa ja suojaa karvoja.<\/p>\n<p><strong>Tilavuus: 10 ml<\/strong><\/p>\n","protected":false},"featured_media":38010,"comment_status":"open","ping_status":"closed","template":"","meta":{"_monsterinsights_skip_tracking":false,"_monsterinsights_sitenote_active":false,"_monsterinsights_sitenote_note":"","_monsterinsights_sitenote_category":0},"product_brand":[],"product_cat":[476,517,899,477,516,475],"product_tag":[],"class_list":{"0":"post-38131","1":"product","2":"type-product","3":"status-publish","4":"has-post-thumbnail","6":"product_cat-kulmakarvat","7":"product_cat-emulsiot","8":"product_cat-emulsiot-fi","9":"product_cat-kulmien-laminointi","10":"product_cat-lash-lift-fi","11":"product_cat-ripset","12":"pa_brand-molea","13":"pa_suurus-10-ml-fi","15":"first","16":"instock","17":"taxable","18":"shipping-taxable","19":"purchasable","20":"product-type-simple"},"_links":{"self":[{"href":"https:\/\/pomello.ee\/fi\/wp-json\/wp\/v2\/product\/38131","targetHints":{"allow":["GET"]}}],"collection":[{"href":"https:\/\/pomello.ee\/fi\/wp-json\/wp\/v2\/product"}],"about":[{"href":"https:\/\/pomello.ee\/fi\/wp-json\/wp\/v2\/types\/product"}],"replies":[{"embeddable":true,"href":"https:\/\/pomello.ee\/fi\/wp-json\/wp\/v2\/comments?post=38131"}],"wp:featuredmedia":[{"embeddable":true,"href":"https:\/\/pomello.ee\/fi\/wp-json\/wp\/v2\/media\/38010"}],"wp:attachment":[{"href":"https:\/\/pomello.ee\/fi\/wp-json\/wp\/v2\/media?parent=38131"}],"wp:term":[{"taxonomy":"product_brand","embeddable":true,"href":"https:\/\/pomello.ee\/fi\/wp-json\/wp\/v2\/product_brand?post=38131"},{"taxonomy":"product_cat","embeddable":true,"href":"https:\/\/pomello.ee\/fi\/wp-json\/wp\/v2\/product_cat?post=38131"},{"taxonomy":"product_tag","embeddable":true,"href":"https:\/\/pomello.ee\/fi\/wp-json\/wp\/v2\/product_tag?post=38131"}],"curies":[{"name":"wp","href":"https:\/\/api.w.org\/{rel}","templated":true}]}}