{"id":38134,"date":"2025-11-30T18:24:28","date_gmt":"2025-11-30T16:24:28","guid":{"rendered":"https:\/\/pomello.ee\/toode\/molea-reboot-kompleksihoito-ripsille-ja-kulmakarvoille\/"},"modified":"2025-11-30T18:24:28","modified_gmt":"2025-11-30T16:24:28","slug":"molea-reboot-kompleksihoito-ripsille-ja-kulmakarvoille","status":"publish","type":"product","link":"https:\/\/pomello.ee\/fi\/toode\/molea-reboot-kompleksihoito-ripsille-ja-kulmakarvoille\/","title":{"rendered":"Mol\u00e9a Reboot -kompleksihoito ripsille ja kulmakarvoille"},"content":{"rendered":"<p><strong>K\u00e4ytt\u00f6<\/strong><\/p>\n<p>Levit\u00e4 tuotetta kulmakarvoihin tai ripsiin.<\/p>\n<p>Anna vaikuttaa 3\u20135 minuuttia.<\/p>\n<p>Poista ylim\u00e4\u00e4r\u00e4inen tuote vedell\u00e4 kostutetulla vanulapulla.<\/p>\n<p><strong>Varotoimet<\/strong><\/p>\n<p>V\u00e4lt\u00e4 kosketusta silmiin. Jos tuotetta joutuu silmiin, huuhtele v\u00e4litt\u00f6m\u00e4sti runsaalla vedell\u00e4.<\/p>\n<p>\u00c4l\u00e4 k\u00e4yt\u00e4 tulehtuneella iholla tai allergisten reaktioiden yhteydess\u00e4.<\/p>\n<p>Jos ilmenee allerginen reaktio, lopeta k\u00e4ytt\u00f6 ja ota yhteys l\u00e4\u00e4k\u00e4riin.<\/p>\n<p>K\u00e4yt\u00e4 tuotetta ennen pakkauksessa mainittua viimeist\u00e4 k\u00e4ytt\u00f6p\u00e4iv\u00e4m\u00e4\u00e4r\u00e4\u00e4.<\/p>\n<p><strong>S\u00e4ilytys<\/strong><\/p>\n<p>S\u00e4ilyt\u00e4 lasten ja el\u00e4inten ulottumattomissa +5 \u00b0C &#8211; +25 \u00b0C:n l\u00e4mp\u00f6tilassa.<br \/>\nV\u00e4lt\u00e4 suoraa auringonvaloa.<\/p>\n","protected":false},"excerpt":{"rendered":"<p><strong>Mol\u00e9a Reboot Complex Brow &amp; Lash Care \u2013 p\u00e4ivitt\u00e4inen hoito kulmakarvoille ja ripsille<\/strong><\/p>\n<p>Reboot Complex Brow &amp; Lash Care on p\u00e4ivitt\u00e4inen hoitotuote, joka kosteuttaa, vahvistaa ja palauttaa kulmakarvojen ja ripsien karvat. Erityisesti kehitetty koostumus tukee karvojen terveytt\u00e4 laminoinnin, v\u00e4rj\u00e4yksen tai s\u00e4\u00e4nn\u00f6llisen meikkik\u00e4yt\u00f6n j\u00e4lkeen ja auttaa s\u00e4ilytt\u00e4m\u00e4\u00e4n niiden kimmoisuuden ja vahvuuden.<\/p>\n<p>K\u00e4yt\u00e4 kotona tai kampaamossa.<\/p>\n<p><strong>Tilavuus: 10 ml<\/strong><\/p>\n","protected":false},"featured_media":38019,"comment_status":"open","ping_status":"closed","template":"","meta":{"_monsterinsights_skip_tracking":false,"_monsterinsights_sitenote_active":false,"_monsterinsights_sitenote_note":"","_monsterinsights_sitenote_category":0},"product_brand":[],"product_cat":[476,518,915,917,923,516,475],"product_tag":[],"class_list":{"0":"post-38134","1":"product","2":"type-product","3":"status-publish","4":"has-post-thumbnail","6":"product_cat-kulmakarvat","7":"product_cat-jalkihoito","8":"product_cat-esi-ja-jalkihoito","9":"product_cat-jalkihoito-fi","10":"product_cat-jalkihoito-ja-kosteuttaminen","11":"product_cat-lash-lift-fi","12":"product_cat-ripset","13":"pa_brand-molea","14":"pa_suurus-10-ml-fi","16":"first","17":"instock","18":"taxable","19":"shipping-taxable","20":"purchasable","21":"product-type-simple"},"_links":{"self":[{"href":"https:\/\/pomello.ee\/fi\/wp-json\/wp\/v2\/product\/38134","targetHints":{"allow":["GET"]}}],"collection":[{"href":"https:\/\/pomello.ee\/fi\/wp-json\/wp\/v2\/product"}],"about":[{"href":"https:\/\/pomello.ee\/fi\/wp-json\/wp\/v2\/types\/product"}],"replies":[{"embeddable":true,"href":"https:\/\/pomello.ee\/fi\/wp-json\/wp\/v2\/comments?post=38134"}],"wp:featuredmedia":[{"embeddable":true,"href":"https:\/\/pomello.ee\/fi\/wp-json\/wp\/v2\/media\/38019"}],"wp:attachment":[{"href":"https:\/\/pomello.ee\/fi\/wp-json\/wp\/v2\/media?parent=38134"}],"wp:term":[{"taxonomy":"product_brand","embeddable":true,"href":"https:\/\/pomello.ee\/fi\/wp-json\/wp\/v2\/product_brand?post=38134"},{"taxonomy":"product_cat","embeddable":true,"href":"https:\/\/pomello.ee\/fi\/wp-json\/wp\/v2\/product_cat?post=38134"},{"taxonomy":"product_tag","embeddable":true,"href":"https:\/\/pomello.ee\/fi\/wp-json\/wp\/v2\/product_tag?post=38134"}],"curies":[{"name":"wp","href":"https:\/\/api.w.org\/{rel}","templated":true}]}}