{"id":38137,"date":"2025-11-30T18:35:35","date_gmt":"2025-11-30T16:35:35","guid":{"rendered":"https:\/\/pomello.ee\/toode\/molea-synergy-lami-set\/"},"modified":"2025-11-30T18:35:35","modified_gmt":"2025-11-30T16:35:35","slug":"molea-synergy-lami-set","status":"publish","type":"product","link":"https:\/\/pomello.ee\/fi\/toode\/molea-synergy-lami-set\/","title":{"rendered":"Mol\u00e9a Synergy Lami SET"},"content":{"rendered":"<p><strong>K\u00e4ytt\u00f6<\/strong><\/p>\n<p>MONOSTEP Molea One Touch Lamination<\/p>\n<p>Levit\u00e4 tuotetta aiemmin puhdistettuihin kulmakarvojen tai ripsien karvoihin laminointisiveltimell\u00e4.<\/p>\n<p>Vaikutusaika: 3\u201312 minuuttia karvan tyypist\u00e4 ja kunnosta riippuen.<\/p>\n<p>Seuraa karvan reaktiota koko vaikutusajan ajan!<\/p>\n<p>Poista j\u00e4\u00e4m\u00e4t vedell\u00e4 kostutetulla vanulapulla.<\/p>\n<p>Tarkemmat ohjeet l\u00f6ytyv\u00e4t k\u00e4ytt\u00f6oppaasta.<\/p>\n<p>Molea REBOOT COMPLEX \u2013 kulmakarvoille ja ripsille<\/p>\n<p>Levit\u00e4 tuotetta karvoihin ja anna vaikuttaa 3\u20135 minuuttia.<\/p>\n<p>Poista ylim\u00e4\u00e4r\u00e4inen geeli vedell\u00e4 kostutetulla vanulapulla.<\/p>\n<p><strong>S\u00e4ilytys<\/strong><\/p>\n<p>S\u00e4ilyt\u00e4 lasten ja el\u00e4inten ulottumattomissa +5 \u00b0C &#8211; +25 \u00b0C l\u00e4mp\u00f6tilassa.<br \/>\nV\u00e4lt\u00e4 suoraa auringonvaloa.<\/p>\n","protected":false},"excerpt":{"rendered":"<p><strong>MOL\u00c9A SYNERGY LAMI SET \u2013 kulmakarvojen ja ripsien laminointisetti<\/strong><\/p>\n<p>SYNERGY MOL\u00c9A LAMI SET on ammattimainen kaksitoiminen laminointisetti, joka sis\u00e4lt\u00e4\u00e4 kaiken tarvittavan kulmakarvojen ja ripsien laminointiin ja sit\u00e4 seuraavaan korjaavaan hoitoon.<\/p>\n<p><strong>Setti sis\u00e4lt\u00e4\u00e4:<\/strong><\/p>\n<p>Monostep Molea ONE TOUCH LAMINATION 10 ml \u2013 yksivaiheinen laminointituote<\/p>\n<p>Molea REBOOT COMPLEX 10 ml \u2013 p\u00e4ivitt\u00e4inen hoitotuote hiusten kosteuttamiseen, vahvistamiseen ja palauttamiseen<\/p>\n<p>Setti on suunniteltu mestarille, joka haluaa nopean, tehokkaan ja laadukkaan tuloksen sek\u00e4 toimenpiteen aikana ett\u00e4 sen j\u00e4lkeen.<\/p>\n<p><strong>Setin tuotteet<\/strong><\/p>\n<p><strong>1. Monostep Molea ONE TOUCH LAMINATION (10 ml)<\/strong><\/p>\n<p>Ammattimainen yksivaiheinen laminointituote kulmakarvoille ja ripsille. Tuote muuttaa hell\u00e4varaisesti hiusten rakennetta, muotoilee halutun muodon ja kiinnitt\u00e4\u00e4 karvat paikoilleen ilman erillist\u00e4 fiksaattoria. Ravitseva koostumus hoitaa karvoja koko toimenpiteen ajan.<\/p>\n<p><strong>2. Molea REBOOT COMPLEX (10 ml)<\/strong><\/p>\n<p>P\u00e4ivitt\u00e4inen korjaava hoitotuote, joka kosteuttaa, vahvistaa ja suojaa kulmakarvoja ja ripsi\u00e4. Ihanteellinen k\u00e4ytett\u00e4v\u00e4ksi laminoinnin, v\u00e4rj\u00e4yksen tai p\u00e4ivitt\u00e4isen meikin j\u00e4lkeen &#8211; auttaa pit\u00e4m\u00e4\u00e4n hiukset kimmoisina ja tervein\u00e4.<\/p>\n","protected":false},"featured_media":38024,"comment_status":"open","ping_status":"closed","template":"","meta":{"_monsterinsights_skip_tracking":false,"_monsterinsights_sitenote_active":false,"_monsterinsights_sitenote_note":"","_monsterinsights_sitenote_category":0},"product_brand":[],"product_cat":[476,517,899,477,516,1206,475],"product_tag":[],"class_list":{"0":"post-38137","1":"product","2":"type-product","3":"status-publish","4":"has-post-thumbnail","6":"product_cat-kulmakarvat","7":"product_cat-emulsiot","8":"product_cat-emulsiot-fi","9":"product_cat-kulmien-laminointi","10":"product_cat-lash-lift-fi","11":"product_cat-lash-lift-laminointisetit","12":"product_cat-ripset","13":"pa_brand-molea","14":"pa_suurus-2-x-10-ml","16":"first","17":"instock","18":"taxable","19":"shipping-taxable","20":"purchasable","21":"product-type-simple"},"_links":{"self":[{"href":"https:\/\/pomello.ee\/fi\/wp-json\/wp\/v2\/product\/38137","targetHints":{"allow":["GET"]}}],"collection":[{"href":"https:\/\/pomello.ee\/fi\/wp-json\/wp\/v2\/product"}],"about":[{"href":"https:\/\/pomello.ee\/fi\/wp-json\/wp\/v2\/types\/product"}],"replies":[{"embeddable":true,"href":"https:\/\/pomello.ee\/fi\/wp-json\/wp\/v2\/comments?post=38137"}],"wp:featuredmedia":[{"embeddable":true,"href":"https:\/\/pomello.ee\/fi\/wp-json\/wp\/v2\/media\/38024"}],"wp:attachment":[{"href":"https:\/\/pomello.ee\/fi\/wp-json\/wp\/v2\/media?parent=38137"}],"wp:term":[{"taxonomy":"product_brand","embeddable":true,"href":"https:\/\/pomello.ee\/fi\/wp-json\/wp\/v2\/product_brand?post=38137"},{"taxonomy":"product_cat","embeddable":true,"href":"https:\/\/pomello.ee\/fi\/wp-json\/wp\/v2\/product_cat?post=38137"},{"taxonomy":"product_tag","embeddable":true,"href":"https:\/\/pomello.ee\/fi\/wp-json\/wp\/v2\/product_tag?post=38137"}],"curies":[{"name":"wp","href":"https:\/\/api.w.org\/{rel}","templated":true}]}}