{"id":38140,"date":"2025-11-30T18:43:05","date_gmt":"2025-11-30T16:43:05","guid":{"rendered":"https:\/\/pomello.ee\/toode\/molea-synergy-lami-mini-set\/"},"modified":"2025-12-06T07:51:59","modified_gmt":"2025-12-06T05:51:59","slug":"molea-synergy-lami-mini-set","status":"publish","type":"product","link":"https:\/\/pomello.ee\/fi\/toode\/molea-synergy-lami-mini-set\/","title":{"rendered":"Mol\u00e9a Synergy Lami Mini Set"},"content":{"rendered":"<p><strong>K\u00e4ytt\u00f6 \u2013 ONE TOUCH Monostep -laminointi<\/strong><\/p>\n<p>Levit\u00e4 tuotetta aiemmin puhdistettuihin kulmakarvoihin tai ripsiin siveltimell\u00e4.<\/p>\n<p>Vaikutusaika: 3\u201312 minuuttia karvojen tyypist\u00e4 ja kunnosta riippuen.<\/p>\n<p>Seuraa karvojen kuntoa koko vaikutusajan ajan!<\/p>\n<p>Poista j\u00e4\u00e4m\u00e4t varovasti vedell\u00e4 kostutetulla vanulapulla.<\/p>\n<p>Tarkemmat ohjeet l\u00f6ytyv\u00e4t k\u00e4ytt\u00f6oppaasta.<\/p>\n<p>Varotoimet<\/p>\n<p>Sis\u00e4lt\u00e4\u00e4 tioglykolaattia ja ammoniakkia. Noudata k\u00e4ytt\u00f6ohjeita tarkasti.<\/p>\n<p>\u00c4l\u00e4 k\u00e4yt\u00e4 metallisia ty\u00f6kaluja.<\/p>\n<p>V\u00e4lt\u00e4 aineen joutumista silmiin; jos ainetta joutuu silmiin, huuhtele v\u00e4litt\u00f6m\u00e4sti runsaalla vedell\u00e4 ja ota tarvittaessa yhteys l\u00e4\u00e4k\u00e4riin.<\/p>\n<p>K\u00e4yt\u00e4 suojak\u00e4sineit\u00e4.<\/p>\n<p>Tee allergiatesti ennen k\u00e4ytt\u00f6\u00e4.<\/p>\n<p>\u00c4l\u00e4 k\u00e4yt\u00e4 tulehtuneelle iholle tai jos ilmenee allergiaa.<\/p>\n<p>Jos ilmenee allerginen reaktio, lopeta k\u00e4ytt\u00f6 ja ota yhteys l\u00e4\u00e4k\u00e4riin.<\/p>\n<p><strong>S\u00e4ilytys<\/strong><\/p>\n<p>S\u00e4ilyt\u00e4 lasten ja el\u00e4inten ulottumattomissa +5 \u00b0C &#8211; +25 \u00b0C:n l\u00e4mp\u00f6tilassa.<br \/>\nV\u00e4lt\u00e4 suoraa auringonvaloa.<\/p>\n","protected":false},"excerpt":{"rendered":"<p><strong>Mol\u00e9a Mini Lamination Set \u2013 minisarja ripsien ja kulmakarvojen laminointiin<\/strong><\/p>\n<p>Mol\u00e9a Mini Lamination Set on kompakti sarja, joka yhdist\u00e4\u00e4 ONE TOUCH MONOSTEP LAMINATION -koostumuksen ja hoitavan j\u00e4lkihoitoaineen. Ihanteellinen kertak\u00e4ytt\u00f6\u00f6n tai mestarin testattavaksi. Hell\u00e4varainen mutta tehokas koostumus muuttaa hiusten rakennetta, muotoilee halutun muodon ja kiinnitt\u00e4\u00e4 karvat tarkasti paikoilleen samalla tarjoten suojaa ja hoitoa ravitsevien aktiiviaineiden kompleksin avulla.<\/p>\n<p><strong>Tilavuus:<\/strong><\/p>\n<p>3 ml laminointipussi emulsiolla<\/p>\n<p>3 ml hoitoampulli<\/p>\n","protected":false},"featured_media":38041,"comment_status":"open","ping_status":"closed","template":"","meta":{"_monsterinsights_skip_tracking":false,"_monsterinsights_sitenote_active":false,"_monsterinsights_sitenote_note":"","_monsterinsights_sitenote_category":0},"product_brand":[],"product_cat":[476,517,899,477,516,1206,475],"product_tag":[],"class_list":{"0":"post-38140","1":"product","2":"type-product","3":"status-publish","4":"has-post-thumbnail","6":"product_cat-kulmakarvat","7":"product_cat-emulsiot","8":"product_cat-emulsiot-fi","9":"product_cat-kulmien-laminointi","10":"product_cat-lash-lift-fi","11":"product_cat-lash-lift-laminointisetit","12":"product_cat-ripset","13":"pa_brand-molea","15":"first","16":"instock","17":"taxable","18":"shipping-taxable","19":"purchasable","20":"product-type-simple"},"_links":{"self":[{"href":"https:\/\/pomello.ee\/fi\/wp-json\/wp\/v2\/product\/38140","targetHints":{"allow":["GET"]}}],"collection":[{"href":"https:\/\/pomello.ee\/fi\/wp-json\/wp\/v2\/product"}],"about":[{"href":"https:\/\/pomello.ee\/fi\/wp-json\/wp\/v2\/types\/product"}],"replies":[{"embeddable":true,"href":"https:\/\/pomello.ee\/fi\/wp-json\/wp\/v2\/comments?post=38140"}],"wp:featuredmedia":[{"embeddable":true,"href":"https:\/\/pomello.ee\/fi\/wp-json\/wp\/v2\/media\/38041"}],"wp:attachment":[{"href":"https:\/\/pomello.ee\/fi\/wp-json\/wp\/v2\/media?parent=38140"}],"wp:term":[{"taxonomy":"product_brand","embeddable":true,"href":"https:\/\/pomello.ee\/fi\/wp-json\/wp\/v2\/product_brand?post=38140"},{"taxonomy":"product_cat","embeddable":true,"href":"https:\/\/pomello.ee\/fi\/wp-json\/wp\/v2\/product_cat?post=38140"},{"taxonomy":"product_tag","embeddable":true,"href":"https:\/\/pomello.ee\/fi\/wp-json\/wp\/v2\/product_tag?post=38140"}],"curies":[{"name":"wp","href":"https:\/\/api.w.org\/{rel}","templated":true}]}}