{"id":38264,"date":"2025-11-30T19:09:21","date_gmt":"2025-11-30T17:09:21","guid":{"rendered":"https:\/\/pomello.ee\/toode\/lovely-brows-pre-waxing-talc\/"},"modified":"2025-11-30T19:09:21","modified_gmt":"2025-11-30T17:09:21","slug":"lovely-brows-pre-waxing-talc","status":"publish","type":"product","link":"https:\/\/pomello.ee\/fi\/toode\/lovely-brows-pre-waxing-talc\/","title":{"rendered":"Lovely Brows Pre-waxing TALC"},"content":{"rendered":"<p><strong>K\u00e4ytt\u00f6<\/strong><\/p>\n<p>Puhdista iho meikist\u00e4 ja muista ep\u00e4puhtauksista.<\/p>\n<p>Levit\u00e4 ohut kerros talkkia valitulle alueelle siveltimell\u00e4.<\/p>\n<p>Jatka karvanpoistoa tai kulmakarvojen siistimist\u00e4.<\/p>\n<p>Varotoimet<\/p>\n<p>Yksil\u00f6llinen yliherkkyys ainesosille on mahdollinen.<\/p>\n<p>Vain ulkoiseen k\u00e4ytt\u00f6\u00f6n.<\/p>\n<p>V\u00e4lt\u00e4 kosketusta silmiin.<\/p>\n<p>Pid\u00e4 kansi tiiviisti suljettuna tuotteen ominaisuuksien ja ulkon\u00e4\u00f6n s\u00e4ilytt\u00e4miseksi.<\/p>\n<p><strong>S\u00e4ilytys<\/strong><\/p>\n<p>S\u00e4ilyt\u00e4 5\u201325 \u00b0C:n l\u00e4mp\u00f6tilassa.<\/p>\n<p>S\u00e4ilyt\u00e4 lasten ja el\u00e4inten ulottumattomissa<\/p>\n","protected":false},"excerpt":{"rendered":"<p><strong>Lovely Brows Pre-waxing TALC<\/strong> on korkealaatuinen talkkijauhe, joka kuivattaa kostean ihon v\u00e4litt\u00f6m\u00e4sti ja imee ylim\u00e4\u00e4r\u00e4isen talin. Se luo ihanteellisen pinnan vahaamiselle &#8211; vahan tarttuvuus paranee merkitt\u00e4v\u00e4sti, tarttuen jopa lyhyisiin ja ohuisiin kulmakarvoihin. Talkki suojaa herkk\u00e4\u00e4 ihoa suoralta kosketukselta vahan kanssa, varmistaen turvallisemman ja tehokkaamman karvanpoiston tai kulmakarvojen muotoilun.<\/p>\n<p><strong>Tilavuus: 50 ml<\/strong><\/p>\n","protected":false},"featured_media":38047,"comment_status":"open","ping_status":"closed","template":"","meta":{"_monsterinsights_skip_tracking":false,"_monsterinsights_sitenote_active":false,"_monsterinsights_sitenote_note":"","_monsterinsights_sitenote_category":0},"product_brand":[],"product_cat":[507,480],"product_tag":[],"class_list":{"0":"post-38264","1":"product","2":"type-product","3":"status-publish","4":"has-post-thumbnail","6":"product_cat-karvanpoisto","7":"product_cat-esihoito","8":"pa_brand-lovely-brows-fi","9":"pa_suurus-50-ml-fi","11":"first","12":"instock","13":"taxable","14":"shipping-taxable","15":"purchasable","16":"product-type-simple"},"_links":{"self":[{"href":"https:\/\/pomello.ee\/fi\/wp-json\/wp\/v2\/product\/38264","targetHints":{"allow":["GET"]}}],"collection":[{"href":"https:\/\/pomello.ee\/fi\/wp-json\/wp\/v2\/product"}],"about":[{"href":"https:\/\/pomello.ee\/fi\/wp-json\/wp\/v2\/types\/product"}],"replies":[{"embeddable":true,"href":"https:\/\/pomello.ee\/fi\/wp-json\/wp\/v2\/comments?post=38264"}],"wp:featuredmedia":[{"embeddable":true,"href":"https:\/\/pomello.ee\/fi\/wp-json\/wp\/v2\/media\/38047"}],"wp:attachment":[{"href":"https:\/\/pomello.ee\/fi\/wp-json\/wp\/v2\/media?parent=38264"}],"wp:term":[{"taxonomy":"product_brand","embeddable":true,"href":"https:\/\/pomello.ee\/fi\/wp-json\/wp\/v2\/product_brand?post=38264"},{"taxonomy":"product_cat","embeddable":true,"href":"https:\/\/pomello.ee\/fi\/wp-json\/wp\/v2\/product_cat?post=38264"},{"taxonomy":"product_tag","embeddable":true,"href":"https:\/\/pomello.ee\/fi\/wp-json\/wp\/v2\/product_tag?post=38264"}],"curies":[{"name":"wp","href":"https:\/\/api.w.org\/{rel}","templated":true}]}}