{"id":38267,"date":"2025-11-30T20:41:19","date_gmt":"2025-11-30T18:41:19","guid":{"rendered":"https:\/\/pomello.ee\/toode\/lovely-brows-cooling-pre-waxing-tonic\/"},"modified":"2025-11-30T20:41:19","modified_gmt":"2025-11-30T18:41:19","slug":"lovely-brows-cooling-pre-waxing-tonic","status":"publish","type":"product","link":"https:\/\/pomello.ee\/fi\/toode\/lovely-brows-cooling-pre-waxing-tonic\/","title":{"rendered":"Lovely Brows Cooling Pre-Waxing Tonic"},"content":{"rendered":"<p><strong>K\u00e4ytt\u00f6<\/strong><\/p>\n<p>Levit\u00e4 pieni m\u00e4\u00e4r\u00e4 kasvovett\u00e4 vanulapulle.<\/p>\n<p>Puhdista depiloitava alue huolellisesti.<\/p>\n<p>Voit halutessasi k\u00e4ytt\u00e4\u00e4 kasvovett\u00e4 depilaation j\u00e4lkeen ep\u00e4mukavuuden v\u00e4hent\u00e4miseksi ja ihon raikastamiseksi.<\/p>\n<p>Varotoimet<\/p>\n<p>Yksil\u00f6llinen yliherkkyys ainesosille on mahdollinen.<\/p>\n<p>V\u00e4lt\u00e4 kosketusta silmiin.<\/p>\n<p>Vain ulkoiseen k\u00e4ytt\u00f6\u00f6n.<\/p>\n<p><strong>S\u00e4ilytys<\/strong><\/p>\n<p>S\u00e4ilyt\u00e4 5\u201325 \u00b0C:n l\u00e4mp\u00f6tilassa.<\/p>\n<p>S\u00e4ilyt\u00e4 lasten ja el\u00e4inten ulottumattomissa.<\/p>\n","protected":false},"excerpt":{"rendered":"<p><strong>Lovely Brows Cooling Pre-Waxing Tonic<\/strong> valmistelee ihon hell\u00e4varaisesti vahausta varten ja sill\u00e4 on puhdistava ja antiseptinen vaikutus. Kasvoveden virkist\u00e4v\u00e4 ja viilent\u00e4v\u00e4 vaikutus auttaa v\u00e4hent\u00e4m\u00e4\u00e4n iho\u00e4rsytyst\u00e4, parantaa vahan tarttumista karvoihin ja tekee vahauksesta huomattavasti tehokkaampaa ja miellytt\u00e4v\u00e4mp\u00e4\u00e4.<\/p>\n<p><strong>Tilavuus: 50 ml<\/strong><\/p>\n","protected":false},"featured_media":38057,"comment_status":"open","ping_status":"closed","template":"","meta":{"_monsterinsights_skip_tracking":false,"_monsterinsights_sitenote_active":false,"_monsterinsights_sitenote_note":"","_monsterinsights_sitenote_category":0},"product_brand":[],"product_cat":[507,480],"product_tag":[],"class_list":{"0":"post-38267","1":"product","2":"type-product","3":"status-publish","4":"has-post-thumbnail","6":"product_cat-karvanpoisto","7":"product_cat-esihoito","8":"pa_brand-lovely-brows-fi","9":"pa_suurus-50-ml-fi","11":"first","12":"instock","13":"taxable","14":"shipping-taxable","15":"purchasable","16":"product-type-simple"},"_links":{"self":[{"href":"https:\/\/pomello.ee\/fi\/wp-json\/wp\/v2\/product\/38267","targetHints":{"allow":["GET"]}}],"collection":[{"href":"https:\/\/pomello.ee\/fi\/wp-json\/wp\/v2\/product"}],"about":[{"href":"https:\/\/pomello.ee\/fi\/wp-json\/wp\/v2\/types\/product"}],"replies":[{"embeddable":true,"href":"https:\/\/pomello.ee\/fi\/wp-json\/wp\/v2\/comments?post=38267"}],"wp:featuredmedia":[{"embeddable":true,"href":"https:\/\/pomello.ee\/fi\/wp-json\/wp\/v2\/media\/38057"}],"wp:attachment":[{"href":"https:\/\/pomello.ee\/fi\/wp-json\/wp\/v2\/media?parent=38267"}],"wp:term":[{"taxonomy":"product_brand","embeddable":true,"href":"https:\/\/pomello.ee\/fi\/wp-json\/wp\/v2\/product_brand?post=38267"},{"taxonomy":"product_cat","embeddable":true,"href":"https:\/\/pomello.ee\/fi\/wp-json\/wp\/v2\/product_cat?post=38267"},{"taxonomy":"product_tag","embeddable":true,"href":"https:\/\/pomello.ee\/fi\/wp-json\/wp\/v2\/product_tag?post=38267"}],"curies":[{"name":"wp","href":"https:\/\/api.w.org\/{rel}","templated":true}]}}