{"id":38270,"date":"2025-11-30T20:47:19","date_gmt":"2025-11-30T18:47:19","guid":{"rendered":"https:\/\/pomello.ee\/toode\/lovely-brows-cooling-pre-waxing-gel\/"},"modified":"2025-11-30T20:47:19","modified_gmt":"2025-11-30T18:47:19","slug":"lovely-brows-cooling-pre-waxing-gel","status":"publish","type":"product","link":"https:\/\/pomello.ee\/fi\/toode\/lovely-brows-cooling-pre-waxing-gel\/","title":{"rendered":"Lovely Brows Cooling Pre-Waxing Gel\u00a0"},"content":{"rendered":"<p><strong>K\u00e4ytt\u00f6<\/strong><\/p>\n<p>Levit\u00e4 pieni m\u00e4\u00e4r\u00e4 geeli\u00e4 iholle ennen karvanpoistoa.<\/p>\n<p>Anna vaikuttaa 3\u20135 minuuttia.<\/p>\n<p>Poista ylim\u00e4\u00e4r\u00e4inen geeli kostealla vanulapulla.<\/p>\n<p>Varotoimet<\/p>\n<p>Yksil\u00f6llinen yliherkkyys ainesosille on mahdollinen.<\/p>\n<p>Vain ulkoiseen k\u00e4ytt\u00f6\u00f6n.<\/p>\n<p>V\u00e4lt\u00e4 kosketusta silmiin.<\/p>\n<p><strong>S\u00e4ilytys<\/strong><\/p>\n<p>S\u00e4ilyt\u00e4 5\u201325 \u00b0C:n l\u00e4mp\u00f6tilassa.<\/p>\n<p>S\u00e4ilyt\u00e4 lasten ja el\u00e4inten ulottumattomissa.<\/p>\n","protected":false},"excerpt":{"rendered":"<p><strong>Lovely Brows Cooling Pre-Waxing Gel<\/strong>\u00a0on erityisesti suunniteltu valmistelemaan ihoa ennen vahausta tai kulmakarvojen korjausta. Kevyt ja virkist\u00e4v\u00e4 koostumus antaa miellytt\u00e4v\u00e4n viilent\u00e4v\u00e4n tunteen, joka auttaa v\u00e4hent\u00e4m\u00e4\u00e4n ep\u00e4mukavuutta toimenpiteen aikana. Geeli parantaa vahan tarttumista karvoihin, mik\u00e4 tekee niiden poistosta nopeampaa, tarkempaa ja tehokkaampaa.<\/p>\n<p><strong>Tilavuus: 50 ml<\/strong><\/p>\n","protected":false},"featured_media":38066,"comment_status":"open","ping_status":"closed","template":"","meta":{"_monsterinsights_skip_tracking":false,"_monsterinsights_sitenote_active":false,"_monsterinsights_sitenote_note":"","_monsterinsights_sitenote_category":0},"product_brand":[],"product_cat":[507,480],"product_tag":[],"class_list":{"0":"post-38270","1":"product","2":"type-product","3":"status-publish","4":"has-post-thumbnail","6":"product_cat-karvanpoisto","7":"product_cat-esihoito","8":"pa_brand-lovely-brows-fi","9":"pa_suurus-50-ml-fi","11":"first","12":"instock","13":"taxable","14":"shipping-taxable","15":"purchasable","16":"product-type-simple"},"_links":{"self":[{"href":"https:\/\/pomello.ee\/fi\/wp-json\/wp\/v2\/product\/38270","targetHints":{"allow":["GET"]}}],"collection":[{"href":"https:\/\/pomello.ee\/fi\/wp-json\/wp\/v2\/product"}],"about":[{"href":"https:\/\/pomello.ee\/fi\/wp-json\/wp\/v2\/types\/product"}],"replies":[{"embeddable":true,"href":"https:\/\/pomello.ee\/fi\/wp-json\/wp\/v2\/comments?post=38270"}],"wp:featuredmedia":[{"embeddable":true,"href":"https:\/\/pomello.ee\/fi\/wp-json\/wp\/v2\/media\/38066"}],"wp:attachment":[{"href":"https:\/\/pomello.ee\/fi\/wp-json\/wp\/v2\/media?parent=38270"}],"wp:term":[{"taxonomy":"product_brand","embeddable":true,"href":"https:\/\/pomello.ee\/fi\/wp-json\/wp\/v2\/product_brand?post=38270"},{"taxonomy":"product_cat","embeddable":true,"href":"https:\/\/pomello.ee\/fi\/wp-json\/wp\/v2\/product_cat?post=38270"},{"taxonomy":"product_tag","embeddable":true,"href":"https:\/\/pomello.ee\/fi\/wp-json\/wp\/v2\/product_tag?post=38270"}],"curies":[{"name":"wp","href":"https:\/\/api.w.org\/{rel}","templated":true}]}}