{"id":38273,"date":"2025-11-30T20:57:46","date_gmt":"2025-11-30T18:57:46","guid":{"rendered":"https:\/\/pomello.ee\/toode\/lovely-brows-repair-serum-post-waxing\/"},"modified":"2025-11-30T20:57:46","modified_gmt":"2025-11-30T18:57:46","slug":"lovely-brows-repair-serum-post-waxing","status":"publish","type":"product","link":"https:\/\/pomello.ee\/fi\/toode\/lovely-brows-repair-serum-post-waxing\/","title":{"rendered":"Lovely Brows Repair Serum Post-Waxing"},"content":{"rendered":"<p><strong>K\u00e4ytt\u00f6<\/strong><\/p>\n<p>Levit\u00e4 pieni m\u00e4\u00e4r\u00e4 seerumia puhtaalle ja kuivalle iholle heti depilaation j\u00e4lkeen.<\/p>\n<p>\u00c4l\u00e4 huuhtele.<\/p>\n<p>Varotoimet<\/p>\n<p>Yksil\u00f6llinen yliherkkyys ainesosille on mahdollinen.<\/p>\n<p>Vain ulkoiseen k\u00e4ytt\u00f6\u00f6n.<\/p>\n<p>V\u00e4lt\u00e4 kosketusta silmiin.<\/p>\n<p><strong>S\u00e4ilytys<\/strong><\/p>\n<p>S\u00e4ilyt\u00e4 5\u201325 \u00b0C:ssa.<\/p>\n<p>Pid\u00e4 poissa lasten ja el\u00e4inten ulottuvilta.<\/p>\n","protected":false},"excerpt":{"rendered":"<p><strong>Lovely Brows Repair Serum Post-Waxing<\/strong> on erityisesti suunniteltu rauhoittamaan herkk\u00e4\u00e4 ihoa vahauksen tai kulmakarvojen korjauksen j\u00e4lkeen. Hell\u00e4varainen, nopeasti imeytyv\u00e4 koostumus v\u00e4hent\u00e4\u00e4 punoitusta ja \u00e4rsytyst\u00e4, edist\u00e4\u00e4 ihon nopeaa toipumista ja tarjoaa syv\u00e4kosteutusta.<\/p>\n<p>Seerumi vahvistaa ihon luonnollista suojakerrosta, j\u00e4tt\u00e4\u00e4 ihon pehme\u00e4ksi ja raikkaaksi eik\u00e4 j\u00e4t\u00e4 tahmeaa kerrosta. T\u00e4ydellinen p\u00e4ivitt\u00e4iseen hoitoon, jopa kauneushoitojen v\u00e4lill\u00e4.<\/p>\n<p><strong>Tilavuus: 50 ml<\/strong><\/p>\n","protected":false},"featured_media":38075,"comment_status":"open","ping_status":"closed","template":"","meta":{"_monsterinsights_skip_tracking":false,"_monsterinsights_sitenote_active":false,"_monsterinsights_sitenote_note":"","_monsterinsights_sitenote_category":0},"product_brand":[],"product_cat":[507,552],"product_tag":[],"class_list":{"0":"post-38273","1":"product","2":"type-product","3":"status-publish","4":"has-post-thumbnail","6":"product_cat-karvanpoisto","7":"product_cat-jalkihuolto","8":"pa_brand-lovely-brows-fi","9":"pa_suurus-50-ml-fi","11":"first","12":"instock","13":"taxable","14":"shipping-taxable","15":"purchasable","16":"product-type-simple"},"_links":{"self":[{"href":"https:\/\/pomello.ee\/fi\/wp-json\/wp\/v2\/product\/38273","targetHints":{"allow":["GET"]}}],"collection":[{"href":"https:\/\/pomello.ee\/fi\/wp-json\/wp\/v2\/product"}],"about":[{"href":"https:\/\/pomello.ee\/fi\/wp-json\/wp\/v2\/types\/product"}],"replies":[{"embeddable":true,"href":"https:\/\/pomello.ee\/fi\/wp-json\/wp\/v2\/comments?post=38273"}],"wp:featuredmedia":[{"embeddable":true,"href":"https:\/\/pomello.ee\/fi\/wp-json\/wp\/v2\/media\/38075"}],"wp:attachment":[{"href":"https:\/\/pomello.ee\/fi\/wp-json\/wp\/v2\/media?parent=38273"}],"wp:term":[{"taxonomy":"product_brand","embeddable":true,"href":"https:\/\/pomello.ee\/fi\/wp-json\/wp\/v2\/product_brand?post=38273"},{"taxonomy":"product_cat","embeddable":true,"href":"https:\/\/pomello.ee\/fi\/wp-json\/wp\/v2\/product_cat?post=38273"},{"taxonomy":"product_tag","embeddable":true,"href":"https:\/\/pomello.ee\/fi\/wp-json\/wp\/v2\/product_tag?post=38273"}],"curies":[{"name":"wp","href":"https:\/\/api.w.org\/{rel}","templated":true}]}}