{"id":38276,"date":"2025-11-30T21:05:05","date_gmt":"2025-11-30T19:05:05","guid":{"rendered":"https:\/\/pomello.ee\/toode\/lovely-brows-post-waxing-cream\/"},"modified":"2025-11-30T21:05:05","modified_gmt":"2025-11-30T19:05:05","slug":"lovely-brows-post-waxing-cream","status":"publish","type":"product","link":"https:\/\/pomello.ee\/fi\/toode\/lovely-brows-post-waxing-cream\/","title":{"rendered":"Lovely Brows Post-Waxing Cream"},"content":{"rendered":"<p><strong>K\u00e4ytt\u00f6<\/strong><\/p>\n<p>Levit\u00e4 pieni m\u00e4\u00e4r\u00e4 voidetta puhtaalle iholle heti karvanpoiston tai kulmakarvojen korjauksen j\u00e4lkeen.<\/p>\n<p>Ei tarvitse huuhdella.<\/p>\n<p>Varotoimet<\/p>\n<p>Yksil\u00f6llinen yliherkkyys ainesosille on mahdollinen.<\/p>\n<p>Vain ulkoiseen k\u00e4ytt\u00f6\u00f6n.<\/p>\n<p>V\u00e4lt\u00e4 kosketusta silmiin.<\/p>\n<p><strong>S\u00e4ilytys<\/strong><\/p>\n<p>S\u00e4ilyt\u00e4 5\u201325 \u00b0C:n l\u00e4mp\u00f6tilassa.<br \/>\nS\u00e4ilyt\u00e4 lasten ja el\u00e4inten ulottumattomissa.<\/p>\n","protected":false},"excerpt":{"rendered":"<p><strong>Lovely Brows Post-Waxing Cream<\/strong> on t\u00e4ydellinen apu ihon rauhoittamiseen vahauksen tai kulmakarvojen korjauksen j\u00e4lkeen. Kevyt koostumus takaa miellytt\u00e4v\u00e4n levityksen ja nopean imeytymisen, mik\u00e4 auttaa v\u00e4hent\u00e4m\u00e4\u00e4n punoitusta, \u00e4rsytyst\u00e4 ja ep\u00e4mukavuutta. Voide palauttaa ihon kosteustasapainon ja tukee sen luonnollista suojakerrosta.<\/p>\n<p><strong>Tilavuus: 50 ml<\/strong><\/p>\n","protected":false},"featured_media":38084,"comment_status":"open","ping_status":"closed","template":"","meta":{"_monsterinsights_skip_tracking":false,"_monsterinsights_sitenote_active":false,"_monsterinsights_sitenote_note":"","_monsterinsights_sitenote_category":0},"product_brand":[],"product_cat":[507,552],"product_tag":[],"class_list":{"0":"post-38276","1":"product","2":"type-product","3":"status-publish","4":"has-post-thumbnail","6":"product_cat-karvanpoisto","7":"product_cat-jalkihuolto","8":"pa_brand-lovely-brows-fi","9":"pa_suurus-50-ml-fi","11":"first","12":"instock","13":"taxable","14":"shipping-taxable","15":"purchasable","16":"product-type-simple"},"_links":{"self":[{"href":"https:\/\/pomello.ee\/fi\/wp-json\/wp\/v2\/product\/38276","targetHints":{"allow":["GET"]}}],"collection":[{"href":"https:\/\/pomello.ee\/fi\/wp-json\/wp\/v2\/product"}],"about":[{"href":"https:\/\/pomello.ee\/fi\/wp-json\/wp\/v2\/types\/product"}],"replies":[{"embeddable":true,"href":"https:\/\/pomello.ee\/fi\/wp-json\/wp\/v2\/comments?post=38276"}],"wp:featuredmedia":[{"embeddable":true,"href":"https:\/\/pomello.ee\/fi\/wp-json\/wp\/v2\/media\/38084"}],"wp:attachment":[{"href":"https:\/\/pomello.ee\/fi\/wp-json\/wp\/v2\/media?parent=38276"}],"wp:term":[{"taxonomy":"product_brand","embeddable":true,"href":"https:\/\/pomello.ee\/fi\/wp-json\/wp\/v2\/product_brand?post=38276"},{"taxonomy":"product_cat","embeddable":true,"href":"https:\/\/pomello.ee\/fi\/wp-json\/wp\/v2\/product_cat?post=38276"},{"taxonomy":"product_tag","embeddable":true,"href":"https:\/\/pomello.ee\/fi\/wp-json\/wp\/v2\/product_tag?post=38276"}],"curies":[{"name":"wp","href":"https:\/\/api.w.org\/{rel}","templated":true}]}}