{"id":38279,"date":"2025-11-30T21:10:56","date_gmt":"2025-11-30T19:10:56","guid":{"rendered":"https:\/\/pomello.ee\/toode\/lovely-brows-post-waxing-tonic\/"},"modified":"2025-11-30T21:10:56","modified_gmt":"2025-11-30T19:10:56","slug":"lovely-brows-post-waxing-tonic","status":"publish","type":"product","link":"https:\/\/pomello.ee\/fi\/toode\/lovely-brows-post-waxing-tonic\/","title":{"rendered":"Lovely Brows Post-Waxing Tonic"},"content":{"rendered":"<p><strong>K\u00e4ytt\u00f6<\/strong><\/p>\n<p>Karvanpoiston j\u00e4lkeen levit\u00e4 kasvovett\u00e4 puhdistetulle iholle ja levit\u00e4 tasaisesti.<\/p>\n<p>Ei tarvitse huuhdella.<\/p>\n<p>Varotoimet<\/p>\n<p>Yksil\u00f6llinen yliherkkyys ainesosille on mahdollinen.<\/p>\n<p>Vain ulkoiseen k\u00e4ytt\u00f6\u00f6n.<\/p>\n<p>V\u00e4lt\u00e4 kosketusta silmiin.<\/p>\n<p><strong>S\u00e4ilytys<\/strong><\/p>\n<p>S\u00e4ilyt\u00e4 5\u201325 \u00b0C:n l\u00e4mp\u00f6tilassa.<br \/>\nS\u00e4ilyt\u00e4 lasten ja el\u00e4inten ulottumattomissa.<\/p>\n","protected":false},"excerpt":{"rendered":"<p><strong>Lovely Brows Post-Waxing Tonic<\/strong> hoitaa ihoa hell\u00e4varaisesti karvanpoiston j\u00e4lkeen ja auttaa v\u00e4hent\u00e4m\u00e4\u00e4n punoitusta, ep\u00e4mukavuutta ja \u00e4rsytyst\u00e4. Kasvoveden virkist\u00e4v\u00e4 koostumus palauttaa ihon luonnollisen tasapainon ja j\u00e4tt\u00e4\u00e4 miellytt\u00e4v\u00e4n puhtaan ja rauhoittavan tunteen toimenpiteen j\u00e4lkeen. Sopii p\u00e4ivitt\u00e4iseen k\u00e4ytt\u00f6\u00f6n kaikille ihotyypeille.<\/p>\n<p><strong>Tilavuus: 50 ml<\/strong><\/p>\n","protected":false},"featured_media":38093,"comment_status":"open","ping_status":"closed","template":"","meta":{"_monsterinsights_skip_tracking":false,"_monsterinsights_sitenote_active":false,"_monsterinsights_sitenote_note":"","_monsterinsights_sitenote_category":0},"product_brand":[],"product_cat":[507,552],"product_tag":[],"class_list":{"0":"post-38279","1":"product","2":"type-product","3":"status-publish","4":"has-post-thumbnail","6":"product_cat-karvanpoisto","7":"product_cat-jalkihuolto","8":"pa_brand-lovely-brows-fi","9":"pa_suurus-50-ml-fi","11":"first","12":"instock","13":"taxable","14":"shipping-taxable","15":"purchasable","16":"product-type-simple"},"_links":{"self":[{"href":"https:\/\/pomello.ee\/fi\/wp-json\/wp\/v2\/product\/38279","targetHints":{"allow":["GET"]}}],"collection":[{"href":"https:\/\/pomello.ee\/fi\/wp-json\/wp\/v2\/product"}],"about":[{"href":"https:\/\/pomello.ee\/fi\/wp-json\/wp\/v2\/types\/product"}],"replies":[{"embeddable":true,"href":"https:\/\/pomello.ee\/fi\/wp-json\/wp\/v2\/comments?post=38279"}],"wp:featuredmedia":[{"embeddable":true,"href":"https:\/\/pomello.ee\/fi\/wp-json\/wp\/v2\/media\/38093"}],"wp:attachment":[{"href":"https:\/\/pomello.ee\/fi\/wp-json\/wp\/v2\/media?parent=38279"}],"wp:term":[{"taxonomy":"product_brand","embeddable":true,"href":"https:\/\/pomello.ee\/fi\/wp-json\/wp\/v2\/product_brand?post=38279"},{"taxonomy":"product_cat","embeddable":true,"href":"https:\/\/pomello.ee\/fi\/wp-json\/wp\/v2\/product_cat?post=38279"},{"taxonomy":"product_tag","embeddable":true,"href":"https:\/\/pomello.ee\/fi\/wp-json\/wp\/v2\/product_tag?post=38279"}],"curies":[{"name":"wp","href":"https:\/\/api.w.org\/{rel}","templated":true}]}}