{"id":38282,"date":"2025-11-30T21:16:21","date_gmt":"2025-11-30T19:16:21","guid":{"rendered":"https:\/\/pomello.ee\/toode\/lovely-brows-wax-oil-karvanpoistooljy\/"},"modified":"2025-11-30T21:16:21","modified_gmt":"2025-11-30T19:16:21","slug":"lovely-brows-wax-oil-karvanpoistooljy","status":"publish","type":"product","link":"https:\/\/pomello.ee\/fi\/toode\/lovely-brows-wax-oil-karvanpoistooljy\/","title":{"rendered":"Lovely Brows Wax Oil karvanpoisto\u00f6ljy"},"content":{"rendered":"<p><strong>K\u00e4ytt\u00f6<\/strong><\/p>\n<p>Karvanpoiston j\u00e4lkeen:<\/p>\n<p>Levit\u00e4 \u00f6ljy\u00e4 paperilapulle tai paperille.<\/p>\n<p>Puhdista iho hell\u00e4varaisesti ja poista vahaj\u00e4\u00e4m\u00e4t.<\/p>\n<p>Poista ylim\u00e4\u00e4r\u00e4inen \u00f6ljy kuivalla paperiliinalla.<\/p>\n<p>Ty\u00f6v\u00e4lineiden puhdistus:<\/p>\n<p>Levit\u00e4 \u00f6ljy\u00e4 vahaj\u00e4\u00e4mien peitt\u00e4mille pinnoille.<\/p>\n<p>Pyyhi puhtaalla liinalla.<\/p>\n<p>Varotoimet<\/p>\n<p>Yksil\u00f6llinen yliherkkyys ainesosille on mahdollinen.<\/p>\n<p>Vain ulkoiseen k\u00e4ytt\u00f6\u00f6n.<\/p>\n<p>V\u00e4lt\u00e4 kosketusta silmiin.<\/p>\n<p><strong>S\u00e4ilytys<\/strong><\/p>\n<p>S\u00e4ilyt\u00e4 5\u201325 \u00b0C:n l\u00e4mp\u00f6tilassa.<\/p>\n<p>S\u00e4ilyt\u00e4 lasten ja el\u00e4inten ulottumattomissa.<\/p>\n","protected":false},"excerpt":{"rendered":"<p><strong>Lovely Brows -karvanpoisto\u00f6ljy<\/strong> on monik\u00e4ytt\u00f6inen hoitotuote, jota voi k\u00e4ytt\u00e4\u00e4 sek\u00e4 ennen vahausta ett\u00e4 sen j\u00e4lkeen. \u00d6ljy luo iholle suojaavan kerroksen, joka v\u00e4hent\u00e4\u00e4 \u00e4rsytyst\u00e4, arkuutta ja mikrovaurioita varmistaen samalla tasaisemman ja hell\u00e4varaisemman karvanpoiston.<\/p>\n<p>Toimenpiteen j\u00e4lkeen \u00f6ljy auttaa tehokkaasti poistamaan vahaj\u00e4\u00e4mi\u00e4 ja palauttaa ihon mukavuuden ja pehmeyden. Se sopii my\u00f6s ty\u00f6kalujen puhdistukseen vahauksen j\u00e4lkeen.<\/p>\n<p><strong>Tilavuus: 50 ml<\/strong><\/p>\n","protected":false},"featured_media":38102,"comment_status":"open","ping_status":"closed","template":"","meta":{"_monsterinsights_skip_tracking":false,"_monsterinsights_sitenote_active":false,"_monsterinsights_sitenote_note":"","_monsterinsights_sitenote_category":0},"product_brand":[],"product_cat":[507,480,552],"product_tag":[],"class_list":{"0":"post-38282","1":"product","2":"type-product","3":"status-publish","4":"has-post-thumbnail","6":"product_cat-karvanpoisto","7":"product_cat-esihoito","8":"product_cat-jalkihuolto","9":"pa_brand-lovely-brows-fi","10":"pa_suurus-50-ml-fi","12":"first","13":"instock","14":"taxable","15":"shipping-taxable","16":"purchasable","17":"product-type-simple"},"_links":{"self":[{"href":"https:\/\/pomello.ee\/fi\/wp-json\/wp\/v2\/product\/38282","targetHints":{"allow":["GET"]}}],"collection":[{"href":"https:\/\/pomello.ee\/fi\/wp-json\/wp\/v2\/product"}],"about":[{"href":"https:\/\/pomello.ee\/fi\/wp-json\/wp\/v2\/types\/product"}],"replies":[{"embeddable":true,"href":"https:\/\/pomello.ee\/fi\/wp-json\/wp\/v2\/comments?post=38282"}],"wp:featuredmedia":[{"embeddable":true,"href":"https:\/\/pomello.ee\/fi\/wp-json\/wp\/v2\/media\/38102"}],"wp:attachment":[{"href":"https:\/\/pomello.ee\/fi\/wp-json\/wp\/v2\/media?parent=38282"}],"wp:term":[{"taxonomy":"product_brand","embeddable":true,"href":"https:\/\/pomello.ee\/fi\/wp-json\/wp\/v2\/product_brand?post=38282"},{"taxonomy":"product_cat","embeddable":true,"href":"https:\/\/pomello.ee\/fi\/wp-json\/wp\/v2\/product_cat?post=38282"},{"taxonomy":"product_tag","embeddable":true,"href":"https:\/\/pomello.ee\/fi\/wp-json\/wp\/v2\/product_tag?post=38282"}],"curies":[{"name":"wp","href":"https:\/\/api.w.org\/{rel}","templated":true}]}}