{"id":38287,"date":"2025-12-02T20:20:20","date_gmt":"2025-12-02T18:20:20","guid":{"rendered":"https:\/\/pomello.ee\/toode\/my-lamination-k-pads-silicone-pads\/"},"modified":"2025-12-02T20:20:20","modified_gmt":"2025-12-02T18:20:20","slug":"my-lamination-k-pads-silicone-pads","status":"publish","type":"product","link":"https:\/\/pomello.ee\/fi\/toode\/my-lamination-k-pads-silicone-pads\/","title":{"rendered":"My Lamination K-Pads silicone pads"},"content":{"rendered":"<p><strong>Ominaisuudet ja edut<\/strong><\/p>\n<ul>\n<li>Litte\u00e4 ja vakaa muoto \u2013 varmistaa ripsien nopean, tasaisen levityksen ja tarkan kohdistuksen.<\/li>\n<li>Yleismallinen istuvuus \u2013 mukautuu helposti erilaisiin silm\u00e4nmuotoihin.<\/li>\n<li>Pehme\u00e4, korkealaatuinen silikoni \u2013 varmistaa asiakkaan mukavuuden koko toimenpiteen ajan.<\/li>\n<li>Suojaava kerros \u2013 pit\u00e4\u00e4 kemikaalit poissa silm\u00e4luomista ja v\u00e4hent\u00e4\u00e4 \u00e4rsytysriski\u00e4.<\/li>\n<li>Uudelleenk\u00e4ytett\u00e4v\u00e4 ja desinfioitava \u2013 helppo puhdistaa hygieenist\u00e4 uudelleenk\u00e4ytt\u00f6\u00e4 varten.<\/li>\n<li>Ihanteellinen k\u00e4ytett\u00e4v\u00e4ksi My Lamination Cysteamine Liftin kanssa hallittujen ja tarkkojen tulosten saavuttamiseksi korealaisessa ripsien laminoinnissa.<\/li>\n<\/ul>\n","protected":false},"excerpt":{"rendered":"<p><strong>My Lamination K-Pads<\/strong> -tyynyt ovat uudelleenk\u00e4ytett\u00e4vi\u00e4 silikonityynyj\u00e4, jotka tarjoavat vakautta, mukavuutta ja suojaa ripsien laminointitoimenpiteen aikana. Niiden litte\u00e4 muoto mahdollistaa nopeamman ja tarkemman levityksen Korealaisen ripsien kestoleikkurin ensimm\u00e4isess\u00e4 vaiheessa, varmistaen tuotteen tasaisen levityksen ja ripsien tarkan kiinnityksen.<\/p>\n<p>Pehme\u00e4st\u00e4 ja joustavasta silikonista valmistetut tyynyt mukautuvat helposti mihin tahansa silm\u00e4n muotoon ja luovat luotettavan suojakerroksen silm\u00e4luomen ja laminointituotteiden v\u00e4liin, mik\u00e4 v\u00e4hent\u00e4\u00e4 \u00e4rsytyksen riski\u00e4 ja lis\u00e4\u00e4 toimenpiteen mukavuutta.<\/p>\n<p><strong>Pakkauksen sis\u00e4lt\u00f6: 1 pari (2 silikonityyny\u00e4)<\/strong><\/p>\n<p><strong>Saatavilla olevat v\u00e4rit: sininen tai pinkki<\/strong><\/p>\n<p><strong>Vain ammattik\u00e4ytt\u00f6\u00f6n<\/strong><\/p>\n","protected":false},"featured_media":38147,"comment_status":"open","ping_status":"closed","template":"","meta":{"_monsterinsights_skip_tracking":false,"_monsterinsights_sitenote_active":false,"_monsterinsights_sitenote_note":"","_monsterinsights_sitenote_category":0},"product_brand":[],"product_cat":[475,1249,516,521],"product_tag":[],"class_list":{"0":"post-38287","1":"product","2":"type-product","3":"status-publish","4":"has-post-thumbnail","6":"product_cat-ripset","7":"product_cat-korean-lash-lift-fi","8":"product_cat-lash-lift-fi","9":"product_cat-silikonityynyt","10":"pa_brand-my-lamination-fi","11":"pa_varv-roosa-fi","12":"pa_varv-sinine-fi","14":"first","15":"instock","16":"taxable","17":"shipping-taxable","18":"purchasable","19":"product-type-variable"},"_links":{"self":[{"href":"https:\/\/pomello.ee\/fi\/wp-json\/wp\/v2\/product\/38287","targetHints":{"allow":["GET"]}}],"collection":[{"href":"https:\/\/pomello.ee\/fi\/wp-json\/wp\/v2\/product"}],"about":[{"href":"https:\/\/pomello.ee\/fi\/wp-json\/wp\/v2\/types\/product"}],"replies":[{"embeddable":true,"href":"https:\/\/pomello.ee\/fi\/wp-json\/wp\/v2\/comments?post=38287"}],"wp:featuredmedia":[{"embeddable":true,"href":"https:\/\/pomello.ee\/fi\/wp-json\/wp\/v2\/media\/38147"}],"wp:attachment":[{"href":"https:\/\/pomello.ee\/fi\/wp-json\/wp\/v2\/media?parent=38287"}],"wp:term":[{"taxonomy":"product_brand","embeddable":true,"href":"https:\/\/pomello.ee\/fi\/wp-json\/wp\/v2\/product_brand?post=38287"},{"taxonomy":"product_cat","embeddable":true,"href":"https:\/\/pomello.ee\/fi\/wp-json\/wp\/v2\/product_cat?post=38287"},{"taxonomy":"product_tag","embeddable":true,"href":"https:\/\/pomello.ee\/fi\/wp-json\/wp\/v2\/product_tag?post=38287"}],"curies":[{"name":"wp","href":"https:\/\/api.w.org\/{rel}","templated":true}]}}