{"id":38300,"date":"2025-12-03T14:22:05","date_gmt":"2025-12-03T12:22:05","guid":{"rendered":"https:\/\/pomello.ee\/toode\/molea-lapinakyva-kulmakarvojen-kiinnitysgeeli\/"},"modified":"2025-12-03T14:22:05","modified_gmt":"2025-12-03T12:22:05","slug":"molea-lapinakyva-kulmakarvojen-kiinnitysgeeli","status":"publish","type":"product","link":"https:\/\/pomello.ee\/fi\/toode\/molea-lapinakyva-kulmakarvojen-kiinnitysgeeli\/","title":{"rendered":"Mol\u00e9a l\u00e4pin\u00e4kyv\u00e4 kulmakarvojen kiinnitysgeeli"},"content":{"rendered":"<p><strong>K\u00e4ytt\u00f6<\/strong><\/p>\n<p>K\u00e4ytt\u00f6 on samanlainen kuin ripsiv\u00e4rin kanssa:<\/p>\n<p>Levit\u00e4 geeli\u00e4 siveltimell\u00e4 kulmakarvoille ja levit\u00e4 tuotetta tasaisesti.<\/p>\n<p>Tuubin kaulaan integroitu annostelija varmistaa, ett\u00e4 siveltimeen j\u00e4\u00e4 juuri oikea m\u00e4\u00e4r\u00e4 geeli\u00e4.<\/p>\n<p>Eritt\u00e4in paksujen tai itsep\u00e4isten kulmakarvojen kohdalla levitys voidaan toistaa.<\/p>\n<p>V\u00e4lt\u00e4 geelin joutumista silmiin!<\/p>\n<p>S\u00e4ilytt\u00e4\u00e4ksesi tuotteen, sulje tuubi aina huolellisesti \u2013 muuten geeli voi kuivua ilmassa.<\/p>\n<p><strong>Varotoimet<\/strong><\/p>\n<p>Yksil\u00f6llinen yliherkkyys ainesosille on mahdollinen.<\/p>\n","protected":false},"excerpt":{"rendered":"<p><strong>Mol\u00e9a Fixing Eyebrow Gel &#8211; todellinen katseenvangitsija kulmakarvoille<\/strong><\/p>\n<p>Kuinka pit\u00e4\u00e4 kulmakarvasi t\u00e4ydellisesti paikoillaan koko p\u00e4iv\u00e4n?<br \/>\nMit\u00e4 tehd\u00e4, jos kulmakarvasi eiv\u00e4t pysy halutussa muodossa? Mink\u00e4 tuotteen valita kulmakarvojen viimeistelyyn?<br \/>\nJos olet joskus miettinyt n\u00e4it\u00e4 kysymyksi\u00e4, Mol\u00e9a Invisible Fixing Gel on juuri sinua varten. T\u00e4m\u00e4 kevyt ja t\u00e4ysin l\u00e4pin\u00e4kyv\u00e4 geeli auttaa kiinnitt\u00e4m\u00e4\u00e4n meikin ja kesytt\u00e4m\u00e4\u00e4n jopa kurittomimmat karvat, j\u00e4tt\u00e4en kulmakarvasi luonnollisen hyvin hoidetuiksi.<\/p>\n<p><strong>Geelin ominaisuudet<\/strong><\/p>\n<ul>\n<li>t\u00e4ysin l\u00e4pin\u00e4kyv\u00e4 koostumus<\/li>\n<li>kevyt rakenne, joka pysyy n\u00e4kym\u00e4tt\u00f6m\u00e4n\u00e4 kulmakarvoissasi<\/li>\n<li>vitamiinipitoinen koostumus (A-, B-, C- ja E-vitamiinit)<\/li>\n<li>miellytt\u00e4v\u00e4 tuoksu<\/li>\n<li>k\u00e4tev\u00e4 sivellin tarkkaan ja tasaiseen levitykseen<\/li>\n<\/ul>\n<p><strong>Kaunein lahja itsellesi tai rakkaallesi!<\/strong><\/p>\n","protected":false},"featured_media":38180,"comment_status":"open","ping_status":"closed","template":"","meta":{"_monsterinsights_skip_tracking":false,"_monsterinsights_sitenote_active":false,"_monsterinsights_sitenote_note":"","_monsterinsights_sitenote_category":0},"product_brand":[],"product_cat":[919],"product_tag":[],"class_list":{"0":"post-38300","1":"product","2":"type-product","3":"status-publish","4":"has-post-thumbnail","6":"product_cat-kulmakarvojen-geelit-vahat","7":"pa_brand-molea","8":"pa_suurus-10-ml-fi","10":"first","11":"instock","12":"taxable","13":"shipping-taxable","14":"purchasable","15":"product-type-simple"},"_links":{"self":[{"href":"https:\/\/pomello.ee\/fi\/wp-json\/wp\/v2\/product\/38300","targetHints":{"allow":["GET"]}}],"collection":[{"href":"https:\/\/pomello.ee\/fi\/wp-json\/wp\/v2\/product"}],"about":[{"href":"https:\/\/pomello.ee\/fi\/wp-json\/wp\/v2\/types\/product"}],"replies":[{"embeddable":true,"href":"https:\/\/pomello.ee\/fi\/wp-json\/wp\/v2\/comments?post=38300"}],"wp:featuredmedia":[{"embeddable":true,"href":"https:\/\/pomello.ee\/fi\/wp-json\/wp\/v2\/media\/38180"}],"wp:attachment":[{"href":"https:\/\/pomello.ee\/fi\/wp-json\/wp\/v2\/media?parent=38300"}],"wp:term":[{"taxonomy":"product_brand","embeddable":true,"href":"https:\/\/pomello.ee\/fi\/wp-json\/wp\/v2\/product_brand?post=38300"},{"taxonomy":"product_cat","embeddable":true,"href":"https:\/\/pomello.ee\/fi\/wp-json\/wp\/v2\/product_cat?post=38300"},{"taxonomy":"product_tag","embeddable":true,"href":"https:\/\/pomello.ee\/fi\/wp-json\/wp\/v2\/product_tag?post=38300"}],"curies":[{"name":"wp","href":"https:\/\/api.w.org\/{rel}","templated":true}]}}