{"id":38303,"date":"2025-12-05T20:42:31","date_gmt":"2025-12-05T18:42:31","guid":{"rendered":"https:\/\/pomello.ee\/toode\/my-lamination-cysteamine-lift-15ml\/"},"modified":"2025-12-05T20:42:31","modified_gmt":"2025-12-05T18:42:31","slug":"my-lamination-cysteamine-lift-15ml","status":"publish","type":"product","link":"https:\/\/pomello.ee\/fi\/toode\/my-lamination-cysteamine-lift-15ml\/","title":{"rendered":"My Lamination CYSTEAMINE LIFT 1,5ml"},"content":{"rendered":"<p><strong>K\u00e4ytt\u00f6<\/strong><\/p>\n<p>Levit\u00e4 tuotetta ripsiin ja\/tai kulmakarvoihin 2 mm tyvest\u00e4 mikrosiveltimell\u00e4.<br \/>\nPid\u00e4 kiinni ripsien\/kulmakarvojen luonnollisen paksuuden mukaisesti.<br \/>\nPoista tuote mikrosiveltimell\u00e4 hitaasti yl\u00f6sp\u00e4in suuntautuvin liikkein.<\/p>\n<p>Tarkat menetelm\u00e4t ja ajat l\u00f6ytyv\u00e4t My Lamination\u00ae -k\u00e4ytt\u00f6oppaasta.<\/p>\n<p><strong>Varoitukset<\/strong><\/p>\n<p>Vain ulkoiseen k\u00e4ytt\u00f6\u00f6n.<\/p>\n<p>Vain ammattik\u00e4ytt\u00f6\u00f6n.<\/p>\n<p>\u00c4l\u00e4 ylit\u00e4 enimm\u00e4isvaikutusaikaa.<\/p>\n<p>S\u00e4ilyt\u00e4 lasten ulottumattomissa.<\/p>\n<p>\u00c4l\u00e4 j\u00e4t\u00e4 tuotetta iholle tai ripsille\/kulmakarvoille vaikutusajan j\u00e4lkeen.<\/p>\n<p>V\u00e4lt\u00e4 kosketusta silmien ja limakalvojen kanssa. Jos ainetta joutuu silmiin, huuhtele v\u00e4litt\u00f6m\u00e4sti runsaalla steriilill\u00e4 silm\u00e4huuhteella ja hakeudu tarvittaessa l\u00e4\u00e4k\u00e4rin hoitoon.<\/p>\n<p>\u00c4l\u00e4 k\u00e4yt\u00e4 vaurioituneissa, tulehtuneissa tai allergisissa silmiss\u00e4.<\/p>\n<p>Lopeta k\u00e4ytt\u00f6, jos ilmenee allerginen reaktio.<\/p>\n<p>K\u00e4yt\u00e4 sopivia suojak\u00e4sineit\u00e4.<\/p>\n<p>\u00c4l\u00e4 niele.<\/p>\n<p>S\u00e4ilyt\u00e4 viile\u00e4ss\u00e4 paikassa (noin 20\u201324 \u00b0C), v\u00e4lt\u00e4 suoraa valoa.<\/p>\n<p>Ei saa k\u00e4ytt\u00e4\u00e4 raskaana oleville tai imett\u00e4ville naisille.<\/p>\n<p>H\u00e4vit\u00e4 j\u00e4te ja pakkaus paikallisten m\u00e4\u00e4r\u00e4ysten mukaisesti.<\/p>\n<p>Tuotteen ominaisuudet liittyv\u00e4t sen sis\u00e4lt\u00e4miin ainesosiin. V\u00e4rin ja hajun muutokset voivat johtua luonnollisista kasvikomponenteista.<\/p>\n","protected":false},"excerpt":{"rendered":"<p><strong>My Lamination CYSTEAMINE LIFT \u2013 Vaihe 1 korealaisessa laminoinnissa<\/strong><\/p>\n<p>Kysteamiiniliftin on ammattimainen vaiheen 1 emulsio, jonka avulla voit luoda uuden muodon ripsillesi tai hallitun suunnan kulmakarvoillesi tehokkaasti ja hell\u00e4varaisesti verrattuna perinteisiin tioglykolaattipohjaisiin ohentajiin.<\/p>\n<p>Tuotteen ydin on kysteamiinihydrokloridi \u2013 uuden sukupolven ohentaja, joka rikkoo keratiinin disulfidisidoksia, jolloin voit muotoilla hiuksia uudelleen s\u00e4ilytt\u00e4en samalla hiuskuidun vahvuuden ja rakenteellisen eheyden.<\/p>\n<p><strong>Miksi valita kysteamiiniliftin?<\/strong><\/p>\n<ul>\n<li>Rikkoo disulfidisidoksia muotoillen ripsi\u00e4si tai kulmakarvojasi uudella tavalla.<\/li>\n<li>Hell\u00e4varaisempi kuin perinteiset tioglykolaatit \u2013 alhaisempi ohennuspotentiaali tarkoittaa v\u00e4hemm\u00e4n oksidatiivista stressi\u00e4 ja pienemp\u00e4\u00e4 heikkenemisen tai katkeilun riski\u00e4.<\/li>\n<li>Aminohappopohjainen koostumus \u2013 sopivampi ja paremmin siedetty, koska se muistuttaa luonnollisessa keratiinissa olevia komponentteja.<\/li>\n<li>Lis\u00e4\u00e4 hiusten l\u00e4p\u00e4isevyytt\u00e4.<\/li>\n<li>Toimii hell\u00e4varaisena kosteuttajana ja keratolyyttisen\u00e4 aineena.<\/li>\n<li>Tulos: tehokas ja s\u00e4ilytt\u00e4\u00e4 samalla hiusten elastisuuden ja kosteustasapainon.<\/li>\n<li>Tuote sis\u00e4lt\u00e4\u00e4 my\u00f6s mikrolev\u00e4uutetta, joka:<\/li>\n<li>suojaa hiuksia kemiallisen vaiheen aikana,<\/li>\n<li>parantaa vastustuskyky\u00e4,<\/li>\n<li>auttaa saavuttamaan kiilt\u00e4v\u00e4mm\u00e4n, terveemm\u00e4n ja selke\u00e4mm\u00e4n lopputuloksen.<\/li>\n<li>Kermainen, ammattimainen koostumus varmistaa tarkan ja tasaisen levityksen, erinomaisen tarttuvuuden ja t\u00e4ydellisen hallinnan vaikutusajan aikana.<\/li>\n<\/ul>\n<p><strong>1,5 ml:n pussi<\/strong><\/p>\n<p><strong>Valmistettu Italiassa<\/strong><\/p>\n<p><strong>Vain ammattik\u00e4ytt\u00f6\u00f6n<\/strong><\/p>\n","protected":false},"featured_media":38223,"comment_status":"open","ping_status":"closed","template":"","meta":{"_monsterinsights_skip_tracking":false,"_monsterinsights_sitenote_active":false,"_monsterinsights_sitenote_note":"","_monsterinsights_sitenote_category":0},"product_brand":[],"product_cat":[476,517,899,1249,477,516,475],"product_tag":[],"class_list":{"0":"post-38303","1":"product","2":"type-product","3":"status-publish","4":"has-post-thumbnail","6":"product_cat-kulmakarvat","7":"product_cat-emulsiot","8":"product_cat-emulsiot-fi","9":"product_cat-korean-lash-lift-fi","10":"product_cat-kulmien-laminointi","11":"product_cat-lash-lift-fi","12":"product_cat-ripset","13":"pa_brand-my-lamination-fi","15":"first","16":"instock","17":"taxable","18":"shipping-taxable","19":"purchasable","20":"product-type-simple"},"_links":{"self":[{"href":"https:\/\/pomello.ee\/fi\/wp-json\/wp\/v2\/product\/38303","targetHints":{"allow":["GET"]}}],"collection":[{"href":"https:\/\/pomello.ee\/fi\/wp-json\/wp\/v2\/product"}],"about":[{"href":"https:\/\/pomello.ee\/fi\/wp-json\/wp\/v2\/types\/product"}],"replies":[{"embeddable":true,"href":"https:\/\/pomello.ee\/fi\/wp-json\/wp\/v2\/comments?post=38303"}],"wp:featuredmedia":[{"embeddable":true,"href":"https:\/\/pomello.ee\/fi\/wp-json\/wp\/v2\/media\/38223"}],"wp:attachment":[{"href":"https:\/\/pomello.ee\/fi\/wp-json\/wp\/v2\/media?parent=38303"}],"wp:term":[{"taxonomy":"product_brand","embeddable":true,"href":"https:\/\/pomello.ee\/fi\/wp-json\/wp\/v2\/product_brand?post=38303"},{"taxonomy":"product_cat","embeddable":true,"href":"https:\/\/pomello.ee\/fi\/wp-json\/wp\/v2\/product_cat?post=38303"},{"taxonomy":"product_tag","embeddable":true,"href":"https:\/\/pomello.ee\/fi\/wp-json\/wp\/v2\/product_tag?post=38303"}],"curies":[{"name":"wp","href":"https:\/\/api.w.org\/{rel}","templated":true}]}}