{"id":38516,"date":"2025-12-07T16:21:04","date_gmt":"2025-12-07T14:21:04","guid":{"rendered":"https:\/\/pomello.ee\/?post_type=product&#038;p=38516"},"modified":"2025-12-13T09:10:34","modified_gmt":"2025-12-13T07:10:34","slug":"kosmeetiku-tookaru-hs09-valge","status":"publish","type":"product","link":"https:\/\/pomello.ee\/fi\/toode\/kosmeetiku-tookaru-hs09-valge\/","title":{"rendered":"Kosmeetiku t\u00f6\u00f6k\u00e4ru HS09 Valge"},"content":{"rendered":"","protected":false},"excerpt":{"rendered":"<p data-start=\"176\" data-end=\"390\"><strong>Kosmeetiku t\u00f6\u00f6k\u00e4ru HS09<\/strong> on kerge ja praktiline, mis on loodud igap\u00e4evaseks kasutamiseks ilusalongides ja spaades. Laud on esteetiliselt kujundatud ning t\u00e4nu ratastele lihtsalt liigutatav, muutes t\u00f6\u00f6protsessi sujuvamaks ja mugavamaks.<\/p>\n<p data-start=\"392\" data-end=\"589\">Tugev metallraam tagab vastupidavuse ja stabiilsuse, samas kui avatud riiulid pakuvad kiiret ligip\u00e4\u00e4su k\u00f5ige vajalikule. Sobib suurep\u00e4raselt t\u00f6\u00f6vahendite, kosmeetikatoodete ja tarvikute hoidmiseks.<\/p>\n<p data-start=\"591\" data-end=\"765\"><strong data-start=\"591\" data-end=\"603\">Eelised:<\/strong><br data-start=\"603\" data-end=\"606\" \/>\u2013 kerge ja mobiilne konstruktsioon<br data-start=\"640\" data-end=\"643\" \/>\u2013 tugev metallraam<br data-start=\"661\" data-end=\"664\" \/>\u2013 ideaalne ilusalongi ja spaaprotseduuride juurde<br data-start=\"713\" data-end=\"716\" \/>\u2013 aitab hoida t\u00f6\u00f6pinna korras ja organiseeritud<\/p>\n<p data-start=\"767\" data-end=\"829\">Lihtne, stiilne ja asendamatu abivahend iga meistri t\u00f6\u00f6ruumis.<\/p>\n","protected":false},"featured_media":38521,"comment_status":"open","ping_status":"closed","template":"","meta":{"_monsterinsights_skip_tracking":false,"_monsterinsights_sitenote_active":false,"_monsterinsights_sitenote_note":"","_monsterinsights_sitenote_category":0},"product_brand":[],"product_cat":[1570],"product_tag":[],"class_list":{"0":"post-38516","1":"product","2":"type-product","3":"status-publish","4":"has-post-thumbnail","6":"product_cat-salongisisustus-ja-moobel","7":"pa_brand-active","8":"pa_varv-valge","10":"first","11":"instock","12":"taxable","13":"shipping-taxable","14":"purchasable","15":"product-type-simple"},"_links":{"self":[{"href":"https:\/\/pomello.ee\/fi\/wp-json\/wp\/v2\/product\/38516","targetHints":{"allow":["GET"]}}],"collection":[{"href":"https:\/\/pomello.ee\/fi\/wp-json\/wp\/v2\/product"}],"about":[{"href":"https:\/\/pomello.ee\/fi\/wp-json\/wp\/v2\/types\/product"}],"replies":[{"embeddable":true,"href":"https:\/\/pomello.ee\/fi\/wp-json\/wp\/v2\/comments?post=38516"}],"wp:featuredmedia":[{"embeddable":true,"href":"https:\/\/pomello.ee\/fi\/wp-json\/wp\/v2\/media\/38521"}],"wp:attachment":[{"href":"https:\/\/pomello.ee\/fi\/wp-json\/wp\/v2\/media?parent=38516"}],"wp:term":[{"taxonomy":"product_brand","embeddable":true,"href":"https:\/\/pomello.ee\/fi\/wp-json\/wp\/v2\/product_brand?post=38516"},{"taxonomy":"product_cat","embeddable":true,"href":"https:\/\/pomello.ee\/fi\/wp-json\/wp\/v2\/product_cat?post=38516"},{"taxonomy":"product_tag","embeddable":true,"href":"https:\/\/pomello.ee\/fi\/wp-json\/wp\/v2\/product_tag?post=38516"}],"curies":[{"name":"wp","href":"https:\/\/api.w.org\/{rel}","templated":true}]}}