{"id":38573,"date":"2025-12-09T08:12:09","date_gmt":"2025-12-09T06:12:09","guid":{"rendered":"https:\/\/pomello.ee\/toode\/ekko-beauty-hygroplex-repair-5-x-25-ml\/"},"modified":"2025-12-09T08:12:09","modified_gmt":"2025-12-09T06:12:09","slug":"ekko-beauty-hygroplex-repair-5-x-25-ml","status":"publish","type":"product","link":"https:\/\/pomello.ee\/fi\/toode\/ekko-beauty-hygroplex-repair-5-x-25-ml\/","title":{"rendered":"Ekko Beauty Hygroplex Repair 5 x 2,5 ml"},"content":{"rendered":"","protected":false},"excerpt":{"rendered":"<p data-start=\"1007\" data-end=\"1230\"><strong data-start=\"1007\" data-end=\"1038\">EkkoBeauty Hygroplex Repair<\/strong> on suunniteltu erityisesti koville ja itsep\u00e4isille karvoille laminoinnin aikana. Sen ravitseva koostumus kosteuttaa syv\u00e4lt\u00e4, suojaa kuivumiselta ja vaurioilta sek\u00e4 parantaa karvan rakennetta.<\/p>\n<p data-start=\"1232\" data-end=\"1259\"><strong data-start=\"1232\" data-end=\"1257\">T\u00e4rkeimm\u00e4t ainesosat:<\/strong><\/p>\n<ul data-start=\"1260\" data-end=\"1576\">\n<li data-start=\"1260\" data-end=\"1336\">\n<p data-start=\"1262\" data-end=\"1336\"><strong data-start=\"1262\" data-end=\"1276\">Kollageeni<\/strong> \u2013 kosteuttaa ja vahvistaa karvaa sek\u00e4 lis\u00e4\u00e4 elastisuutta.<\/p>\n<\/li>\n<li data-start=\"1337\" data-end=\"1476\">\n<p data-start=\"1339\" data-end=\"1476\"><strong data-start=\"1339\" data-end=\"1379\">Hygroplex HHG\u2122 -patentoitu kompleksi<\/strong> \u2013 parantaa karvan kyky\u00e4 sitoa ja s\u00e4ilytt\u00e4\u00e4 kosteutta, tehden siit\u00e4 pehme\u00e4mm\u00e4n ja joustavamman.<\/p>\n<\/li>\n<li data-start=\"1477\" data-end=\"1576\">\n<p data-start=\"1479\" data-end=\"1576\"><strong data-start=\"1479\" data-end=\"1501\">Urea ja aminohapot<\/strong> \u2013 imeytyv\u00e4t nopeasti ja palauttavat kosteustasapainon syv\u00e4korjaten karvaa.<\/p>\n<\/li>\n<\/ul>\n<p data-start=\"1578\" data-end=\"1778\"><strong data-start=\"1578\" data-end=\"1589\">K\u00e4ytt\u00f6:<\/strong><br data-start=\"1589\" data-end=\"1592\" \/>K\u00e4yt\u00e4 <strong data-start=\"1598\" data-end=\"1612\">vaiheena 3<\/strong> laminointiprosessissa. Vaikutusaika 3\u20135 minuuttia. Huuhtele tuote pois vedell\u00e4.<br data-start=\"1692\" data-end=\"1695\" \/>Sopii sek\u00e4 salonkik\u00e4ytt\u00f6\u00f6n ett\u00e4 kotihoitoon ripsien ja kulmien laminoinnin j\u00e4lkeen.<\/p>\n<p data-start=\"1780\" data-end=\"1802\"><strong data-start=\"1780\" data-end=\"1793\">Tilavuus:<\/strong> 5 x 2.5 ml<\/p>\n","protected":false},"featured_media":38554,"comment_status":"open","ping_status":"closed","template":"","meta":{"_monsterinsights_skip_tracking":false,"_monsterinsights_sitenote_active":false,"_monsterinsights_sitenote_note":"","_monsterinsights_sitenote_category":0},"product_brand":[],"product_cat":[476,518,915,917,923,477,516,475,514],"product_tag":[],"class_list":{"0":"post-38573","1":"product","2":"type-product","3":"status-publish","4":"has-post-thumbnail","6":"product_cat-kulmakarvat","7":"product_cat-jalkihoito","8":"product_cat-esi-ja-jalkihoito","9":"product_cat-jalkihoito-fi","10":"product_cat-jalkihoito-ja-kosteuttaminen","11":"product_cat-kulmien-laminointi","12":"product_cat-lash-lift-fi","13":"product_cat-ripset","14":"product_cat-ripsi-ja-kulmakarvojen-seerumit","15":"pa_brand-ekko-beauty-fi","16":"pa_suurus-25-ml","18":"first","19":"outofstock","20":"taxable","21":"shipping-taxable","22":"purchasable","23":"product-type-simple"},"_links":{"self":[{"href":"https:\/\/pomello.ee\/fi\/wp-json\/wp\/v2\/product\/38573","targetHints":{"allow":["GET"]}}],"collection":[{"href":"https:\/\/pomello.ee\/fi\/wp-json\/wp\/v2\/product"}],"about":[{"href":"https:\/\/pomello.ee\/fi\/wp-json\/wp\/v2\/types\/product"}],"replies":[{"embeddable":true,"href":"https:\/\/pomello.ee\/fi\/wp-json\/wp\/v2\/comments?post=38573"}],"wp:featuredmedia":[{"embeddable":true,"href":"https:\/\/pomello.ee\/fi\/wp-json\/wp\/v2\/media\/38554"}],"wp:attachment":[{"href":"https:\/\/pomello.ee\/fi\/wp-json\/wp\/v2\/media?parent=38573"}],"wp:term":[{"taxonomy":"product_brand","embeddable":true,"href":"https:\/\/pomello.ee\/fi\/wp-json\/wp\/v2\/product_brand?post=38573"},{"taxonomy":"product_cat","embeddable":true,"href":"https:\/\/pomello.ee\/fi\/wp-json\/wp\/v2\/product_cat?post=38573"},{"taxonomy":"product_tag","embeddable":true,"href":"https:\/\/pomello.ee\/fi\/wp-json\/wp\/v2\/product_tag?post=38573"}],"curies":[{"name":"wp","href":"https:\/\/api.w.org\/{rel}","templated":true}]}}