{"id":38636,"date":"2025-12-11T09:51:23","date_gmt":"2025-12-11T07:51:23","guid":{"rendered":"https:\/\/pomello.ee\/?post_type=product&#038;p=38636"},"modified":"2026-02-19T12:45:29","modified_gmt":"2026-02-19T10:45:29","slug":"pedikuuritool-azzurro-lux-elektriline-3-mootorit-valge","status":"publish","type":"product","link":"https:\/\/pomello.ee\/fi\/toode\/pedikuuritool-azzurro-lux-elektriline-3-mootorit-valge\/","title":{"rendered":"Pedik\u00fc\u00fcritool Azzurro Lux Elektriline 3 mootorit Valge"},"content":{"rendered":"<h3 data-start=\"64\" data-end=\"99\"><strong data-start=\"64\" data-end=\"99\">Mugavus ja funktsionaalsus \u00fches<\/strong><\/h3>\n<p data-start=\"101\" data-end=\"321\">Azzurro Lux elektriline kosmeetikatool on kaasaegne lahendus, mis on loodud n\u00f5udlike spetsialistide vajadusi silmas pidades. Kolme juhtmega juhitava aktuatori kasutamine tagab tooli osade t\u00e4pse ja sujuva reguleerimise.<\/p>\n<p data-start=\"323\" data-end=\"609\">Tool paistab silma suure stabiilsuse ja mitmek\u00fclgsusega, mist\u00f5ttu sobib see ideaalselt kasutamiseks kosmeetika-, jalaravi- ja esteetilise meditsiini kliinikutes. Intuitiivne juhtimine ja lai reguleerimisvahemik v\u00f5imaldavad tooli mugavalt kohandada nii kliendi kui ka spetsialisti jaoks.<\/p>\n<p><img decoding=\"async\" src=\"https:\/\/activeshop.com.pl\/media\/wysiwyg\/product\/154879\/EN_154879_02.jpg\" alt=\"\"><\/p>\n<h3 data-start=\"68\" data-end=\"100\"><strong data-start=\"68\" data-end=\"100\">Lihtne reguleerimine puldiga<\/strong><\/h3>\n<p data-start=\"102\" data-end=\"416\">Juhtmega pult v\u00f5imaldab tooli t\u00e4pselt seadistada kolmes suunas: k\u00f5rguse reguleerimine, seljatoe kaldenurga muutmine ja kiiktoolire\u017eiimi seadistamine. Lai reguleerimisv\u00f5imaluste valik v\u00f5imaldab tooli kohandada vastavalt protseduuri t\u00fc\u00fcbile \u2013 tagades nii kliendi mugavuse kui ka spetsialisti ergonoomilise t\u00f6\u00f6asendi.<\/p>\n<p data-start=\"418\" data-end=\"531\">Kasutusmugavuse suurendamiseks saab pulti mugavalt riputada hoidikutele, mis on paigaldatud m\u00f5lemale poole istet.<\/p>\n<p><img decoding=\"async\" src=\"https:\/\/activeshop.com.pl\/media\/wysiwyg\/product\/154879\/EN_154879_03.jpg\" alt=\"\"><\/p>\n<h3 data-start=\"67\" data-end=\"116\"><strong data-start=\"67\" data-end=\"116\">Jalaravit\u00f6\u00f6tajatele ideaalselt sobiv jalatugi<\/strong><\/h3>\n<p data-start=\"118\" data-end=\"422\">Tool on loodud suure hoolega just jalaravispetsialiste silmas pidades. Kaheosaline jalatugi v\u00f5imaldab m\u00f5lemat jalga eraldi reguleerida, mis muudab t\u00f6\u00f6 t\u00e4psemaks ja mugavamaks. Iga poole kaldenurka saab k\u00e4sitsi muuta, v\u00f5imaldades asendit kiiresti kohandada nii kliendi kui ka spetsialisti vajaduste j\u00e4rgi.<\/p>\n<h3 data-start=\"429\" data-end=\"475\"><strong data-start=\"429\" data-end=\"475\">Funktsioonid, mis lihtsustavad protseduure<\/strong><\/h3>\n<p data-start=\"477\" data-end=\"733\">Istme k\u00f5rgust saab reguleerida vahemikus 60\u201390 cm, mis aitab kergesti leida sobiva t\u00f6\u00f6asendi nii kliendile kui ka tehnikule. T\u00e4ielikult v\u00e4lja sirutatuna ulatub tooli pikkus 2 meetrini, pakkudes mugavat kehaasendit ka protseduuride ajal, kus on vaja lamada.<\/p>\n<p data-start=\"735\" data-end=\"902\">T\u00e4nu nendele omadustele sobib tool suurep\u00e4raselt nii kosmeetilisteks kui ka spetsialiseeritud protseduurideks, tagades ergonoomilise t\u00f6\u00f6 ja k\u00f5rgetasemelise teeninduse.<\/p>\n<p><img decoding=\"async\" src=\"https:\/\/activeshop.com.pl\/media\/wysiwyg\/product\/154879\/EN_154879_04.jpg\" alt=\"\"><\/p>\n<h3 data-start=\"64\" data-end=\"101\"><strong data-start=\"64\" data-end=\"101\">Mugav iste ja praktilised k\u00e4etoed<\/strong><\/h3>\n<p data-start=\"103\" data-end=\"304\">Lai iste tagab mugavuse ka pikemaajaliste protseduuride ajal. Kergesti eemaldatavad ja 180\u00b0 p\u00f6\u00f6ratavad k\u00e4etoed muudavad kliendi tooli sisenemise lihtsaks ning annavad spetsialistile parema ligip\u00e4\u00e4su.<\/p>\n<p data-start=\"306\" data-end=\"417\">Toolil on ka reguleeritav peatugi, mis tagab stabiilse pea toe ja lisamugavuse \u2014 eriti k\u00f5rgematele klientidele.<\/p>\n<p><img decoding=\"async\" src=\"https:\/\/activeshop.com.pl\/media\/wysiwyg\/product\/154879\/EN_154879_05.jpg\" alt=\"\"><\/p>\n<h3 data-start=\"64\" data-end=\"99\"><strong data-start=\"64\" data-end=\"99\">Mugavus n\u00e4o- ja kehahooldusteks<\/strong><\/h3>\n<p data-start=\"101\" data-end=\"330\">See tool sobib suurep\u00e4raselt nii kosmeetika- ja nahahooldusprotseduurideks kui ka f\u00fcsioteraapia ja t\u00e4toveerimissalongide jaoks. V\u00f5imalus reguleerida tool t\u00e4ielikult lamavasse asendisse laiendab oluliselt selle kasutusv\u00f5imalusi.<\/p>\n<p data-start=\"332\" data-end=\"582\">T\u00e4iendav eelis on peatugis olev avaus, mis on diskreetselt kaanega kaetud ja tagab lamavas asendis parema mugavuse \u2014 eriti seljahoolduste ajal. L\u00e4bim\u00f5eldud disain pakub nii kliendile kui ka spetsialistile maksimaalset kasutusmugavust ja ergonoomikat.<\/p>\n<p><img decoding=\"async\" src=\"https:\/\/activeshop.com.pl\/media\/wysiwyg\/product\/154879\/EN_154879_06.jpg\" alt=\"\"><\/p>\n<h3 data-start=\"64\" data-end=\"89\"><strong data-start=\"64\" data-end=\"89\">Stiil ja vastupidavus<\/strong><\/h3>\n<p data-start=\"91\" data-end=\"429\">Tooli tugev konstruktsioon tagab stabiilsuse ja vastupidavuse igap\u00e4evases kasutuses. \u00d5ige tihedusega vahuga t\u00e4idetud iste pakub mugavust ka pikkade protseduuride ajal. Kvaliteetsest ja meeldivalt pehmest kunstnahast valgetes toonides polster annab toolile professionaalse v\u00e4limuse ning on samal ajal niiskuskindel ja lihtsasti puhastatav.<\/p>\n<p data-start=\"431\" data-end=\"570\">Tugev alus tagab kindla stabiilsuse, samal ajal kui t\u00e4psed viimistlused r\u00f5hutavad tooli modernset disaini ja parandavad istme ergonoomikat.<\/p>\n<p><iframe loading=\"lazy\" title=\"Azzurro Lux 3m pedi electric cosmetic chair\" width=\"500\" height=\"281\" src=\"https:\/\/www.youtube.com\/embed\/8fL8q5rIM0Y?feature=oembed&#038;enablejsapi=1&#038;origin=https:\/\/pomello.ee\" frameborder=\"0\" allow=\"accelerometer; autoplay; clipboard-write; encrypted-media; gyroscope; picture-in-picture; web-share\" referrerpolicy=\"strict-origin-when-cross-origin\" allowfullscreen><\/iframe><\/p>\n<p>&nbsp;<\/p>\n","protected":false},"excerpt":{"rendered":"<p data-start=\"114\" data-end=\"534\"><strong>Pedik\u00fc\u00fcritool Azzurro Lux<\/strong> on loodud professionaalidele, kes hindavad t\u00e4psust, mugavust ja kaasaegset disaini. Kolme v\u00f5imsa mootoriga s\u00fcsteem v\u00f5imaldab tooli sujuvalt ja h\u00e4\u00e4letult seadistada \u2013 k\u00f5rgus, seljatugi ja kiikre\u017eiim liiguvad hetkega just sinna, kus neid vajad. Lai, luksuslikult mugav iste ja 180\u00b0 p\u00f6\u00f6ratavad k\u00e4etoed tagavad kliendile maksimaalse l\u00f5\u00f5gastuse ning spetsialistile ideaalse ligip\u00e4\u00e4su.<\/p>\n<p data-start=\"536\" data-end=\"846\">Kaheosaline jalatugi teeb sellest toolist t\u00e4iusliku lahenduse jalaravi jaoks, v\u00f5imaldades m\u00f5lemat jalga reguleerida eraldi ja t\u00e4pselt. Tooli saab asetada t\u00e4ielikult lamavasse asendisse, mis muudab selle sobivaks nii n\u00e4o- ja kehahooldusteks, massaa\u017eideks, f\u00fcsioteraapia seanssideks kui ka t\u00e4toveerimist\u00f6\u00f6deks.<\/p>\n<p data-start=\"848\" data-end=\"1150\">Elegantne valge kunstnahk on vastupidav, niiskuskindel ja kergesti puhastatav, samas kui tugev raam tagab stabiilsuse ka k\u00f5ige n\u00f5udlikuma t\u00f6\u00f6tempo juures. Azzurro Lux \u00fchendab endas funktsionaalsuse, esteetika ja \u00fclimugavuse \u2013 see on investeering, mis t\u00f5stab sinu salongi kvaliteedi j\u00e4rgmisele tasemele.<\/p>\n<p data-start=\"38\" data-end=\"140\"><strong data-start=\"38\" data-end=\"80\">Tooli t\u00e4psed m\u00f5\u00f5dud on esitatud fotol.<\/strong><br data-start=\"80\" data-end=\"83\" \/><strong data-start=\"83\" data-end=\"105\">Komplekt sisaldab:<\/strong> tool, pult, toiteadapter, peatugi.<\/p>\n<div class=\"page\" title=\"Page 5\">\n<div class=\"layoutArea\">\n<div class=\"column\">\n<p>Mo\u0303o\u0303tmed: 2000 x 810 x 610-910 mm<br \/>\nMaksimaalne koormus: 140 kg (t\u00f5stev\u00f5ime)<br \/>\nReguleeritav ko\u0303rgusvahemik: 610-910 mm<br \/>\nSisendpinge: AC 100-130 V \/ 220-240 V, 50\/60 Hz Va\u0308ljundpinge: DC 24 V<\/p>\n<\/div>\n<\/div>\n<\/div>\n","protected":false},"featured_media":38641,"comment_status":"open","ping_status":"closed","template":"","meta":{"_monsterinsights_skip_tracking":false,"_monsterinsights_sitenote_active":false,"_monsterinsights_sitenote_note":"","_monsterinsights_sitenote_category":0},"product_brand":[],"product_cat":[1570],"product_tag":[1579],"class_list":{"0":"post-38636","1":"product","2":"type-product","3":"status-publish","4":"has-post-thumbnail","6":"product_cat-salongisisustus-ja-moobel","7":"product_tag-installation","8":"pa_brand-azzurro","10":"first","11":"instock","12":"taxable","13":"shipping-taxable","14":"purchasable","15":"product-type-simple"},"_links":{"self":[{"href":"https:\/\/pomello.ee\/fi\/wp-json\/wp\/v2\/product\/38636","targetHints":{"allow":["GET"]}}],"collection":[{"href":"https:\/\/pomello.ee\/fi\/wp-json\/wp\/v2\/product"}],"about":[{"href":"https:\/\/pomello.ee\/fi\/wp-json\/wp\/v2\/types\/product"}],"replies":[{"embeddable":true,"href":"https:\/\/pomello.ee\/fi\/wp-json\/wp\/v2\/comments?post=38636"}],"wp:featuredmedia":[{"embeddable":true,"href":"https:\/\/pomello.ee\/fi\/wp-json\/wp\/v2\/media\/38641"}],"wp:attachment":[{"href":"https:\/\/pomello.ee\/fi\/wp-json\/wp\/v2\/media?parent=38636"}],"wp:term":[{"taxonomy":"product_brand","embeddable":true,"href":"https:\/\/pomello.ee\/fi\/wp-json\/wp\/v2\/product_brand?post=38636"},{"taxonomy":"product_cat","embeddable":true,"href":"https:\/\/pomello.ee\/fi\/wp-json\/wp\/v2\/product_cat?post=38636"},{"taxonomy":"product_tag","embeddable":true,"href":"https:\/\/pomello.ee\/fi\/wp-json\/wp\/v2\/product_tag?post=38636"}],"curies":[{"name":"wp","href":"https:\/\/api.w.org\/{rel}","templated":true}]}}