{"id":39265,"date":"2026-01-12T08:22:32","date_gmt":"2026-01-12T06:22:32","guid":{"rendered":"https:\/\/pomello.ee\/toode\/noemi-intense-step-1-5\/"},"modified":"2026-02-22T17:14:28","modified_gmt":"2026-02-22T15:14:28","slug":"noemi-intense-step-1-5","status":"publish","type":"product","link":"https:\/\/pomello.ee\/fi\/toode\/noemi-intense-step-1-5\/","title":{"rendered":"NOEMI Intense Step 1.5"},"content":{"rendered":"<h2 data-start=\"121\" data-end=\"161\">Kuinka k\u00e4ytt\u00e4\u00e4 Noemi Intense Step 1.5<\/h2>\n<p data-start=\"163\" data-end=\"418\">Noemi Intense Step 1.5 on tarkoitettu ohuille ripsille ja kulmakarvoille, s\u00e4\u00e4nn\u00f6llisesti ripsien kestotaivutusta ja kulmien laminointia k\u00e4ytt\u00e4ville asiakkaille sek\u00e4 vaurioituneille karvoille. Tuote tukee karvan syv\u00e4hoitoa ja uudistumista jo hoidon aikana.<\/p>\n<p data-start=\"420\" data-end=\"579\">K\u00e4ytt\u00f6 tapahtuu <strong data-start=\"436\" data-end=\"456\">Step 1 (perming)<\/strong> -vaiheen j\u00e4lkeen, kun karvan suomukerros on avoin ja vaikuttavat aineet p\u00e4\u00e4sev\u00e4t tunkeutumaan syv\u00e4lle karvan rakenteeseen.<\/p>\n<h3 data-start=\"581\" data-end=\"596\">K\u00e4ytt\u00f6tavat<\/h3>\n<h3 data-start=\"598\" data-end=\"655\">1\ufe0f\u20e3 Tehohoito (ohuet tai vaurioituneet ripset\/kulmat)<\/h3>\n<ul data-start=\"656\" data-end=\"864\">\n<li data-start=\"656\" data-end=\"766\">\n<p data-start=\"658\" data-end=\"766\">Levit\u00e4 Step 1 -vaiheen j\u00e4lkeen <strong data-start=\"689\" data-end=\"705\">paksu kerros<\/strong> Noemi Intense Step 1.5 Lotionia ripsiin tai kulmakarvoihin<\/p>\n<\/li>\n<li data-start=\"767\" data-end=\"801\">\n<p data-start=\"769\" data-end=\"801\">Anna vaikuttaa <strong data-start=\"784\" data-end=\"799\">5 minuuttia<\/strong><\/p>\n<\/li>\n<li data-start=\"802\" data-end=\"864\">\n<p data-start=\"804\" data-end=\"864\">Jatka t\u00e4m\u00e4n j\u00e4lkeen <strong data-start=\"824\" data-end=\"850\">Step 2 (kiinnitysaine)<\/strong> -vaiheeseen<\/p>\n<\/li>\n<\/ul>\n<h3 data-start=\"866\" data-end=\"919\">2\ufe0f\u20e3 Kevyt hoito (terveet ja vahvat ripset\/kulmat)<\/h3>\n<ul data-start=\"920\" data-end=\"1118\">\n<li data-start=\"920\" data-end=\"1002\">\n<p data-start=\"922\" data-end=\"1002\">Levit\u00e4 Step 1 -vaiheen j\u00e4lkeen <strong data-start=\"953\" data-end=\"968\">ohut kerros<\/strong> Noemi Intense Step 1.5 Lotionia<\/p>\n<\/li>\n<li data-start=\"1003\" data-end=\"1037\">\n<p data-start=\"1005\" data-end=\"1037\">Anna vaikuttaa <strong data-start=\"1020\" data-end=\"1035\">2 minuuttia<\/strong><\/p>\n<\/li>\n<li data-start=\"1038\" data-end=\"1118\">\n<p data-start=\"1040\" data-end=\"1118\"><strong data-start=\"1040\" data-end=\"1063\">Ei tarvitse poistaa<\/strong> \u2013 voit levitt\u00e4\u00e4 Step 2 -kiinnityslotion v\u00e4litt\u00f6m\u00e4sti<\/p>\n<\/li>\n<\/ul>\n<h3 data-start=\"1120\" data-end=\"1134\">Lis\u00e4tiedot<\/h3>\n<ul data-start=\"1135\" data-end=\"1227\">\n<li data-start=\"1135\" data-end=\"1161\">\n<p data-start=\"1137\" data-end=\"1161\">Pakkauskoko: <strong data-start=\"1150\" data-end=\"1159\">30 ml<\/strong><\/p>\n<\/li>\n<li data-start=\"1162\" data-end=\"1200\">\n<p data-start=\"1164\" data-end=\"1200\">Riitt\u00e4\u00e4 jopa <strong data-start=\"1177\" data-end=\"1198\">100 k\u00e4ytt\u00f6kertaan<\/strong><\/p>\n<\/li>\n<li data-start=\"1201\" data-end=\"1227\">\n<p data-start=\"1203\" data-end=\"1227\"><strong data-start=\"1203\" data-end=\"1227\">Vain ammattik\u00e4ytt\u00f6\u00f6n<\/strong><\/p>\n<\/li>\n<\/ul>\n<p data-start=\"1229\" data-end=\"1405\">Noemi Intense Step 1.5 vaikuttaa karvan sis\u00e4ll\u00e4, auttaen v\u00e4hent\u00e4m\u00e4\u00e4n kemiallisen k\u00e4sittelyn vaikutuksia sek\u00e4 tukien ripsien ja kulmakarvojen vahvuutta, joustavuutta ja kiiltoa.<\/p>\n","protected":false},"excerpt":{"rendered":"<h2 data-start=\"124\" data-end=\"217\">Noemi Intense Step 1.5 \u2013 Syv\u00e4hoito ripsien ja kulmien suojaamiseen kestotaivutuksen aikana<\/h2>\n<p data-start=\"219\" data-end=\"437\">Noemi Intense Step 1.5 on innovatiivinen v\u00e4lihoitovaihe ripsien kestotaivutuksen ja kulmien laminoinnin prosessissa. Se on kehitetty erityisesti ohuille, vaurioituneille tai usein kemiallisesti k\u00e4sitellyille karvoille.<\/p>\n<p data-start=\"439\" data-end=\"714\">Tuotetta k\u00e4ytet\u00e4\u00e4n <strong data-start=\"458\" data-end=\"478\">Step 1 (perming)<\/strong> -vaiheen j\u00e4lkeen, kun karvan suomukerros on avoin. T\u00e4ss\u00e4 vaiheessa Intense Step 1.5 kuljettaa kosteuttavat ja uudistavat aktiiviaineet syv\u00e4lle karvan rakenteeseen, auttaen <strong data-start=\"651\" data-end=\"713\">minimoimaan kemiallisen k\u00e4sittelyn haitalliset vaikutukset<\/strong>.<\/p>\n<p data-start=\"716\" data-end=\"809\">\u2728 Lopputuloksena ovat <strong data-start=\"738\" data-end=\"808\">vahvemmat, joustavammat ja kauniin kiilt\u00e4v\u00e4t ripset ja kulmakarvat<\/strong>.<\/p>\n<h3 data-start=\"811\" data-end=\"839\">T\u00e4rkeimm\u00e4t aktiiviaineet<\/h3>\n<ul data-start=\"840\" data-end=\"952\">\n<li data-start=\"840\" data-end=\"853\">\n<p data-start=\"842\" data-end=\"853\">Argan\u00f6ljy<\/p>\n<\/li>\n<li data-start=\"854\" data-end=\"867\">\n<p data-start=\"856\" data-end=\"867\">Pantenoli<\/p>\n<\/li>\n<li data-start=\"868\" data-end=\"883\">\n<p data-start=\"870\" data-end=\"883\">Risiini\u00f6ljy<\/p>\n<\/li>\n<li data-start=\"884\" data-end=\"902\">\n<p data-start=\"886\" data-end=\"902\">Hyaluronihappo<\/p>\n<\/li>\n<li data-start=\"903\" data-end=\"952\">\n<p data-start=\"905\" data-end=\"952\">Peptidit, vitamiinit, mehil\u00e4isvaha ja sheavoi<\/p>\n<\/li>\n<\/ul>\n<h3 data-start=\"954\" data-end=\"994\">Miksi valita Noemi Intense Step 1.5?<\/h3>\n<ul data-start=\"995\" data-end=\"1262\">\n<li data-start=\"995\" data-end=\"1063\">\n<p data-start=\"997\" data-end=\"1063\">Suojaa ripsi\u00e4 ja kulmakarvoja kemiallisen Step 1 -vaiheen aikana<\/p>\n<\/li>\n<li data-start=\"1064\" data-end=\"1098\">\n<p data-start=\"1066\" data-end=\"1098\">Uudistaa ja kosteuttaa syv\u00e4lt\u00e4<\/p>\n<\/li>\n<li data-start=\"1099\" data-end=\"1161\">\n<p data-start=\"1101\" data-end=\"1161\">Auttaa ehk\u00e4isem\u00e4\u00e4n katkeilua ja joustavuuden heikkenemist\u00e4<\/p>\n<\/li>\n<li data-start=\"1162\" data-end=\"1212\">\n<p data-start=\"1164\" data-end=\"1212\">Vaikuttaa <strong data-start=\"1174\" data-end=\"1192\">karvan sis\u00e4ll\u00e4<\/strong>, ei vain pinnalla<\/p>\n<\/li>\n<li data-start=\"1213\" data-end=\"1262\">\n<p data-start=\"1215\" data-end=\"1262\">Turvallinen pH \u2013 sopii my\u00f6s herkille silmille<\/p>\n<\/li>\n<\/ul>\n<p data-start=\"1264\" data-end=\"1461\">Ihanteellinen valinta <strong data-start=\"1286\" data-end=\"1331\">ammattimaiselle kauneudenhoidon tekij\u00e4lle<\/strong>, joka haluaa tarjota asiakkailleen maksimaalista hoitoa ja turvallisia, laadukkaita tuloksia my\u00f6s toistuvien hoitojen yhteydess\u00e4.<\/p>\n","protected":false},"featured_media":39262,"comment_status":"open","ping_status":"closed","template":"","meta":{"_monsterinsights_skip_tracking":false,"_monsterinsights_sitenote_active":false,"_monsterinsights_sitenote_note":"","_monsterinsights_sitenote_category":0},"product_brand":[],"product_cat":[476,899,517,923,1249,477,516,475],"product_tag":[],"class_list":{"0":"post-39265","1":"product","2":"type-product","3":"status-publish","4":"has-post-thumbnail","6":"product_cat-kulmakarvat","7":"product_cat-emulsiot-fi","8":"product_cat-emulsiot","9":"product_cat-jalkihoito-ja-kosteuttaminen","10":"product_cat-korean-lash-lift-fi","11":"product_cat-kulmien-laminointi","12":"product_cat-lash-lift-fi","13":"product_cat-ripset","14":"pa_brand-noemi-fi","15":"pa_suurus-30-ml-fi","17":"first","18":"outofstock","19":"taxable","20":"shipping-taxable","21":"purchasable","22":"product-type-simple"},"_links":{"self":[{"href":"https:\/\/pomello.ee\/fi\/wp-json\/wp\/v2\/product\/39265","targetHints":{"allow":["GET"]}}],"collection":[{"href":"https:\/\/pomello.ee\/fi\/wp-json\/wp\/v2\/product"}],"about":[{"href":"https:\/\/pomello.ee\/fi\/wp-json\/wp\/v2\/types\/product"}],"replies":[{"embeddable":true,"href":"https:\/\/pomello.ee\/fi\/wp-json\/wp\/v2\/comments?post=39265"}],"wp:featuredmedia":[{"embeddable":true,"href":"https:\/\/pomello.ee\/fi\/wp-json\/wp\/v2\/media\/39262"}],"wp:attachment":[{"href":"https:\/\/pomello.ee\/fi\/wp-json\/wp\/v2\/media?parent=39265"}],"wp:term":[{"taxonomy":"product_brand","embeddable":true,"href":"https:\/\/pomello.ee\/fi\/wp-json\/wp\/v2\/product_brand?post=39265"},{"taxonomy":"product_cat","embeddable":true,"href":"https:\/\/pomello.ee\/fi\/wp-json\/wp\/v2\/product_cat?post=39265"},{"taxonomy":"product_tag","embeddable":true,"href":"https:\/\/pomello.ee\/fi\/wp-json\/wp\/v2\/product_tag?post=39265"}],"curies":[{"name":"wp","href":"https:\/\/api.w.org\/{rel}","templated":true}]}}