{"id":39268,"date":"2025-12-19T17:42:32","date_gmt":"2025-12-19T15:42:32","guid":{"rendered":"https:\/\/pomello.ee\/toode\/mia-lashes-idol-korean-silicone-pads\/"},"modified":"2025-12-19T17:42:32","modified_gmt":"2025-12-19T15:42:32","slug":"mia-lashes-idol-korean-silicone-pads","status":"publish","type":"product","link":"https:\/\/pomello.ee\/fi\/toode\/mia-lashes-idol-korean-silicone-pads\/","title":{"rendered":"MIA Lashes IDOL Korean Silicone Pads"},"content":{"rendered":"","protected":false},"excerpt":{"rendered":"<h3 data-start=\"145\" data-end=\"221\">Mik\u00e4 erottaa IDOL-patchit perinteisist\u00e4 korealaisista silikonityynyist\u00e4?<\/h3>\n<p data-start=\"223\" data-end=\"501\">Perinteisten korealaisten silikonityynyjen suurin haittapuoli on niiden litte\u00e4 muoto. T\u00e4m\u00e4n vuoksi ripset voivat nousta liian jyrk\u00e4sti (jopa 180 asteen kulmaan) tai vaihtoehtoisesti painua alasp\u00e4in, aiheuttaen \u201dpainuneen silm\u00e4luomen\u201d efektin ja tehden ty\u00f6skentelyst\u00e4 ep\u00e4mukavaa.<\/p>\n<p data-start=\"503\" data-end=\"665\"><strong data-start=\"503\" data-end=\"517\">IDOL PATCH<\/strong> on anatomisesti muotoiltu, itseliimautuva silikonityyny, jonka muoto on suunniteltu erityisesti lash lift -ammattilaisten tarpeita silm\u00e4ll\u00e4 pit\u00e4en.<\/p>\n<h3 data-start=\"667\" data-end=\"686\">T\u00e4rkeimm\u00e4t edut<\/h3>\n<ul data-start=\"687\" data-end=\"741\">\n<li data-start=\"687\" data-end=\"741\">\n<p data-start=\"689\" data-end=\"741\">Sopii k\u00e4ytett\u00e4v\u00e4ksi sek\u00e4 <strong data-start=\"714\" data-end=\"739\">yl\u00e4- ett\u00e4 alaluomella<\/strong><\/p>\n<\/li>\n<\/ul>\n<p data-start=\"743\" data-end=\"788\">Tyynyn alaosassa oleva erityinen <strong data-start=\"776\" data-end=\"787\">tukiosa<\/strong>:<\/p>\n<ul data-start=\"789\" data-end=\"1250\">\n<li data-start=\"789\" data-end=\"849\">\n<p data-start=\"791\" data-end=\"849\">Suojaa ripsien tyvialuetta liimalta ja muilta tuotteilta<\/p>\n<\/li>\n<li data-start=\"850\" data-end=\"920\">\n<p data-start=\"852\" data-end=\"920\">Auttaa asettamaan ripset hell\u00e4varaisesti ja luonnolliseen asentoon<\/p>\n<\/li>\n<li data-start=\"922\" data-end=\"1021\">\n<p data-start=\"924\" data-end=\"1021\">Kaareva muoto kompensoi silm\u00e4luomen luonnollista painaumaa, erityisesti alaluomea k\u00e4sitelt\u00e4ess\u00e4<\/p>\n<\/li>\n<li data-start=\"1022\" data-end=\"1099\">\n<p data-start=\"1024\" data-end=\"1099\">Leve\u00e4 ty\u00f6skentelypinta suojaa tehokkaasti silm\u00e4nymp\u00e4rysihoa hoidon aikana<\/p>\n<\/li>\n<li data-start=\"1100\" data-end=\"1169\">\n<p data-start=\"1102\" data-end=\"1169\">Vahva tartuntapinta takaa luotettavan pysyvyyden koko hoidon ajan<\/p>\n<\/li>\n<li data-start=\"1170\" data-end=\"1250\">\n<p data-start=\"1172\" data-end=\"1250\"><strong data-start=\"1172\" data-end=\"1187\">Materiaali:<\/strong> valmistettu korkealaatuisesta platinapohjaisesta silikonista<\/p>\n<\/li>\n<\/ul>\n<p data-start=\"1252\" data-end=\"1401\" data-is-last-node=\"\" data-is-only-node=\"\"><strong data-start=\"1252\" data-end=\"1266\">IDOL PATCH<\/strong> on ihanteellinen valinta ammattilaiselle, joka arvostaa ty\u00f6skentelyn mukavuutta, tarkkuutta ja asiakkaan silmien maksimaalista suojaa.<\/p>\n","protected":false},"featured_media":39056,"comment_status":"open","ping_status":"closed","template":"","meta":{"_monsterinsights_skip_tracking":false,"_monsterinsights_sitenote_active":false,"_monsterinsights_sitenote_note":"","_monsterinsights_sitenote_category":0},"product_brand":[],"product_cat":[475,1249,516,521,972],"product_tag":[],"class_list":{"0":"post-39268","1":"product","2":"type-product","3":"status-publish","4":"has-post-thumbnail","6":"product_cat-ripset","7":"product_cat-korean-lash-lift-fi","8":"product_cat-lash-lift-fi","9":"product_cat-silikonityynyt","10":"product_cat-silikonimuotit-alemmille-ripsille","11":"pa_brand-mia-pro-fi","12":"pa_varv-roosa-fi","14":"first","15":"outofstock","16":"taxable","17":"shipping-taxable","18":"purchasable","19":"product-type-simple"},"_links":{"self":[{"href":"https:\/\/pomello.ee\/fi\/wp-json\/wp\/v2\/product\/39268","targetHints":{"allow":["GET"]}}],"collection":[{"href":"https:\/\/pomello.ee\/fi\/wp-json\/wp\/v2\/product"}],"about":[{"href":"https:\/\/pomello.ee\/fi\/wp-json\/wp\/v2\/types\/product"}],"replies":[{"embeddable":true,"href":"https:\/\/pomello.ee\/fi\/wp-json\/wp\/v2\/comments?post=39268"}],"wp:featuredmedia":[{"embeddable":true,"href":"https:\/\/pomello.ee\/fi\/wp-json\/wp\/v2\/media\/39056"}],"wp:attachment":[{"href":"https:\/\/pomello.ee\/fi\/wp-json\/wp\/v2\/media?parent=39268"}],"wp:term":[{"taxonomy":"product_brand","embeddable":true,"href":"https:\/\/pomello.ee\/fi\/wp-json\/wp\/v2\/product_brand?post=39268"},{"taxonomy":"product_cat","embeddable":true,"href":"https:\/\/pomello.ee\/fi\/wp-json\/wp\/v2\/product_cat?post=39268"},{"taxonomy":"product_tag","embeddable":true,"href":"https:\/\/pomello.ee\/fi\/wp-json\/wp\/v2\/product_tag?post=39268"}],"curies":[{"name":"wp","href":"https:\/\/api.w.org\/{rel}","templated":true}]}}