{"id":39270,"date":"2026-01-12T09:06:51","date_gmt":"2026-01-12T07:06:51","guid":{"rendered":"https:\/\/pomello.ee\/?post_type=product&#038;p=39270"},"modified":"2026-01-12T09:06:51","modified_gmt":"2026-01-12T07:06:51","slug":"mia-pro-lashes-brush-no-2","status":"publish","type":"product","link":"https:\/\/pomello.ee\/fi\/toode\/mia-pro-lashes-brush-no-2\/","title":{"rendered":"MIA Pro Lashes Brush No.2"},"content":{"rendered":"","protected":false},"excerpt":{"rendered":"<h2 data-start=\"136\" data-end=\"166\">MIA PRO LASHES pintsel nr 2<\/h2>\n<p data-start=\"168\" data-end=\"448\"><strong data-start=\"168\" data-end=\"199\">MIA PRO LASHES pintsel nr 2<\/strong> on lameda ja kaldus otsaga professionaalne t\u00f6\u00f6vahend, mis on spetsiaalselt loodud ripsmete liftingu protseduurideks. Pintsel v\u00f5imaldab t\u00e4pselt kanda peale ja eemaldada losjoone, maske ning ripsmev\u00e4rvi, tagades kontrollitud ja puhta t\u00f6\u00f6 igas etapis.<\/p>\n<p data-start=\"450\" data-end=\"694\">Kaldus ots annab maksimaalse kontrolli ja t\u00e4psuse, aidates toodet \u00fchtlaselt jaotada ning liigset kogust eemaldada ilma ripsmeid h\u00e4irimata. T\u00e4nu oma kujule sobib pintsel suurep\u00e4raselt ka <strong data-start=\"636\" data-end=\"693\">v\u00e4ikestel aladel ja silikoonpatjade \u00e4\u00e4res t\u00f6\u00f6tamiseks<\/strong>.<\/p>\n<p data-start=\"696\" data-end=\"876\">Pintsel toetab h\u00fcgieenilist, sujuvat ja professionaalset t\u00f6\u00f6protsessi ning on <strong data-start=\"774\" data-end=\"820\">asendamatu t\u00f6\u00f6vahend igale ripsmetehnikule<\/strong>, kes hindab t\u00e4psust, mugavust ja kvaliteetset tulemust.<\/p>\n<h4 data-start=\"561\" data-end=\"573\">Omadused<\/h4>\n<ul data-start=\"574\" data-end=\"938\">\n<li data-start=\"574\" data-end=\"691\">\n<p data-start=\"576\" data-end=\"691\">Valmistatud <strong data-start=\"588\" data-end=\"638\">kvaliteetsest s\u00fcnteetilisest roosast harjasest<\/strong>, mis s\u00e4ilitab oma kuju ka pikaajalisel kasutamisel<\/p>\n<\/li>\n<li data-start=\"692\" data-end=\"721\">\n<p data-start=\"694\" data-end=\"721\">Harjase pikkus: <strong data-start=\"710\" data-end=\"719\">10 mm<\/strong><\/p>\n<\/li>\n<li data-start=\"722\" data-end=\"756\">\n<p data-start=\"724\" data-end=\"756\">Laius harjase p\u00f5hjas: <strong data-start=\"746\" data-end=\"754\">4 mm<\/strong><\/p>\n<\/li>\n<li data-start=\"757\" data-end=\"788\">\n<p data-start=\"759\" data-end=\"788\">Kaldus otsa laius: <strong data-start=\"778\" data-end=\"786\">2 mm<\/strong><\/p>\n<\/li>\n<li data-start=\"789\" data-end=\"866\">\n<p data-start=\"791\" data-end=\"866\">Sobib ideaalselt <strong data-start=\"808\" data-end=\"864\">t\u00e4pseks t\u00f6\u00f6ks silikoonpatjadel ja detailsetel aladel<\/strong><\/p>\n<\/li>\n<li data-start=\"867\" data-end=\"938\">\n<p data-start=\"869\" data-end=\"938\">Roosa hari ja k\u00e4epide annavad t\u00f6\u00f6vahenditele v\u00e4rske ja stiilse ilme<\/p>\n<\/li>\n<\/ul>\n<h4 data-start=\"940\" data-end=\"954\">Kasutamine<\/h4>\n<ul data-start=\"955\" data-end=\"1083\">\n<li data-start=\"955\" data-end=\"1016\">\n<p data-start=\"957\" data-end=\"1016\">Emulsioonide pealekandmine ja jaotamine ripsmete liftingu ajal<\/p>\n<\/li>\n<li data-start=\"1017\" data-end=\"1045\">\n<p data-start=\"1019\" data-end=\"1045\">Liigse toote eemaldamine<\/p>\n<\/li>\n<li data-start=\"1046\" data-end=\"1083\">\n<p data-start=\"1048\" data-end=\"1083\">T\u00e4ppist\u00f6\u00f6 ripsmev\u00e4rviga<\/p>\n<\/li>\n<\/ul>\n<p data-start=\"1085\" data-end=\"1223\" data-is-last-node=\"\" data-is-only-node=\"\">\ud83d\udc97 <strong data-start=\"1088\" data-end=\"1112\">MIA Pro \u2013 Brush No.2<\/strong> on asendamatu t\u00f6\u00f6vahend professionaalsele ilutegijale, kes hindab t\u00e4psust, kontrolli ja kvaliteetset tulemust.<\/p>\n","protected":false},"featured_media":39272,"comment_status":"open","ping_status":"closed","template":"","meta":{"_monsterinsights_skip_tracking":false,"_monsterinsights_sitenote_active":false,"_monsterinsights_sitenote_note":"","_monsterinsights_sitenote_category":0},"product_brand":[],"product_cat":[209,227,208],"product_tag":[],"class_list":{"0":"post-39270","1":"product","2":"type-product","3":"status-publish","4":"has-post-thumbnail","6":"product_cat-tarvikud-2","7":"product_cat-pintslid","8":"product_cat-tarvikud","9":"pa_brand-mia-pro","11":"first","12":"instock","13":"taxable","14":"shipping-taxable","15":"purchasable","16":"product-type-simple"},"_links":{"self":[{"href":"https:\/\/pomello.ee\/fi\/wp-json\/wp\/v2\/product\/39270","targetHints":{"allow":["GET"]}}],"collection":[{"href":"https:\/\/pomello.ee\/fi\/wp-json\/wp\/v2\/product"}],"about":[{"href":"https:\/\/pomello.ee\/fi\/wp-json\/wp\/v2\/types\/product"}],"replies":[{"embeddable":true,"href":"https:\/\/pomello.ee\/fi\/wp-json\/wp\/v2\/comments?post=39270"}],"wp:featuredmedia":[{"embeddable":true,"href":"https:\/\/pomello.ee\/fi\/wp-json\/wp\/v2\/media\/39272"}],"wp:attachment":[{"href":"https:\/\/pomello.ee\/fi\/wp-json\/wp\/v2\/media?parent=39270"}],"wp:term":[{"taxonomy":"product_brand","embeddable":true,"href":"https:\/\/pomello.ee\/fi\/wp-json\/wp\/v2\/product_brand?post=39270"},{"taxonomy":"product_cat","embeddable":true,"href":"https:\/\/pomello.ee\/fi\/wp-json\/wp\/v2\/product_cat?post=39270"},{"taxonomy":"product_tag","embeddable":true,"href":"https:\/\/pomello.ee\/fi\/wp-json\/wp\/v2\/product_tag?post=39270"}],"curies":[{"name":"wp","href":"https:\/\/api.w.org\/{rel}","templated":true}]}}