{"id":39300,"date":"2026-01-12T09:24:52","date_gmt":"2026-01-12T07:24:52","guid":{"rendered":"https:\/\/pomello.ee\/toode\/mia-pro-lashes-brush-no-3\/"},"modified":"2026-01-12T09:24:52","modified_gmt":"2026-01-12T07:24:52","slug":"mia-pro-lashes-brush-no-3","status":"publish","type":"product","link":"https:\/\/pomello.ee\/fi\/toode\/mia-pro-lashes-brush-no-3\/","title":{"rendered":"MIA PRO Lashes Brush No.3\u00a0"},"content":{"rendered":"","protected":false},"excerpt":{"rendered":"<h2 data-start=\"106\" data-end=\"135\">MIA PRO Lashes Brush No. 3<\/h2>\n<p data-start=\"137\" data-end=\"504\"><strong data-start=\"137\" data-end=\"167\">MIA PRO Lashes Brush No. 3<\/strong> on laadukas ja monik\u00e4ytt\u00f6inen viistok\u00e4rkinen sivellin, joka on suunniteltu tarkkaan ja hallittuun ty\u00f6skentelyyn ripsien ja kulmien hoidoissa. Sivellin soveltuu erinomaisesti kulmav\u00e4rin levitt\u00e4miseen, mutta on yht\u00e4 k\u00e4yt\u00e4nn\u00f6llinen my\u00f6s emulsioiden poistoon sek\u00e4 ripsiv\u00e4rin tai seerumien levitykseen ripsien ja kulmien k\u00e4sittelyjen aikana.<\/p>\n<p data-start=\"506\" data-end=\"647\">Viistomuoto mahdollistaa <strong data-start=\"531\" data-end=\"572\">maksimaalisen hallinnan ja tarkkuuden<\/strong>, auttaen saavuttamaan siistin, huolitellun ja ammattimaisen lopputuloksen.<\/p>\n<h3 data-start=\"649\" data-end=\"665\">Ominaisuudet<\/h3>\n<ul data-start=\"666\" data-end=\"1028\">\n<li data-start=\"666\" data-end=\"767\">\n<p data-start=\"668\" data-end=\"767\"><strong data-start=\"668\" data-end=\"693\">Viistok\u00e4rkinen harjas<\/strong> takaa tarkan hallinnan v\u00e4rin levityksess\u00e4 ja yksityiskohtaisessa ty\u00f6ss\u00e4<\/p>\n<\/li>\n<li data-start=\"768\" data-end=\"868\">\n<p data-start=\"770\" data-end=\"868\"><strong data-start=\"770\" data-end=\"812\">Synteettiset vaaleanpunaiset harjakset<\/strong>, jotka s\u00e4ilytt\u00e4v\u00e4t muotonsa my\u00f6s toistuvassa k\u00e4yt\u00f6ss\u00e4<\/p>\n<\/li>\n<li data-start=\"869\" data-end=\"942\">\n<p data-start=\"871\" data-end=\"942\"><strong data-start=\"871\" data-end=\"892\">Ergonominen varsi<\/strong>, joka tarjoaa mukavan otteen ja hyv\u00e4n hallinnan<\/p>\n<\/li>\n<li data-start=\"943\" data-end=\"1028\">\n<p data-start=\"945\" data-end=\"1028\">Soveltuu sek\u00e4 tuotteiden levitt\u00e4miseen ett\u00e4 ylim\u00e4\u00e4r\u00e4isten tuotteiden poistamiseen<\/p>\n<\/li>\n<\/ul>\n<h3 data-start=\"1030\" data-end=\"1040\">K\u00e4ytt\u00f6<\/h3>\n<ul data-start=\"1041\" data-end=\"1200\">\n<li data-start=\"1041\" data-end=\"1089\">\n<p data-start=\"1043\" data-end=\"1089\">Kulmien v\u00e4rj\u00e4ys ja muodon tarkka viimeistely<\/p>\n<\/li>\n<li data-start=\"1090\" data-end=\"1130\">\n<p data-start=\"1092\" data-end=\"1130\">Ripsiv\u00e4rin ja seerumien levitt\u00e4minen<\/p>\n<\/li>\n<li data-start=\"1131\" data-end=\"1200\">\n<p data-start=\"1133\" data-end=\"1200\">Emulsioiden ja ylim\u00e4\u00e4r\u00e4isten tuotteiden poistaminen hoidon aikana<\/p>\n<\/li>\n<\/ul>\n<p data-start=\"1202\" data-end=\"1376\" data-is-last-node=\"\" data-is-only-node=\"\">\u2728 <strong data-start=\"1204\" data-end=\"1234\">MIA PRO Lashes Brush No. 3<\/strong> on korvaamaton ty\u00f6v\u00e4line jokaiselle ripsi- ja kulma-ammattilaiselle, joka arvostaa tarkkuutta, monipuolisuutta ja ammattimaista lopputulosta.<\/p>\n","protected":false},"featured_media":39292,"comment_status":"open","ping_status":"closed","template":"","meta":{"_monsterinsights_skip_tracking":false,"_monsterinsights_sitenote_active":false,"_monsterinsights_sitenote_note":"","_monsterinsights_sitenote_category":0},"product_brand":[],"product_cat":[544,563,540],"product_tag":[],"class_list":{"0":"post-39300","1":"product","2":"type-product","3":"status-publish","4":"has-post-thumbnail","6":"product_cat-tarvikkeet-fi","7":"product_cat-siveltimet","8":"product_cat-tarvikkeet","9":"pa_brand-mia-pro-fi","11":"first","12":"instock","13":"taxable","14":"shipping-taxable","15":"purchasable","16":"product-type-simple"},"_links":{"self":[{"href":"https:\/\/pomello.ee\/fi\/wp-json\/wp\/v2\/product\/39300","targetHints":{"allow":["GET"]}}],"collection":[{"href":"https:\/\/pomello.ee\/fi\/wp-json\/wp\/v2\/product"}],"about":[{"href":"https:\/\/pomello.ee\/fi\/wp-json\/wp\/v2\/types\/product"}],"replies":[{"embeddable":true,"href":"https:\/\/pomello.ee\/fi\/wp-json\/wp\/v2\/comments?post=39300"}],"wp:featuredmedia":[{"embeddable":true,"href":"https:\/\/pomello.ee\/fi\/wp-json\/wp\/v2\/media\/39292"}],"wp:attachment":[{"href":"https:\/\/pomello.ee\/fi\/wp-json\/wp\/v2\/media?parent=39300"}],"wp:term":[{"taxonomy":"product_brand","embeddable":true,"href":"https:\/\/pomello.ee\/fi\/wp-json\/wp\/v2\/product_brand?post=39300"},{"taxonomy":"product_cat","embeddable":true,"href":"https:\/\/pomello.ee\/fi\/wp-json\/wp\/v2\/product_cat?post=39300"},{"taxonomy":"product_tag","embeddable":true,"href":"https:\/\/pomello.ee\/fi\/wp-json\/wp\/v2\/product_tag?post=39300"}],"curies":[{"name":"wp","href":"https:\/\/api.w.org\/{rel}","templated":true}]}}